{"id":12881,"date":"2013-12-19T10:02:33","date_gmt":"2013-12-19T10:02:33","guid":{"rendered":"http:\/\/asile.ch\/wp\/?page_id=12881"},"modified":"2026-02-16T12:03:44","modified_gmt":"2026-02-16T11:03:44","slug":"comptoir-des-medias","status":"publish","type":"page","link":"https:\/\/asile.ch\/de\/comptoir-des-medias\/","title":{"rendered":"Medienportal"},"content":{"rendered":"\n<h1 class=\"wp-block-heading\">Le Comptoir des m\u00e9dias<\/h1>\n\n\n\n<div class=\"wp-block-columns is-layout-flex wp-container-core-columns-is-layout-9d6595d7 wp-block-columns-is-layout-flex\">\n<div class=\"wp-block-column is-layout-flow wp-block-column-is-layout-flow\">\n<p><span class=\"accroche\"><strong>Cr\u00e9\u00e9 en 2013, le Comptoir des m\u00e9dias <\/strong>est un projet d&rsquo;action et de sensibilisation aux questions d&rsquo;asile et de migration destin\u00e9 aux m\u00e9dias romands. Nous favorisons un traitement diversifi\u00e9 et objectif des informations li\u00e9es \u00e0 l&rsquo;asile dans les m\u00e9dias afin de r\u00e9duire les pr\u00e9jug\u00e9s \u00e0 l&rsquo;encontre de la population migrante.<\/span><\/p>\n<\/div>\n<\/div>\n\n\n<div class=\"my-8 c-block c-block-HeroSlider\">\n\n            <div class=\"c-HeroSlider js-carousel \" data-flickity='{ \"autoPlay\": 7000, \"wrapAround\": true, \"fade\":true }'>\n            \n                                                <a href=\"https:\/\/asile.ch\/de\/2026\/04\/27\/point-presse-05-05%ef%bd%9cencourager-et-exiger-lintegration-une-notion-ambivalente\/\"\n    class=\"block w-full h-full bg-center bg-cover c-HeroSlide js-carouselItem js-bgImg is-comptoir-tax\">\n     <img decoding=\"async\" src=\"https:\/\/asile.ch\/wp-content\/uploads\/2026\/04\/jon-tyson-PXB7yEM5LVs-unsplash-scaled-e1777291747273-1280x840.jpg\"  alt=\"\" class=\"object-cover w-full hidden\">\n    <div class=\"flex h-full \">\n        <div class=\"bg-white c-card-content\">\n            <div class=\"c-card-content-inner\">\n            <div class=\"\">\n                <span class=\"text-sm text-black no-underline border-b-4 flex-start link-color\">Comptoir<\/span>\n            <\/div>\n            <div class=\"c-card-title\">Point presse\uff5cInt\u00e9gration : entre exigences accrues, r\u00e9alit\u00e9s du terrain et contraintes budg\u00e9taires<\/div>  <\/div>\n        <\/div>\n    <\/div>\n<\/a>\n                                    <a href=\"https:\/\/asile.ch\/de\/2026\/04\/17\/dans-les-coulisses-de-notre-veille-mediatique-2025\/\"\n    class=\"block w-full h-full bg-center bg-cover c-HeroSlide js-carouselItem js-bgImg is-comptoir-tax\">\n     <img decoding=\"async\" src=\"https:\/\/asile.ch\/wp-content\/uploads\/2026\/04\/pexels-suzyhazelwood-3866816-1280x840.jpg\"  alt=\"\" class=\"object-cover w-full hidden\">\n    <div class=\"flex h-full \">\n        <div class=\"bg-white c-card-content\">\n            <div class=\"c-card-content-inner\">\n            <div class=\"\">\n                <span class=\"text-sm text-black no-underline border-b-4 flex-start link-color\">Comptoir<\/span>\n            <\/div>\n            <div class=\"c-card-title\">Dans les coulisses de notre veille m\u00e9diatique 2025<\/div>  <\/div>\n        <\/div>\n    <\/div>\n<\/a>\n                                    <a href=\"https:\/\/asile.ch\/de\/2026\/02\/12\/nccr-le-recit-mediatique-sur-les-crises-aux-frontieres-les-cas-de-melilla-et-lampedusa\/\"\n    class=\"block w-full h-full bg-center bg-cover c-HeroSlide js-carouselItem js-bgImg is-comptoir-tax\">\n     <img decoding=\"async\" src=\"https:\/\/asile.ch\/wp-content\/uploads\/2026\/02\/pexels-gaza-9932963-1280x840.jpg\"  alt=\"\" class=\"object-cover w-full hidden\">\n    <div class=\"flex h-full \">\n        <div class=\"bg-white c-card-content\">\n            <div class=\"c-card-content-inner\">\n            <div class=\"\">\n                <span class=\"text-sm text-black no-underline border-b-4 flex-start link-color\">Comptoir<\/span>\n            <\/div>\n            <div class=\"c-card-title\">NCCR | Le r\u00e9cit m\u00e9diatique sur les \u00ab\u00a0crises\u00a0\u00bb aux fronti\u00e8res : les cas de Melilla et Lampedusa<\/div>  <\/div>\n        <\/div>\n    <\/div>\n<\/a>\n                                    <a href=\"https:\/\/asile.ch\/de\/2025\/12\/10\/point-presse-24-11%ef%bd%9cpenurie-de-main-doeuvre-et-ralentissement-demographique-la-suisse-peut-elle-se-passer-de-limmigration\/\"\n    class=\"block w-full h-full bg-center bg-cover c-HeroSlide js-carouselItem js-bgImg is-comptoir-tax\">\n     <img decoding=\"async\" src=\"https:\/\/asile.ch\/wp-content\/uploads\/2025\/11\/rafael-as-martins-ZsALpTRPyh4-unsplash-1280x840.jpg\"  alt=\"\" class=\"object-cover w-full hidden\">\n    <div class=\"flex h-full \">\n        <div class=\"bg-white c-card-content\">\n            <div class=\"c-card-content-inner\">\n            <div class=\"\">\n                <span class=\"text-sm text-black no-underline border-b-4 flex-start link-color\">Comptoir<\/span>\n            <\/div>\n            <div class=\"c-card-title\">Session parlementaire\uff5cP\u00e9nurie de main-d\u2019\u0153uvre et ralentissement d\u00e9mographique: la Suisse peut-elle se passer de l\u2019immigration? [25.026]<\/div>  <\/div>\n        <\/div>\n    <\/div>\n<\/a>\n                                    <a href=\"https:\/\/asile.ch\/de\/2025\/11\/24\/semaine-des-medias-a-lecole-inscriptions-ouvertes\/\"\n    class=\"block w-full h-full bg-center bg-cover c-HeroSlide js-carouselItem js-bgImg is-comptoir-tax\">\n     <img decoding=\"async\" src=\"https:\/\/asile.ch\/wp-content\/uploads\/2025\/11\/technology-3353701_1280-1280x840.jpg\"  alt=\"\" class=\"object-cover w-full hidden\">\n    <div class=\"flex h-full \">\n        <div class=\"bg-white c-card-content\">\n            <div class=\"c-card-content-inner\">\n            <div class=\"\">\n                <span class=\"text-sm text-black no-underline border-b-4 flex-start link-color\">Comptoir<\/span>\n            <\/div>\n            <div class=\"c-card-title\">Semaine des m\u00e9dias \u00e0 l&rsquo;\u00e9cole | Inscriptions ouvertes<\/div>  <\/div>\n        <\/div>\n    <\/div>\n<\/a>\n                                    <a href=\"https:\/\/asile.ch\/de\/2025\/10\/23\/decryptage-nombre-de-personnes-refugiees-et-capacites-dhebergement-cantonales\/\"\n    class=\"block w-full h-full bg-center bg-cover c-HeroSlide js-carouselItem js-bgImg is-comptoir-tax\">\n     <img decoding=\"async\" src=\"https:\/\/asile.ch\/wp-content\/uploads\/2025\/10\/markus-krisetya-Vkp9wg-VAsQ-unsplash-1280x840.jpg\"  alt=\"\" class=\"object-cover w-full hidden\">\n    <div class=\"flex h-full \">\n        <div class=\"bg-white c-card-content\">\n            <div class=\"c-card-content-inner\">\n            <div class=\"\">\n                <span class=\"text-sm text-black no-underline border-b-4 flex-start link-color\">Comptoir<\/span>\n            <\/div>\n            <div class=\"c-card-title\">D\u00e9cryptage | Nombre de personnes r\u00e9fugi\u00e9es et capacit\u00e9s d\u2019h\u00e9bergement cantonales<\/div>  <\/div>\n        <\/div>\n    <\/div>\n<\/a>\n                                    <\/div>\n\n    <\/div>\n\n\n\n<div class=\"wp-block-columns is-layout-flex wp-container-core-columns-is-layout-9d6595d7 wp-block-columns-is-layout-flex\">\n<div class=\"wp-block-column is-layout-flow wp-block-column-is-layout-flow\" style=\"flex-basis:100%\">\n<p><span class=\"commentaire\">Nous luttons \u00e0 notre \u00e9chelle contre les informations erron\u00e9es sur l&rsquo;asile et les migrations en effectuant une veille m\u00e9diatique, en proposant des formations aux r\u00e9dactions et journalistes, et en publiant des d\u00e9cryptages th\u00e9matiques. Vous avez lu un article avec des informations erron\u00e9es ou d\u00e9form\u00e9es? Signalez-le nous \u00e0 &#x6d;&#101;d&#x69;&#x61;&#64;a&#x73;&#x69;&#108;e&#x2e;&#x63;&#104; . Vous \u00eates journalistes et \u00e0 la recherche de personnes \u00e0 interviewer? <a href=\"&#x6d;a&#x69;&#108;t&#x6f;&#58;&#x65;&#x6c;o&#x64;&#105;e&#x2e;&#102;&#x65;&#105;j&#x6f;&#111;&#64;&#x61;&#115;&#x69;&#108;e&#x2e;&#99;&#x68;\" data-type=\"mailto\" data-id=\"&#x6d;a&#x69;l&#x74;&#111;&#x3a;&#101;l&#x6f;d&#x69;&#101;&#x2e;&#102;&#x65;&#105;j&#x6f;o&#x40;&#97;&#x73;&#105;&#x6c;&#x65;&#46;&#x63;h\">Ecrivez-nous<\/a>, nous mettons \u00e0 votre disposition une liste de personnes pr\u00eates \u00e0 vous r\u00e9pondre.<\/span><\/p>\n<\/div>\n<\/div>\n\n\n<section id=\"related-content-block-action-block_97ac9e2d0e36ec8157788e359d9fbe77\"\n    class=\"c-block c-block--featured  has-comptoir-border c-block--card c-block-- \">\n    <div class=\"c-block-title  has-comptoir-border\">\n        <div class=\"c-block-title--label\">Les podcasts du comptoir<\/div>\n        \n        \n        <a class=\"c-block-title--link link-color\" href=\"https:\/\/asile.ch\/recherche\/?_sft_ve_action=comptoir&amp;_sft_post_tag=podcast-comptoir\">Voir plus<\/a>\n\n    <\/div>\n    <div class=\"flex flex-wrap -mx-4\">\n                                                                \n                                    <div class=\"px-4 mb-8  w-full md:w-1\/2 lg:w-1\/3 xl:w-1\/4 \">\n                        <article class=\"c-card post-61371 post type-post status-publish format-standard has-post-thumbnail hentry category-actualites category-documentation category-comptoir-des-medias category-medias-et-prejuges-documentation tag-comptoir tag-medias tag-podcast-comptoir tag-prejuge pays-suisse ve_type-vivre-ensemble-dans-les-medias ve_action-comptoir\">\n  <a href=\"https:\/\/asile.ch\/de\/2020\/11\/17\/radio-cite-geneve-sengage-pour-la-sensibilisation-des-medias\/\" class=\"c-card-link\">\n    <div class=\"c-card-image\">\n      <img decoding=\"async\" src=\"https:\/\/asile.ch\/wp-content\/uploads\/2020\/11\/Flyer-formation-CFJM-1-640x420.jpg\"  alt=\"\">\n      <div class=\"c-card-type       is-comptoir-tax\n             \">\n\n                          Comptoir\n                \n      <\/div>\n    <\/div>\n\n    <h2 class=\"c-card-title\">\n        Radio Cit\u00e9 | Gen\u00e8ve s&rsquo;engage pour la sensibilisation des m\u00e9dias\n    <\/h2>\n    <div class=\"c-card-meta\">\n      17 November 2020\n    <\/div>\n  <\/a>\n<\/article>\n                    <\/div>\n                                                            \n                                    <div class=\"px-4 mb-8  w-full md:w-1\/2 lg:w-1\/3 xl:w-1\/4 \">\n                        <article class=\"c-card post-53943 post type-post status-publish format-standard hentry category-actualites category-decryptages-thematiques category-comptoir-des-medias tag-comptoir tag-decryptages-medias tag-logement tag-medias tag-notre-regard tag-podcast-comptoir pays-suisse ve_type-doc-web-radio-video ve_action-comptoir\">\n  <a href=\"https:\/\/asile.ch\/de\/2019\/09\/08\/radio-django-quelle-politique-de-logement-pour-les-refugies\/\" class=\"c-card-link\">\n    <div class=\"c-card-image\">\n      <img decoding=\"async\" src=\"https:\/\/asile.ch\/wp-content\/uploads\/2015\/02\/dessin-hebergement1-300x200.jpg\" alt=\"\">\n      <div class=\"c-card-type       is-comptoir-tax\n             \">\n\n                          Comptoir\n                \n      <\/div>\n    <\/div>\n\n    <h2 class=\"c-card-title\">\n        Radio Django | Quelle politique de logement pour les r\u00e9fugi\u00e9s?\n    <\/h2>\n    <div class=\"c-card-meta\">\n      8 September 2019\n    <\/div>\n  <\/a>\n<\/article>\n                    <\/div>\n                                                            \n                                    <div class=\"px-4 mb-8  w-full md:w-1\/2 lg:w-1\/3 xl:w-1\/4 \">\n                        <article class=\"c-card post-53568 post type-post status-publish format-standard hentry category-actualites category-documentation category-comptoir-des-medias category-medias-et-prejuges-documentation category-publications tag-comptoir tag-discrimination tag-femmes tag-medias tag-notre-regard tag-podcast-comptoir pays-suisse ve_type-doc-web-radio-video ve_action-comptoir\">\n  <a href=\"https:\/\/asile.ch\/de\/2019\/06\/14\/radio-django-femmes-et-migration-dans-les-medias-romands\/\" class=\"c-card-link\">\n    <div class=\"c-card-image\">\n      <img decoding=\"async\" src=\"https:\/\/asile.ch\/wp-content\/uploads\/2019\/06\/logo_gre\u0300ve_femmes-300x169.png\" alt=\"\">\n      <div class=\"c-card-type       is-comptoir-tax\n             \">\n\n                          Comptoir\n                \n      <\/div>\n    <\/div>\n\n    <h2 class=\"c-card-title\">\n        Radio Django | Femmes et migration dans les m\u00e9dias romands\n    <\/h2>\n    <div class=\"c-card-meta\">\n      14 Juni 2019\n    <\/div>\n  <\/a>\n<\/article>\n                    <\/div>\n                                                <\/div><!-- \/ container -->\n\n<\/section>\n\n\n<section id=\"publication-block-block_560c264c7fd516fb21ca3b2e28506cea\"\n    class=\"c-block c-block--publication c-block-- \">\n    <div class=\"c-block-title  has-comptoir-border\">\n        <div class=\"c-block-title--label\">Publications<\/div>\n                    <\/div>\n    <div class=\"flex flex-wrap -mx-2 \">\n\n                                                \n                \n                                    <div class=\"w-full px-2 \">\n                        <article class=\"c-card-list c-card-publication c-card-publication-list post-78590 publication type-publication status-publish has-post-thumbnail hentry\">\n    <a href=\"https:\/\/asile.ch\/de\/publication\/le-memots\/\" class=\"c-card-link\">\n      <div class=\"c-card-image\">\n        <img decoding=\"async\" src=\"https:\/\/asile.ch\/wp-content\/uploads\/2021\/09\/brochure-asile2017_web_final-510x720.jpg\"  alt=\"\" class=\"\">\n      <\/div>\n      <div class=\"c-card-content\">\n        <h2 class=\"c-card-title\">\n          Le M\u00e9mo[ts]\n        <\/h2>\n        <div class=\"c-card-extrait\">\n          \nManuel-glossaire\u00a0distribu\u00e9 \u00e0 l\u2019ensemble de la presse romande, le \u00a0M\u00e9mo[ts] \u00e0 l\u2019intention des journalistes pour parler d\u2019asile et de migrations\u00a0a \u00e9t\u00e9 con\u00e7u et \u00e9labor\u00e9 comme un outil pour les professionnels de l\u2019information.\n       <\/div>\n      <\/div>\n\n    <\/a>\n  <\/article>\n                    <\/div>\n                \n\n                    \n\n            <\/div><!-- \/ container -->\n\n<\/section>\n\n\n\n<div class=\"wp-block-columns is-layout-flex wp-container-core-columns-is-layout-9d6595d7 wp-block-columns-is-layout-flex\">\n<div class=\"wp-block-column is-layout-flow wp-block-column-is-layout-flow\" style=\"flex-basis:100%\"><div\n    class=\"c-block--box  is-box--comptoir\">\n    <div class=\"c-block--box-inner\">\n        \n\n<h2 class=\"wp-block-heading\"> Nos publics sont pluriels, nous nous adressons :<\/h2>\n\n\n\n<div class=\"wp-block-columns is-layout-flex wp-container-core-columns-is-layout-9d6595d7 wp-block-columns-is-layout-flex\">\n<div class=\"wp-block-column is-layout-flow wp-block-column-is-layout-flow\">\n<p><meta charset=\"utf-8\"><span class=\"commentaire\"><strong>Aux journalistes<\/strong>, nous proposons des outils didactiques, des formations, des d\u00e9cryptages, de la documentation et des contacts de terrain. <\/span><\/p>\n<\/div>\n\n\n\n<div class=\"wp-block-column is-layout-flow wp-block-column-is-layout-flow\">\n<p><meta charset=\"utf-8\"><span class=\"commentaire\"><strong>Au grand public<\/strong> en probl\u00e9matisant le traitement des th\u00e9matiques de l&rsquo;asile par les m\u00e9dias, en outillant les personnes int\u00e9ress\u00e9es \u00e0 l&rsquo;interaction constructive avec le monde m\u00e9diatique.<\/span><\/p>\n<\/div>\n\n\n\n<div class=\"wp-block-column is-layout-flow wp-block-column-is-layout-flow\">\n<p><meta charset=\"utf-8\"><span class=\"commentaire\"><strong>Aux jeunes<\/strong> en intervenant dans les classes du secondaire II \u00e0 Gen\u00e8ve<\/span><\/p>\n<\/div>\n<\/div>\n\n\n\n<div class=\"wp-block-buttons is-layout-flex wp-block-buttons-is-layout-flex\">\n<div class=\"wp-block-button has-custom-width wp-block-button__width-50 is-style-outline is-style-outline--1\"><a class=\"wp-block-button__link has-noir-color has-text-color wp-element-button\" href=\"https:\/\/asile.ch\/journalistes\/\" target=\"_blank\" rel=\"noreferrer noopener\">Vous \u00eates journaliste?<\/a><\/div>\n\n\n\n<div class=\"wp-block-button has-custom-width wp-block-button__width-50 is-style-outline is-style-outline--2\"><a class=\"wp-block-button__link has-noir-color has-text-color wp-element-button\" href=\"https:\/\/asile.ch\/sensibilisation-et-formation-sur-lasile-et-les-migrations\/\" target=\"_blank\" rel=\"noreferrer noopener\">Vous \u00eates enseignant\u00b7e?<\/a><\/div>\n<\/div>\n\n\n    <\/div>\n<\/div>\n<\/div>\n<\/div>\n\n\n<section id=\"block_1f354c326de68aaf6dfc5feead24022a\" class=\"c-block c-accordion \">\n    <div class=\"c-accordion-title py-4 !mb-0 \">Nos soutiens\n    <span class=\"c-accordion-indicator\">+<\/span><\/div>\n    <div class=\"c-accordion-panel\">\n        <div class=\"c-accordion-panel-inner\">\n            \n<section id=\"block_7c6b31fdf5958d7c69442abc35cd4548\" class=\"my-8 c-block--logos\">\n                <p>Depuis plusieurs ann\u00e9es, des partenaires priv\u00e9s et publics nous font confiance et soutiennent notre action. En 2025, ils et elles nous soutiennent.<\/p>\n    \n    <div class=\"flex flex-wrap justify-start md:-mx-4\">\n\n        \n        <div class=\"flex flex-col items-center w-1\/2 px-4 py-4 md:py-16 md:px-8 md:w-1\/3 lg:w-1\/4 xl:w-1\/6\">\n             <a href=\"www.vd.ch\" target=\"_blank\">              <img decoding=\"async\" src=\"https:\/\/asile.ch\/wp-content\/uploads\/2023\/07\/csm_vd_soutien_sponsoring_positif_500px_8bc6b329c6.png\" alt=\"\" class=\"\"\/>                          <\/a>         <\/div>\n        \n        <div class=\"flex flex-col items-center w-1\/2 px-4 py-4 md:py-16 md:px-8 md:w-1\/3 lg:w-1\/4 xl:w-1\/6\">\n                         <img decoding=\"async\" src=\"https:\/\/asile.ch\/wp-content\/uploads\/2024\/02\/SASoc.png\" alt=\"\" class=\"\"\/>                                 <\/div>\n        \n        <div class=\"flex flex-col items-center w-1\/2 px-4 py-4 md:py-16 md:px-8 md:w-1\/3 lg:w-1\/4 xl:w-1\/6\">\n                         <img decoding=\"async\" src=\"https:\/\/asile.ch\/wp-content\/uploads\/2024\/03\/Logo-IMR-v2.jpg\" alt=\"\" class=\"\"\/>                                 <\/div>\n        \n        <div class=\"flex flex-col items-center w-1\/2 px-4 py-4 md:py-16 md:px-8 md:w-1\/3 lg:w-1\/4 xl:w-1\/6\">\n                         <img decoding=\"async\" src=\"https:\/\/asile.ch\/wp-content\/uploads\/2024\/02\/Confederation.png\" alt=\"\" class=\"\"\/>                                 <\/div>\n        \n        <div class=\"flex flex-col items-center w-1\/2 px-4 py-4 md:py-16 md:px-8 md:w-1\/3 lg:w-1\/4 xl:w-1\/6\">\n                         <img decoding=\"async\" src=\"https:\/\/asile.ch\/wp-content\/uploads\/2025\/05\/logo_ekm_hoch_F.jpg\" alt=\"\" class=\"\"\/>                                 <\/div>\n        \n        <div class=\"flex flex-col items-center w-1\/2 px-4 py-4 md:py-16 md:px-8 md:w-1\/3 lg:w-1\/4 xl:w-1\/6\">\n                         <img decoding=\"async\" src=\"https:\/\/asile.ch\/wp-content\/uploads\/2025\/05\/Logo-Nouveau-Nous_F.jpg\" alt=\"\" class=\"\"\/>                                 <\/div>\n        \n        <div class=\"flex flex-col items-center w-1\/2 px-4 py-4 md:py-16 md:px-8 md:w-1\/3 lg:w-1\/4 xl:w-1\/6\">\n                         <img decoding=\"async\" src=\"https:\/\/asile.ch\/wp-content\/uploads\/2024\/02\/canton.png\" alt=\"\" class=\"\"\/>                                 <\/div>\n        \n        <div class=\"flex flex-col items-center w-1\/2 px-4 py-4 md:py-16 md:px-8 md:w-1\/3 lg:w-1\/4 xl:w-1\/6\">\n                         <img decoding=\"async\" src=\"https:\/\/asile.ch\/wp-content\/uploads\/2021\/08\/Logo_PIC-II_GE_FR_CMYK-1.jpg\" alt=\"\" class=\"\"\/>                                 <\/div>\n        \n        <div class=\"flex flex-col items-center w-1\/2 px-4 py-4 md:py-16 md:px-8 md:w-1\/3 lg:w-1\/4 xl:w-1\/6\">\n                         <img decoding=\"async\" src=\"https:\/\/asile.ch\/wp-content\/uploads\/2024\/02\/ville-GE.png\" alt=\"\" class=\"\"\/>                                 <\/div>\n        \n        <div class=\"flex flex-col items-center w-1\/2 px-4 py-4 md:py-16 md:px-8 md:w-1\/3 lg:w-1\/4 xl:w-1\/6\">\n                         <img decoding=\"async\" src=\"https:\/\/asile.ch\/wp-content\/uploads\/2024\/02\/CSP-GE.png\" alt=\"\" class=\"\"\/>                                 <\/div>\n        \n        <div class=\"flex flex-col items-center w-1\/2 px-4 py-4 md:py-16 md:px-8 md:w-1\/3 lg:w-1\/4 xl:w-1\/6\">\n                         <img decoding=\"async\" src=\"https:\/\/asile.ch\/wp-content\/uploads\/2024\/02\/nccr.png\" alt=\"\" class=\"\"\/>                                 <\/div>\n            <\/div>\n\n<\/section>\n\n\n<section id=\"block_135512cf2975542b29c12f1b65287ea1\" class=\"my-8 c-block--logos\">\n            <h3 class=\"c-block-title\">Ils et elles nous ont soutenu\u00b7es par le pass\u00e9<\/h3>\n        \n    <div class=\"flex flex-wrap justify-start md:-mx-4\">\n\n        \n        <div class=\"flex flex-col items-center w-1\/2 px-4 py-4 md:py-16 md:px-8 md:w-1\/3 lg:w-1\/4 xl:w-1\/6\">\n                         <img decoding=\"async\" src=\"https:\/\/asile.ch\/wp-content\/uploads\/2021\/08\/Screenshot-2021-08-12-at-12-04-13-Demandes-de-soutien-SGG.png\" alt=\"\" class=\"\"\/>                                 <\/div>\n        \n        <div class=\"flex flex-col items-center w-1\/2 px-4 py-4 md:py-16 md:px-8 md:w-1\/3 lg:w-1\/4 xl:w-1\/6\">\n                         <img decoding=\"async\" src=\"https:\/\/asile.ch\/wp-content\/uploads\/2023\/07\/06ne.ch_RVB.jpg\" alt=\"\" class=\"\"\/>                                 <\/div>\n        \n        <div class=\"flex flex-col items-center w-1\/2 px-4 py-4 md:py-16 md:px-8 md:w-1\/3 lg:w-1\/4 xl:w-1\/6\">\n                         <img decoding=\"async\" src=\"https:\/\/asile.ch\/wp-content\/uploads\/2021\/08\/stopexclusion.png\" alt=\"\" class=\"\"\/>                                 <\/div>\n        \n        <div class=\"flex flex-col items-center w-1\/2 px-4 py-4 md:py-16 md:px-8 md:w-1\/3 lg:w-1\/4 xl:w-1\/6\">\n                         <img decoding=\"async\" src=\"https:\/\/asile.ch\/wp-content\/uploads\/2023\/07\/Logo-en-couleur_positif.png\" alt=\"\" class=\"\"\/>                                 <\/div>\n            <\/div>\n\n<\/section>\n\n\n        <\/div>\n    <\/div>\n<\/section>\n\n\n\n<div class=\"wp-block-columns is-layout-flex wp-container-core-columns-is-layout-9d6595d7 wp-block-columns-is-layout-flex\">\n<div class=\"wp-block-column is-layout-flow wp-block-column-is-layout-flow\"><\/div>\n<\/div>\n\n\n\n<p><\/p>\n","protected":false},"excerpt":{"rendered":"<p>Le Comptoir des m\u00e9dias Cr\u00e9\u00e9 en 2013, le Comptoir des m\u00e9dias est un projet d&rsquo;action et de sensibilisation aux questions d&rsquo;asile et de migration destin\u00e9 aux m\u00e9dias romands. Nous favorisons un traitement diversifi\u00e9 et objectif des informations li\u00e9es \u00e0 l&rsquo;asile dans les m\u00e9dias afin de r\u00e9duire les pr\u00e9jug\u00e9s \u00e0 l&rsquo;encontre de la population migrante. Nous &hellip; <a href=\"https:\/\/asile.ch\/de\/comptoir-des-medias\/\">Continued<\/a><\/p>","protected":false},"author":5,"featured_media":0,"parent":0,"menu_order":0,"comment_status":"closed","ping_status":"closed","template":"","meta":{"_acf_changed":false,"footnotes":""},"class_list":["post-12881","page","type-page","status-publish","hentry"],"acf":[],"_links":{"self":[{"href":"https:\/\/asile.ch\/de\/wp-json\/wp\/v2\/pages\/12881","targetHints":{"allow":["GET"]}}],"collection":[{"href":"https:\/\/asile.ch\/de\/wp-json\/wp\/v2\/pages"}],"about":[{"href":"https:\/\/asile.ch\/de\/wp-json\/wp\/v2\/types\/page"}],"author":[{"embeddable":true,"href":"https:\/\/asile.ch\/de\/wp-json\/wp\/v2\/users\/5"}],"replies":[{"embeddable":true,"href":"https:\/\/asile.ch\/de\/wp-json\/wp\/v2\/comments?post=12881"}],"version-history":[{"count":10,"href":"https:\/\/asile.ch\/de\/wp-json\/wp\/v2\/pages\/12881\/revisions"}],"predecessor-version":[{"id":107830,"href":"https:\/\/asile.ch\/de\/wp-json\/wp\/v2\/pages\/12881\/revisions\/107830"}],"wp:attachment":[{"href":"https:\/\/asile.ch\/de\/wp-json\/wp\/v2\/media?parent=12881"}],"curies":[{"name":"wp","href":"https:\/\/api.w.org\/{rel}","templated":true}]}}