{"id":6158,"date":"2012-11-19T20:55:15","date_gmt":"2012-11-19T19:55:15","guid":{"rendered":"http:\/\/asile.ch\/wp\/?page_id=6158"},"modified":"2025-02-13T15:19:10","modified_gmt":"2025-02-13T14:19:10","slug":"publications-vivre-ensemble","status":"publish","type":"page","link":"https:\/\/asile.ch\/de\/notre-regard\/publications-vivre-ensemble\/","title":{"rendered":"Unsere Publikationen"},"content":{"rendered":"\n<h1 class=\"wp-block-heading\">Nos publications<\/h1>\n\n\n<section id=\"publication-block-block_a6698a9c6b156d2bd969c07bb9eb34fe\"\n    class=\"c-block c-block--publication c-block-- \">\n    <div class=\"c-block-title  has-revue-border\">\n        <div class=\"c-block-title--label\">Derni\u00e8res publications<\/div>\n                    <\/div>\n    <div class=\"flex flex-wrap -mx-2 \">\n\n                                                \n                \n                                    <div class=\"w-full px-2 \">\n                        <article class=\"c-card-list c-card-publication c-card-publication-list post-87838 publication type-publication status-publish hentry\">\n    <a href=\"https:\/\/asile.ch\/de\/publication\/refugie%c2%b7es-emploi-au-dela-des-idees-recues\/\" class=\"c-card-link\">\n      <div class=\"c-card-image\">\n        <img decoding=\"async\" src=\"https:\/\/asile.ch\/wp-content\/uploads\/2022\/10\/CouvVE_brochure_travail_prejuges_dp_high.jpg\" alt=\"\" >\n      <\/div>\n      <div class=\"c-card-content\">\n        <h2 class=\"c-card-title\">\n          R\u00e9fugi\u00e9\u00b7es &#038; emploi. Au-del\u00e0 des id\u00e9es re\u00e7ues\n        <\/h2>\n        <div class=\"c-card-extrait\">\n          \nDroit au travail, stabilit\u00e9 du s\u00e9jour, connaissances de la langue, comp\u00e9tences: cette brochure clarifie les aspects juridiques et d\u00e9marches administratives lors d&#039;un recrutement d&#039;une personne issue de l&#039;asile. Elle vise aussi \u00e0 d\u00e9construire certaines repr\u00e9sentations fauss\u00e9es quant aux&#8230;\n       <\/div>\n      <\/div>\n\n    <\/a>\n  <\/article>\n                    <\/div>\n                \n\n                            \n                \n                                    <div class=\"w-full px-2 \">\n                        <article class=\"c-card-list c-card-publication c-card-publication-list post-78595 publication type-publication status-publish has-post-thumbnail hentry\">\n    <a href=\"https:\/\/asile.ch\/de\/publication\/bd-apres-larrivee\/\" class=\"c-card-link\">\n      <div class=\"c-card-image\">\n        <img decoding=\"async\" src=\"https:\/\/asile.ch\/wp-content\/uploads\/2021\/09\/Couvertures_BD_Apres_Arrivee-510x720.jpg\"  alt=\"\" class=\"\">\n      <\/div>\n      <div class=\"c-card-content\">\n        <h2 class=\"c-card-title\">\n          BD \u00ab Apr\u00e8s l\u2019arriv\u00e9e \u00bb\n        <\/h2>\n        <div class=\"c-card-extrait\">\n          \nCette BD reportage raconte une histoire d\u2019accueil. Comment 33 hommes r\u00e9fugi\u00e9s, d\u00e9barquant du jour au lendemain de la jungle de Calais, s\u2019inscrivent dans le r\u00e9cit d\u2019une commune de Savoie et de ses habitant\u00b7es.\n       <\/div>\n      <\/div>\n\n    <\/a>\n  <\/article>\n                    <\/div>\n                \n\n                            \n                \n                                    <div class=\"w-full px-2 \">\n                        <article class=\"c-card-list c-card-publication c-card-publication-list post-78590 publication type-publication status-publish has-post-thumbnail hentry\">\n    <a href=\"https:\/\/asile.ch\/de\/publication\/le-memots\/\" class=\"c-card-link\">\n      <div class=\"c-card-image\">\n        <img decoding=\"async\" src=\"https:\/\/asile.ch\/wp-content\/uploads\/2021\/09\/brochure-asile2017_web_final-510x720.jpg\"  alt=\"\" class=\"\">\n      <\/div>\n      <div class=\"c-card-content\">\n        <h2 class=\"c-card-title\">\n          Le M\u00e9mo[ts]\n        <\/h2>\n        <div class=\"c-card-extrait\">\n          \nManuel-glossaire\u00a0distribu\u00e9 \u00e0 l\u2019ensemble de la presse romande, le \u00a0M\u00e9mo[ts] \u00e0 l\u2019intention des journalistes pour parler d\u2019asile et de migrations\u00a0a \u00e9t\u00e9 con\u00e7u et \u00e9labor\u00e9 comme un outil pour les professionnels de l\u2019information.\n       <\/div>\n      <\/div>\n\n    <\/a>\n  <\/article>\n                    <\/div>\n                \n\n                            \n                \n                                    <div class=\"w-full px-2 \">\n                        <article class=\"c-card-list c-card-publication c-card-publication-list post-78594 publication type-publication status-publish has-post-thumbnail hentry\">\n    <a href=\"https:\/\/asile.ch\/de\/publication\/brochure-sur-les-prejuges\/\" class=\"c-card-link\">\n      <div class=\"c-card-image\">\n        <img decoding=\"async\" src=\"https:\/\/asile.ch\/wp-content\/uploads\/2017\/09\/BrochurecouvHaute-510x720.jpg\"  alt=\"\" class=\"\">\n      <\/div>\n      <div class=\"c-card-content\">\n        <h2 class=\"c-card-title\">\n          Brochure sur les pr\u00e9jug\u00e9s\n        <\/h2>\n        <div class=\"c-card-extrait\">\n          \nLa m\u00e9connaissance des faits constitue un terreau propice aux id\u00e9es re\u00e7ues. En 9 questions-r\u00e9ponses illustr\u00e9es, \u00ab\u00a0Il y a ce\u00a0qu\u2019on dit sur les r\u00e9fugi\u00e9s. Et il y a la r\u00e9alit\u00e9\u00a0\u00bb cherche\u00a0\u00e0 confronter ces pr\u00e9jug\u00e9s aux faits et aux chiffres. L\u2019objectif est d\u2019inciter chacune et&#8230;\n       <\/div>\n      <\/div>\n\n    <\/a>\n  <\/article>\n                    <\/div>\n                \n\n                            \n                \n                                    <div class=\"w-full px-2 \">\n                        <article class=\"c-card-list c-card-publication c-card-publication-list post-78593 publication type-publication status-publish has-post-thumbnail hentry\">\n    <a href=\"https:\/\/asile.ch\/de\/publication\/la-revue-vivre-ensemble\/\" class=\"c-card-link\">\n      <div class=\"c-card-image\">\n        <img decoding=\"async\" src=\"https:\/\/asile.ch\/wp-content\/uploads\/2024\/02\/ve_196_Couv-510x720.jpg\"  alt=\"\" class=\"\">\n      <\/div>\n      <div class=\"c-card-content\">\n        <h2 class=\"c-card-title\">\n          La revue asile.ch\n        <\/h2>\n        <div class=\"c-card-extrait\">\n          \nPara\u00eet cinq fois par ann\u00e9e,  notre revue traite de l\u2019actualit\u00e9 de l\u2019asile et offre un regard critique sur la politique migratoire suisse et internationale depuis bient\u00f4t 35 ans. Elle \u00e9tait publi\u00e9e jusqu&#039;en avril 2024 sous le nom de Vivre Ensemble.\n       <\/div>\n      <\/div>\n\n    <\/a>\n  <\/article>\n                    <\/div>\n                \n\n                            \n                \n                                    <div class=\"w-full px-2 \">\n                        <article class=\"c-card-list c-card-publication c-card-publication-list post-78753 publication type-publication status-publish has-post-thumbnail hentry\">\n    <a href=\"https:\/\/asile.ch\/de\/publication\/le-ou-la-journaliste-face\/\" class=\"c-card-link\">\n      <div class=\"c-card-image\">\n        <img decoding=\"async\" src=\"https:\/\/asile.ch\/wp-content\/uploads\/2021\/08\/Le-ou-la-journaliste-face....Image_-3-510x720.jpeg\"  alt=\"\" class=\"\">\n      <\/div>\n      <div class=\"c-card-content\">\n        <h2 class=\"c-card-title\">\n          Le ou la journaliste face&#8230;\n        <\/h2>\n        <div class=\"c-card-extrait\">\n          \n       <\/div>\n      <\/div>\n\n    <\/a>\n  <\/article>\n                    <\/div>\n                \n\n                    \n\n            <\/div><!-- \/ container -->\n\n<\/section>\n\n\n\n<h2 class=\"wp-block-heading\">Hors-s\u00e9ries et num\u00e9ros sp\u00e9ciaux<\/h2>\n\n\n<section id=\"related-content-block-action-block_12df9f583196a8f492ce09473e233f44\"\n    class=\"c-block c-block--featured  has-revue-border c-block--card c-block-- \">\n    <div class=\"c-block-title  has-revue-border\">\n        <div class=\"c-block-title--label\">Nos \u00e9ditions sp\u00e9ciales, disponibles sur commande<\/div>\n        \n        \n        <a class=\"c-block-title--link link-color\" href=\"https:\/\/asile.ch\/recherche\/?&amp;_sft_post_tag=numeros-speciaux\">Voir plus<\/a>\n\n    <\/div>\n    <div class=\"flex flex-wrap -mx-4\">\n                                                                \n                                    <div class=\"px-4 mb-8  w-full md:w-1\/2 lg:w-1\/3 xl:w-1\/4 \">\n                        <article class=\"c-card post-100379 post type-post status-publish format-standard has-post-thumbnail hentry category-actualites tag-integration tag-notre-regard tag-numeros-speciaux tag-revue ve_type-communique ve_action-notre-regard\">\n  <a href=\"https:\/\/asile.ch\/de\/2024\/12\/06\/200e-edition-de-la-revue-asile-ch-les-refugie%c2%b7es-prennent-la-plume\/\" class=\"c-card-link\">\n    <div class=\"c-card-image\">\n      <img decoding=\"async\" src=\"https:\/\/asile.ch\/wp-content\/uploads\/2024\/12\/Sans-titre-640x420.png\"  alt=\"\">\n      <div class=\"c-card-type       is-notre-regard-tax\n             \">\n\n                          Notre regard\n                \n      <\/div>\n    <\/div>\n\n    <h2 class=\"c-card-title\">\n        200e \u00e9dition de la revue asile.ch | Les r\u00e9fugi\u00e9\u00b7es prennent la plume!\n    <\/h2>\n    <div class=\"c-card-meta\">\n      6 Dezember 2024\n    <\/div>\n  <\/a>\n<\/article>\n                    <\/div>\n                                                            \n                                    <div class=\"px-4 mb-8  w-full md:w-1\/2 lg:w-1\/3 xl:w-1\/4 \">\n                        <article class=\"c-card post-47596 post type-post status-publish format-standard hentry category-actualites category-articles tag-dublin tag-notre-regard tag-numeros-speciaux tag-revue ve_numero-ve-167-avril-2018 ve_action-notre-regard\">\n  <a href=\"https:\/\/asile.ch\/de\/2018\/05\/03\/dublin-comment-ca-marche\/\" class=\"c-card-link\">\n    <div class=\"c-card-image\">\n      <img decoding=\"async\" src=\"https:\/\/asile.ch\/wp-content\/uploads\/2018\/04\/DUBLIN_commentcamarche1erepagedepliant-e1706259783863-640x420.jpg\"  alt=\"\">\n      <div class=\"c-card-type       is-notre-regard-tax\n             \">\n\n                          Notre regard\n                \n      <\/div>\n    <\/div>\n\n    <h2 class=\"c-card-title\">\n        Vivre Ensemble | Dublin. Comment \u00e7a marche ?\n    <\/h2>\n    <div class=\"c-card-meta\">\n      3 Mai 2018\n    <\/div>\n  <\/a>\n<\/article>\n                    <\/div>\n                                                            \n                                    <div class=\"px-4 mb-8  w-full md:w-1\/2 lg:w-1\/3 xl:w-1\/4 \">\n                        <article class=\"c-card post-35007 post type-post status-publish format-standard has-post-thumbnail hentry category-actualites tag-frontieres tag-notre-regard tag-numeros-speciaux tag-revue tag-sommaire ve_numero-ve-159-sept-oct-2016 ve_type-communique ve_action-notre-regard\">\n  <a href=\"https:\/\/asile.ch\/de\/2016\/09\/30\/ve-159-sept-oct-2016\/\" class=\"c-card-link\">\n    <div class=\"c-card-image\">\n      <img decoding=\"async\" src=\"https:\/\/asile.ch\/wp-content\/uploads\/2016\/09\/VE159couv-640x420.jpg\"  alt=\"\">\n      <div class=\"c-card-type       is-notre-regard-tax\n             \">\n\n                          Notre regard\n                \n      <\/div>\n    <\/div>\n\n    <h2 class=\"c-card-title\">\n        Edition sp\u00e9ciale \u00ab\u00a0Fronti\u00e8res\u00a0\u00bb de Vivre Ensemble\n    <\/h2>\n    <div class=\"c-card-meta\">\n      30 September 2016\n    <\/div>\n  <\/a>\n<\/article>\n                    <\/div>\n                                                            \n                                    <div class=\"px-4 mb-8  w-full md:w-1\/2 lg:w-1\/3 xl:w-1\/4 \">\n                        <article class=\"c-card post-11818 post type-post status-publish format-standard has-post-thumbnail hentry category-actualites category-documentation category-publications tag-documentation tag-numeros-speciaux tag-revision tag-slider ve_numero-ve-133-juin-2011 ve_numero-ve-134-septembre-2011 ve_type-rapport-recherche ve_action-notre-regard\">\n  <a href=\"https:\/\/asile.ch\/de\/2013\/10\/28\/hors-serie-3-du-droit-dasile-a-la-gestion-de-stock-humain\/\" class=\"c-card-link\">\n    <div class=\"c-card-image\">\n      <img decoding=\"async\" src=\"https:\/\/asile.ch\/wp-content\/uploads\/2013\/10\/Tafelmachertout_final_-640x420.png\"  alt=\"\">\n      <div class=\"c-card-type       is-notre-regard-tax\n             \">\n\n                          Notre regard\n                \n      <\/div>\n    <\/div>\n\n    <h2 class=\"c-card-title\">\n        Hors-S\u00e9rie #3 | Du droit d&rsquo;asile \u00e0 la gestion de stock humain\n    <\/h2>\n    <div class=\"c-card-meta\">\n      28 Oktober 2013\n    <\/div>\n  <\/a>\n<\/article>\n                    <\/div>\n                                                            \n                                    <div class=\"px-4 mb-8  w-full md:w-1\/2 lg:w-1\/3 xl:w-1\/4 \">\n                        <article class=\"c-card post-6440 post type-post status-publish format-standard has-post-thumbnail hentry category-actualites category-documentation category-publications tag-notre-regard tag-numeros-speciaux tag-prejuge ve_type-decryptage ve_action-prejuges\">\n  <a href=\"https:\/\/asile.ch\/de\/2012\/12\/18\/andre-kuhn-wie-ist-die-ueberreprasentation-von-auslandern-in-der-kriminalitat-zu-erklaren\/\" class=\"c-card-link\">\n    <div class=\"c-card-image\">\n      <img decoding=\"async\" src=\"https:\/\/asile.ch\/wp-content\/uploads\/2017\/05\/HorsSerie_Kuhn-640x420.png\"  alt=\"\">\n      <div class=\"c-card-type       is-prejuges-tax\n             \">\n\n                          Pr\u00e9jug\u00e9s sur l&#039;asile\n                \n      <\/div>\n    <\/div>\n\n    <h2 class=\"c-card-title\">\n        Andr\u00e9 Kuhn | Wie ist die \u00dcberrepr\u00e4sentation von Ausl\u00e4ndern in der Kriminalit\u00e4t zu erkl\u00e4ren?\n    <\/h2>\n    <div class=\"c-card-meta\">\n      18 Dezember 2012\n    <\/div>\n  <\/a>\n<\/article>\n                    <\/div>\n                                                            \n                                    <div class=\"px-4 mb-8  w-full md:w-1\/2 lg:w-1\/3 xl:w-1\/4 \">\n                        <article class=\"c-card post-5499 post type-post status-publish format-standard has-post-thumbnail hentry category-articles category-decryptage tag-criminalite tag-notre-regard tag-numeros-speciaux tag-prejuge tag-prejuge-criminalite tag-revue tag-slider tag-statistiques ve_numero-ve-139-septembre-2012 ve_type-decryptage ve_action-notre-regard\">\n  <a href=\"https:\/\/asile.ch\/de\/2012\/10\/06\/andre-kuhn-comment-sexplique-la-surrepresentation-des-etrangers-dans-la-criminalite\/\" class=\"c-card-link\">\n    <div class=\"c-card-image\">\n      <img decoding=\"async\" src=\"https:\/\/asile.ch\/wp-content\/uploads\/2017\/05\/HorsSerie_Kuhn-640x420.png\"  alt=\"\">\n      <div class=\"c-card-type       is-notre-regard-tax\n             \">\n\n                          Notre regard\n                \n      <\/div>\n    <\/div>\n\n    <h2 class=\"c-card-title\">\n        Hors-s\u00e9rie #1 | Comment s\u2019explique la surrepr\u00e9sentation des \u00e9trangers dans la criminalit\u00e9?\n    <\/h2>\n    <div class=\"c-card-meta\">\n      6 Oktober 2012\n    <\/div>\n  <\/a>\n<\/article>\n                    <\/div>\n                                                            \n                                    <div class=\"px-4 mb-8  w-full md:w-1\/2 lg:w-1\/3 xl:w-1\/4 \">\n                        <article class=\"c-card post-4396 post type-post status-publish format-standard has-post-thumbnail hentry category-articles category-decryptage tag-accords-migratoires tag-cedh tag-dublin tag-nem tag-notre-regard tag-numeros-speciaux tag-renvoi tag-revue ve_numero-ve-136-fevrier-2012 pays-erythree pays-italie pays-somalie ve_type-decryptage ve_action-notre-regard\">\n  <a href=\"https:\/\/asile.ch\/de\/2012\/04\/03\/accords-de-readmission-la-banalisation-dune-tragedie\/\" class=\"c-card-link\">\n    <div class=\"c-card-image\">\n      <img decoding=\"async\" src=\"https:\/\/asile.ch\/wp-content\/uploads\/2013\/05\/povlakic-couv2-e1369834186273-640x420.jpg\"  alt=\"\">\n      <div class=\"c-card-type       is-notre-regard-tax\n             \">\n\n                          Notre regard\n                \n      <\/div>\n    <\/div>\n\n    <h2 class=\"c-card-title\">\n        Hors-s\u00e9rie #2 | Accords de r\u00e9admission. La banalisation d\u2019une trag\u00e9die\n    <\/h2>\n    <div class=\"c-card-meta\">\n      3 April 2012\n    <\/div>\n  <\/a>\n<\/article>\n                    <\/div>\n                                                            \n                                    <div class=\"px-4 mb-8  w-full md:w-1\/2 lg:w-1\/3 xl:w-1\/4 \">\n                        <article class=\"c-card post-78654 post type-post status-publish format-standard hentry category-actualites tag-deboute tag-nem tag-numeros-speciaux tag-sante tag-sante-mentale ve_numero-ve-132-avril-2011 ve_type-reflexion ve_action-notre-regard\">\n  <a href=\"https:\/\/asile.ch\/de\/2011\/04\/10\/sante-mentale-des-refugies-sante-mentale-de-notre-societe\/\" class=\"c-card-link\">\n    <div class=\"c-card-image\">\n      <img decoding=\"async\" src=\"https:\/\/asile.ch\/wp-content\/uploads\/2021\/09\/Francelinejames11_Page_1-640x420.png\"  alt=\"\">\n      <div class=\"c-card-type       is-notre-regard-tax\n             \">\n\n                          Notre regard\n                \n      <\/div>\n    <\/div>\n\n    <h2 class=\"c-card-title\">\n        Sant\u00e9 mentale des r\u00e9fugi\u00e9s, sant\u00e9 mentale de notre soci\u00e9t\u00e9\n    <\/h2>\n    <div class=\"c-card-meta\">\n      10 April 2011\n    <\/div>\n  <\/a>\n<\/article>\n                    <\/div>\n                                                            \n                                    <div class=\"px-4 mb-8  w-full md:w-1\/2 lg:w-1\/3 xl:w-1\/4 \">\n                        <article class=\"c-card post-78643 post type-post status-publish format-standard hentry category-actualites tag-loi-sur-lasile tag-numeros-speciaux ve_numero-ve-131-fevrier-2011 ve_type-reflexion ve_action-notre-regard\">\n  <a href=\"https:\/\/asile.ch\/de\/2011\/02\/10\/l-es-tortueux-parcours-du-processus-legislatif\/\" class=\"c-card-link\">\n    <div class=\"c-card-image\">\n      <img decoding=\"async\" src=\"https:\/\/asile.ch\/wp-content\/uploads\/2021\/09\/menetreyrecordon1_Page_1-640x420.png\"  alt=\"\">\n      <div class=\"c-card-type       is-notre-regard-tax\n             \">\n\n                          Notre regard\n                \n      <\/div>\n    <\/div>\n\n    <h2 class=\"c-card-title\">\n        Les tortueux parcours du processus l\u00e9gislatif\n    <\/h2>\n    <div class=\"c-card-meta\">\n      10 Februar 2011\n    <\/div>\n  <\/a>\n<\/article>\n                    <\/div>\n                                                            \n                                    <div class=\"px-4 mb-8  w-full md:w-1\/2 lg:w-1\/3 xl:w-1\/4 \">\n                        <article class=\"c-card post-78634 post type-post status-publish format-standard hentry category-actualites tag-delit-de-solidarite tag-numeros-speciaux ve_numero-ve-130-decembre-2010 ve_type-reflexion ve_action-notre-regard\">\n  <a href=\"https:\/\/asile.ch\/de\/2010\/12\/10\/les-criteres-ethiques-de-la-resistance\/\" class=\"c-card-link\">\n    <div class=\"c-card-image\">\n      <img decoding=\"async\" src=\"https:\/\/asile.ch\/wp-content\/uploads\/2011\/07\/buehler.jpg\" alt=\"\">\n      <div class=\"c-card-type       is-notre-regard-tax\n             \">\n\n                          Notre regard\n                \n      <\/div>\n    <\/div>\n\n    <h2 class=\"c-card-title\">\n        Les crit\u00e8res \u00e9thiques de la r\u00e9sistance\n    <\/h2>\n    <div class=\"c-card-meta\">\n      10 Dezember 2010\n    <\/div>\n  <\/a>\n<\/article>\n                    <\/div>\n                                                            \n                                    <div class=\"px-4 mb-8  w-full md:w-1\/2 lg:w-1\/3 xl:w-1\/4 \">\n                        <article class=\"c-card post-78579 post type-post status-publish format-standard has-post-thumbnail hentry category-actualites tag-aide-durgence tag-deboute tag-nem tag-numeros-speciaux ve_type-reflexion ve_action-notre-regard\">\n  <a href=\"https:\/\/asile.ch\/de\/2010\/09\/10\/leradication-des-requerants-dasile-deboutes\/\" class=\"c-card-link\">\n    <div class=\"c-card-image\">\n      <img decoding=\"async\" src=\"https:\/\/asile.ch\/wp-content\/uploads\/2011\/04\/Kopf_EradicationDeboutes-640x420.png\"  alt=\"\">\n      <div class=\"c-card-type       is-notre-regard-tax\n             \">\n\n                          Notre regard\n                \n      <\/div>\n    <\/div>\n\n    <h2 class=\"c-card-title\">\n        L\u2019\u00e9radication des requ\u00e9rants d\u2019asile d\u00e9bout\u00e9s\n    <\/h2>\n    <div class=\"c-card-meta\">\n      10 September 2010\n    <\/div>\n  <\/a>\n<\/article>\n                    <\/div>\n                                                <\/div><!-- \/ container -->\n\n<\/section>\n\n\n\n<h2 class=\"wp-block-heading\">Listes de documentation<\/h2>\n\n\n\n<p>Jusqu\u2019en 2010, Vivre Ensemble proposait une liste de documentation recensant divers rapports, analyses-pays, documents officiels, l\u00e9gislation et jurisprudence publi\u00e9es sur les questions d\u2019asile et de r\u00e9fugi\u00e9s. Ci-dessous les archives de ces listes, pointant vers des documents archiv\u00e9s dans nos locaux.<\/p>\n\n\n\n<ul class=\"wp-block-list\">\n<li><a href=\"https:\/\/asile.ch\/2011\/01\/14\/liste-de-documentation-archives-2010\/\">Liste de documentation | Archives 2010<\/a><\/li>\n\n\n\n<li><a href=\"https:\/\/asile.ch\/2010\/01\/14\/liste-de-documentation-archives-2009\/\">Liste de documentation | Archives 2009<\/a><\/li>\n\n\n\n<li><a href=\"https:\/\/asile.ch\/2008\/12\/13\/liste-de-documentation-archives-1991-2008\/\">Liste de documentation | Archives 1991 \u00e0 2008<\/a><\/li>\n<\/ul>\n\n\n\n<p>Adress\u00e9es \u00e0 une centaine de personnes abonn\u00e9es \u00e0 ce service, ces listes ont \u00e9t\u00e9 abandonn\u00e9es au profit de notre action <a href=\"https:\/\/asile.ch\/documentation-2\/\" data-type=\"page\" data-id=\"70817\">Documentation<\/a> <\/p>\n","protected":false},"excerpt":{"rendered":"<p>Nos publications Hors-s\u00e9ries et num\u00e9ros sp\u00e9ciaux Listes de documentation Jusqu\u2019en 2010, Vivre Ensemble proposait une liste de documentation recensant divers rapports, analyses-pays, documents officiels, l\u00e9gislation et jurisprudence publi\u00e9es sur les questions d\u2019asile et de r\u00e9fugi\u00e9s. Ci-dessous les archives de ces listes, pointant vers des documents archiv\u00e9s dans nos locaux. Adress\u00e9es \u00e0 une centaine de personnes &hellip; <a href=\"https:\/\/asile.ch\/de\/notre-regard\/publications-vivre-ensemble\/\">Continued<\/a><\/p>","protected":false},"author":2,"featured_media":5886,"parent":72039,"menu_order":0,"comment_status":"closed","ping_status":"closed","template":"","meta":{"_acf_changed":false,"footnotes":""},"class_list":["post-6158","page","type-page","status-publish","has-post-thumbnail","hentry"],"acf":[],"_links":{"self":[{"href":"https:\/\/asile.ch\/de\/wp-json\/wp\/v2\/pages\/6158","targetHints":{"allow":["GET"]}}],"collection":[{"href":"https:\/\/asile.ch\/de\/wp-json\/wp\/v2\/pages"}],"about":[{"href":"https:\/\/asile.ch\/de\/wp-json\/wp\/v2\/types\/page"}],"author":[{"embeddable":true,"href":"https:\/\/asile.ch\/de\/wp-json\/wp\/v2\/users\/2"}],"replies":[{"embeddable":true,"href":"https:\/\/asile.ch\/de\/wp-json\/wp\/v2\/comments?post=6158"}],"version-history":[{"count":1,"href":"https:\/\/asile.ch\/de\/wp-json\/wp\/v2\/pages\/6158\/revisions"}],"predecessor-version":[{"id":101477,"href":"https:\/\/asile.ch\/de\/wp-json\/wp\/v2\/pages\/6158\/revisions\/101477"}],"up":[{"embeddable":true,"href":"https:\/\/asile.ch\/de\/wp-json\/wp\/v2\/pages\/72039"}],"wp:featuredmedia":[{"embeddable":true,"href":"https:\/\/asile.ch\/de\/wp-json\/wp\/v2\/media\/5886"}],"wp:attachment":[{"href":"https:\/\/asile.ch\/de\/wp-json\/wp\/v2\/media?parent=6158"}],"curies":[{"name":"wp","href":"https:\/\/api.w.org\/{rel}","templated":true}]}}