{"id":71499,"date":"2021-08-12T11:18:20","date_gmt":"2021-08-12T09:18:20","guid":{"rendered":"https:\/\/stage.asile.ch\/?page_id=71499"},"modified":"2021-10-20T17:47:41","modified_gmt":"2021-10-20T15:47:41","slug":"newsletters-pour-journalistes","status":"publish","type":"page","link":"https:\/\/asile.ch\/de\/journalistes\/newsletters-pour-journalistes\/","title":{"rendered":"Newsletter f\u00fcr Journalisten"},"content":{"rendered":"<h2 class=\"wp-block-heading\">Newsletter f\u00fcr Journalisten<\/h2>\n\n\n\n<p><span class=\"accroche\">Le Comptoir des m\u00e9dias propose aux journalistes des newsletters r\u00e9guli\u00e8res qui donnent des informations sp\u00e9cifiques sur le domaine de l&rsquo;asile et des migrations. La veille m\u00e9diatique effectu\u00e9e depuis plusieurs ann\u00e9es, nous permet d&rsquo;apporter un regard analytique sur le traitement de l&rsquo;asile dans les m\u00e9dias romands. Nouvelles publications sur les questions de m\u00e9dias &amp; migration, \u00e9cueils r\u00e9currents sur des questions en lien avec les migrations, r\u00e9flexions sur le choix des mots et le choix des images ou compilation de documentation sur une th\u00e9matique d&rsquo;actualit\u00e9, la newsletter est avant tout un outil utile pour vous.<\/span><\/p>\n\n\n\n<script type=\"text\/javascript\" src=\"https:\/\/webform.statslive.info\/ow\/eyJpdiI6ImlPU2lLOGtHWWRGM0JDNE1nVGR1WXFsaUhwV05HZHh0bGRYeFBqSkVPTFE9IiwidmFsdWUiOiJ5alwvU1JKa1JcL1wvVjlTaCtJUDlaMVlpRlpvVEpKZGdYTEl4b255bDdzSGFjPSIsIm1hYyI6IjdkMDZlNTUwNzk5YjE3Y2QyNjIzZTYwMjZmYTYyZDRlN2I0NmUxMDdhODZiNTBlYzQ1OWJhOWU2MjdhYjMyYWEifQ==\"><\/script>\n\n\n\n<p><\/p>\n\n\n<section id=\"related-content-block-action-block_6115294970f61\"\n    class=\"c-block c-block--featured  has-comptoir-border c-block--card c-block--\">\n    <div class=\"c-block-title  has-comptoir-border\">\n        <div class=\"c-block-title--label\">Les derni\u00e8res newsletters<\/div>\n        \n        \n        <a class=\"c-block-title--link link-color\" href=\"https:\/\/asile.ch\/de\/recherche\/?_sft_ve_action=comptoir&amp;_sft_ve_type=eclairages-journalistes&amp;_sft_post_tag=newsletter\">Mehr sehen<\/a>\n\n    <\/div>\n    <div class=\"flex flex-wrap -mx-4\">\n                                                                \n                                    <div class=\"px-4 mb-8  w-full md:w-1\/2 lg:w-1\/3 xl:w-1\/4\">\n                        <article class=\"c-card post-71399 post type-post status-publish format-standard has-post-thumbnail hentry category-comptoir-des-medias category-newsletter tag-comptoir tag-medias tag-newsletter pays-grece pays-suisse ve_type-eclairages-journalistes ve_action-comptoir\">\n  <a href=\"https:\/\/asile.ch\/de\/2020\/12\/14\/journalisme-ethique-et-migration-des-podcasts-a-ecouter\/\" class=\"c-card-link\">\n    <div class=\"c-card-image\">\n      <img decoding=\"async\" src=\"https:\/\/asile.ch\/wp-content\/uploads\/2021\/08\/Flyer-formation-CFJM-1-640x420.jpg\"  alt=\"\">\n      <div class=\"c-card-type       is-comptoir-tax\">\n\n                          Theke\n                \n      <\/div>\n    <\/div>\n\n    <h2 class=\"c-card-title\">\n        Journalisme, \u00e9thique et migration: des podcasts \u00e0 \u00e9couter!\n    <\/h2>\n    <div class=\"c-card-meta\">\n      14 Dezember 2020\n    <\/div>\n  <\/a>\n<\/article>\n                    <\/div>\n                                                            \n                                    <div class=\"px-4 mb-8  w-full md:w-1\/2 lg:w-1\/3 xl:w-1\/4\">\n                        <article class=\"c-card post-71532 post type-post status-publish format-standard has-post-thumbnail hentry category-actualites category-comptoir-des-medias category-newsletter tag-comptoir tag-medias tag-newsletter tag-statistiques pays-suisse ve_type-eclairages-journalistes ve_action-comptoir\">\n  <a href=\"https:\/\/asile.ch\/de\/2020\/10\/08\/statistiques-de-lasile-attention-a-la-surenchere\/\" class=\"c-card-link\">\n    <div class=\"c-card-image\">\n      <img decoding=\"async\" src=\"https:\/\/asile.ch\/wp-content\/uploads\/2021\/08\/Le-ou-la-journaliste-face....Image_-640x420.jpeg\"  alt=\"\">\n      <div class=\"c-card-type       is-comptoir-tax\">\n\n                          Theke\n                \n      <\/div>\n    <\/div>\n\n    <h2 class=\"c-card-title\">\n        Statistiques de l&rsquo;asile. Attention \u00e0 la surench\u00e8re\n    <\/h2>\n    <div class=\"c-card-meta\">\n      8 Oktober 2020\n    <\/div>\n  <\/a>\n<\/article>\n                    <\/div>\n                                                            \n                                    <div class=\"px-4 mb-8  w-full md:w-1\/2 lg:w-1\/3 xl:w-1\/4\">\n                        <article class=\"c-card post-71894 post type-post status-publish format-standard has-post-thumbnail hentry category-actualites category-comptoir-des-medias category-newsletter tag-comptoir tag-medias tag-newsletter pays-suisse ve_type-eclairages-journalistes ve_action-comptoir\">\n  <a href=\"https:\/\/asile.ch\/de\/2020\/06\/28\/tendre-le-micro-aux-personnes-exilees\/\" class=\"c-card-link\">\n    <div class=\"c-card-image\">\n      <img decoding=\"async\" src=\"https:\/\/asile.ch\/wp-content\/uploads\/2021\/08\/LaTele_Isolement_requerant_asile_Coronavirus_Journal-du-3-avril-2020-640x420.png\"  alt=\"\">\n      <div class=\"c-card-type       is-comptoir-tax\">\n\n                          Theke\n                \n      <\/div>\n    <\/div>\n\n    <h2 class=\"c-card-title\">\n        Tendre le micro aux personnes exil\u00e9es\n    <\/h2>\n    <div class=\"c-card-meta\">\n      28 Juni 2020\n    <\/div>\n  <\/a>\n<\/article>\n                    <\/div>\n                                                <\/div><!-- \/ container -->\n\n<\/section>","protected":false},"excerpt":{"rendered":"<p>Newsletters pour journalistes Le Comptoir des m\u00e9dias propose aux journalistes des newsletters r\u00e9guli\u00e8res qui donnent des informations sp\u00e9cifiques sur le domaine de l&rsquo;asile et des migrations. La veille m\u00e9diatique effectu\u00e9e depuis plusieurs ann\u00e9es, nous permet d&rsquo;apporter un regard analytique sur le traitement de l&rsquo;asile dans les m\u00e9dias romands. Nouvelles publications sur les questions de m\u00e9dias &hellip; <a href=\"https:\/\/asile.ch\/de\/journalistes\/newsletters-pour-journalistes\/\">Continued<\/a><\/p>","protected":false},"author":8,"featured_media":0,"parent":71368,"menu_order":0,"comment_status":"closed","ping_status":"closed","template":"","meta":{"_acf_changed":false,"footnotes":""},"class_list":["post-71499","page","type-page","status-publish","hentry"],"acf":[],"_links":{"self":[{"href":"https:\/\/asile.ch\/de\/wp-json\/wp\/v2\/pages\/71499","targetHints":{"allow":["GET"]}}],"collection":[{"href":"https:\/\/asile.ch\/de\/wp-json\/wp\/v2\/pages"}],"about":[{"href":"https:\/\/asile.ch\/de\/wp-json\/wp\/v2\/types\/page"}],"author":[{"embeddable":true,"href":"https:\/\/asile.ch\/de\/wp-json\/wp\/v2\/users\/8"}],"replies":[{"embeddable":true,"href":"https:\/\/asile.ch\/de\/wp-json\/wp\/v2\/comments?post=71499"}],"version-history":[{"count":0,"href":"https:\/\/asile.ch\/de\/wp-json\/wp\/v2\/pages\/71499\/revisions"}],"up":[{"embeddable":true,"href":"https:\/\/asile.ch\/de\/wp-json\/wp\/v2\/pages\/71368"}],"wp:attachment":[{"href":"https:\/\/asile.ch\/de\/wp-json\/wp\/v2\/media?parent=71499"}],"curies":[{"name":"wp","href":"https:\/\/api.w.org\/{rel}","templated":true}]}}