{"id":79899,"date":"2021-10-11T13:28:59","date_gmt":"2021-10-11T11:28:59","guid":{"rendered":"https:\/\/asile.ch\/?p=79899"},"modified":"2024-06-18T09:52:30","modified_gmt":"2024-06-18T07:52:30","slug":"recevoir-une-edition-gratuite","status":"publish","type":"page","link":"https:\/\/asile.ch\/de\/revue\/recevoir-une-edition-gratuite\/","title":{"rendered":"Recevoir une \u00e9dition gratuite"},"content":{"rendered":"\n<h2 class=\"wp-block-heading\">Recevoir une \u00e9dition gratuite<\/h2>\n\n\n\n<p>Pas encore abonn\u00e9\u00b7e \u00e0 la revue <em>asile.ch<\/em> ? Nous vous envoyons volontiers le dernier num\u00e9ro du journal (en esp\u00e9rant que le tenir entre vos mains vous donnera envie de rejoindre notre lectorat !)<\/p>\n\n\n\n<p>Il vous suffit de remplir le formulaire ci-dessous. <em>Attention : Offre uniquement valable pour la Suisse. <\/em><\/p>\n\n\n<link rel='stylesheet' id='formidable-css' href='https:\/\/asile.ch\/wp-content\/plugins\/formidable\/css\/formidableforms.css?ver=424814' media='all' \/>\n<div class=\"frm_forms  with_frm_style frm_style_formidable-style\" id=\"frm_form_16_container\" >\n<form enctype=\"multipart\/form-data\" method=\"post\" class=\"frm-show-form  frm_pro_form \" id=\"form_contact22cdd1c1cbbd\" >\n<div class=\"frm_form_fields \">\n<fieldset>\n<legend class=\"frm_hidden\">Recevoir une \u00e9dition gratuite<\/legend>\r\n\r\n<div class=\"frm_fields_container\">\n<input type=\"hidden\" name=\"frm_action\" value=\"create\" \/>\n<input type=\"hidden\" name=\"form_id\" value=\"16\" \/>\n<input type=\"hidden\" name=\"frm_hide_fields_16\" id=\"frm_hide_fields_16\" value=\"\" \/>\n<input type=\"hidden\" name=\"form_key\" value=\"contact22cdd1c1cbbd\" \/>\n<input type=\"hidden\" name=\"item_meta[0]\" value=\"\" \/>\n<input type=\"hidden\" id=\"frm_submit_entry_16\" name=\"frm_submit_entry_16\" value=\"af0bd17f84\" \/><input type=\"hidden\" name=\"_wp_http_referer\" value=\"\/de\/wp-json\/wp\/v2\/pages\/79899\" \/><div id=\"frm_field_183_container\" class=\"frm_form_field form-field  frm_required_field frm_top_container frm_first frm_half\">\r\n    <label for=\"field_qh4icy350e6c3c364\" class=\"frm_primary_label\">Nom\r\n        <span class=\"frm_required\">*<\/span>\r\n    <\/label>\r\n    <input  type=\"text\" id=\"field_qh4icy350e6c3c364\" name=\"item_meta[183]\" value=\"\"  data-reqmsg=\"Ce champ ne peut pas \u00eatre vide\" aria-required=\"true\" data-invmsg=\"Nom est non valide\" aria-invalid=\"false\"   \/>\r\n    \r\n    \r\n<\/div>\n<div id=\"frm_field_184_container\" class=\"frm_form_field form-field  frm_required_field frm_top_container frm_half\">\r\n    <label for=\"field_ocfup13af836a5275\" class=\"frm_primary_label\">Pr\u00e9nom\r\n        <span class=\"frm_required\">*<\/span>\r\n    <\/label>\r\n    <input  type=\"text\" id=\"field_ocfup13af836a5275\" name=\"item_meta[184]\" value=\"\"  data-reqmsg=\"Ce champ ne peut pas \u00eatre vide\" aria-required=\"true\" data-invmsg=\"Pr\u00e9nom est non valide\" aria-invalid=\"false\"   \/>\r\n    \r\n    \r\n<\/div>\n<div id=\"frm_field_185_container\" class=\"frm_form_field form-field  frm_required_field frm_top_container frm_first frm_half\">\r\n    <label for=\"field_29yf4d325f4b1267d\" class=\"frm_primary_label\">Email\r\n        <span class=\"frm_required\">*<\/span>\r\n    <\/label>\r\n    <input type=\"email\" id=\"field_29yf4d325f4b1267d\" name=\"item_meta[185]\" value=\"\"  data-reqmsg=\"Ce champ ne peut pas \u00eatre vide\" aria-required=\"true\" data-invmsg=\"Please enter a valid email address\" aria-invalid=\"false\"  \/>\r\n    \r\n    \r\n<\/div>\n<div id=\"frm_field_186_container\" class=\"frm_form_field form-field  frm_required_field frm_top_container frm_half\">\r\n    <label for=\"field_u4puo9922c2fcc0\" class=\"frm_primary_label\">Num\u00e9ro de t\u00e9l\u00e9phone\r\n        <span class=\"frm_required\">*<\/span>\r\n    <\/label>\r\n    <input type=\"tel\" id=\"field_u4puo9922c2fcc0\" name=\"item_meta[186]\" value=\"\"  data-frmmask=\"000 000 00 00\" data-reqmsg=\"Ce champ ne peut pas \u00eatre vide\" aria-required=\"true\" data-invmsg=\"Num\u00e9ro de t\u00e9l\u00e9phone est non valide\" aria-invalid=\"false\" pattern=\"\\d\\d\\d \\d\\d\\d \\d\\d \\d\\d$\"   aria-describedby=\"frm_desc_field_u4puo9922c2fcc0\"\/>\r\n    <div id=\"frm_desc_field_u4puo9922c2fcc0\" class=\"frm_description\">Ex: 012 345 67 89<\/div>\r\n    \r\n<\/div>\n<div id=\"frm_field_187_container\" class=\"frm_form_field form-field  frm_required_field frm_top_container frm_full\">\r\n    <label for=\"field_kci4txf552240414\" class=\"frm_primary_label\">Adresse\r\n        <span class=\"frm_required\">*<\/span>\r\n    <\/label>\r\n    <textarea name=\"item_meta[187]\" id=\"field_kci4txf552240414\" rows=\"3\"  data-reqmsg=\"Ce champ ne peut pas \u00eatre vide\" aria-required=\"true\" data-invmsg=\"Adresse is invalid\" aria-invalid=\"false\"  ><\/textarea>\r\n    \r\n    \r\n<\/div>\n<div id=\"frm_field_188_container\" class=\"frm_form_field form-field  frm_required_field frm_top_container frm_first frm_half\">\r\n    <label for=\"field_q11v1ra251271e65\" class=\"frm_primary_label\">Code postal\r\n        <span class=\"frm_required\">*<\/span>\r\n    <\/label>\r\n    <input  type=\"text\" id=\"field_q11v1ra251271e65\" name=\"item_meta[188]\" value=\"\"  data-reqmsg=\"Ce champ ne peut pas \u00eatre vide\" aria-required=\"true\" data-invmsg=\"Code postal est non valide\" aria-invalid=\"false\"   \/>\r\n    \r\n    \r\n<\/div>\n<div id=\"frm_field_189_container\" class=\"frm_form_field form-field  frm_required_field frm_top_container frm_half\">\r\n    <label for=\"field_e6lis630e06048aed\" class=\"frm_primary_label\">Ville\r\n        <span class=\"frm_required\">*<\/span>\r\n    <\/label>\r\n    <input  type=\"text\" id=\"field_e6lis630e06048aed\" name=\"item_meta[189]\" value=\"\"  data-reqmsg=\"Ce champ ne peut pas \u00eatre vide\" aria-required=\"true\" data-invmsg=\"Ville est non valide\" aria-invalid=\"false\"   \/>\r\n    \r\n    \r\n<\/div>\n<div id=\"frm_field_191_container\" class=\"frm_form_field form-field  frm_top_container frm_full\">\r\n    <label for=\"field_9jv0r13d903a96246\" class=\"frm_primary_label\">Message\r\n        <span class=\"frm_required\"><\/span>\r\n    <\/label>\r\n    <textarea name=\"item_meta[191]\" id=\"field_9jv0r13d903a96246\" rows=\"5\"  data-invmsg=\"Message is invalid\" aria-invalid=\"false\"  ><\/textarea>\r\n    \r\n    \r\n<\/div>\n<div id=\"frm_field_201_container\" class=\"frm_form_field form-field  frm_none_container\">\r\n    <label for=\"g-recaptcha-response\" class=\"frm_primary_label\">Captcha\r\n        <span class=\"frm_required\"><\/span>\r\n    <\/label>\r\n    <div  id=\"field_62n6q3353b34a576c\" class=\"frm-g-recaptcha\" data-sitekey=\"6LeHdxATAAAAAPLxEo4R8Jz5v5al5NQ7BvXnyvTX\" data-size=\"normal\" data-theme=\"light\"><\/div>\r\n    \r\n    \r\n<\/div>\n<div id=\"frm_field_396_container\" class=\"frm_form_field form-field \">\n\t<div class=\"frm_submit\">\r\n\r\n<input type=\"submit\" value=\"Envoyer\"  class=\"frm_final_submit\" formnovalidate=\"formnovalidate\" \/>\r\n<img decoding=\"async\" class=\"frm_ajax_loading\" src=\"https:\/\/asile.ch\/wp-content\/plugins\/formidable\/images\/ajax_loader.gif\" alt=\"Envoi\"\/>\r\n\r\n<\/div>\n<\/div>\n\t<input type=\"hidden\" name=\"item_key\" value=\"\" \/>\n\t\t\t<div id=\"frm_field_536_container\">\n\t\t\t<label for=\"field_s880z\" >\n\t\t\t\tIf you are human, leave this field blank.\t\t\t<\/label>\n\t\t\t<input  id=\"field_s880z\" type=\"text\" class=\"frm_form_field form-field frm_verify\" name=\"item_meta[536]\" value=\"\"  \/>\n\t\t<\/div>\n\t\t<input name=\"frm_state\" type=\"hidden\" value=\"VmVISWUrWhI7+H391pwo4LDBW9gsM9ph9EFWlqFPJnGLXUGSUPNqrYRif75914PN\" \/><\/div>\n<\/fieldset>\n<\/div>\n\n<\/form>\n<\/div>\n","protected":false},"excerpt":{"rendered":"<p>Recevoir une \u00e9dition gratuite Pas encore abonn\u00e9\u00b7e \u00e0 la revue asile.ch ? Nous vous envoyons volontiers le dernier num\u00e9ro du journal (en esp\u00e9rant que le tenir entre vos mains vous donnera envie de rejoindre notre lectorat !) Il vous suffit de remplir le formulaire ci-dessous. Attention : Offre uniquement valable pour la Suisse.<\/p>","protected":false},"author":2,"featured_media":0,"parent":2726,"menu_order":0,"comment_status":"closed","ping_status":"closed","template":"","meta":{"_acf_changed":false,"footnotes":""},"class_list":["post-79899","page","type-page","status-publish","hentry"],"acf":[],"_links":{"self":[{"href":"https:\/\/asile.ch\/de\/wp-json\/wp\/v2\/pages\/79899","targetHints":{"allow":["GET"]}}],"collection":[{"href":"https:\/\/asile.ch\/de\/wp-json\/wp\/v2\/pages"}],"about":[{"href":"https:\/\/asile.ch\/de\/wp-json\/wp\/v2\/types\/page"}],"author":[{"embeddable":true,"href":"https:\/\/asile.ch\/de\/wp-json\/wp\/v2\/users\/2"}],"replies":[{"embeddable":true,"href":"https:\/\/asile.ch\/de\/wp-json\/wp\/v2\/comments?post=79899"}],"version-history":[{"count":1,"href":"https:\/\/asile.ch\/de\/wp-json\/wp\/v2\/pages\/79899\/revisions"}],"predecessor-version":[{"id":97916,"href":"https:\/\/asile.ch\/de\/wp-json\/wp\/v2\/pages\/79899\/revisions\/97916"}],"up":[{"embeddable":true,"href":"https:\/\/asile.ch\/de\/wp-json\/wp\/v2\/pages\/2726"}],"wp:attachment":[{"href":"https:\/\/asile.ch\/de\/wp-json\/wp\/v2\/media?parent=79899"}],"curies":[{"name":"wp","href":"https:\/\/api.w.org\/{rel}","templated":true}]}}