{"id":2,"date":"2011-05-06T08:41:25","date_gmt":"2011-05-06T08:41:25","guid":{"rendered":"http:\/\/asile.ch\/wp\/?page_id=2"},"modified":"2026-04-27T11:24:44","modified_gmt":"2026-04-27T09:24:44","slug":"nous","status":"publish","type":"page","link":"https:\/\/asile.ch\/en\/association\/nous\/","title":{"rendered":"What are we doing?"},"content":{"rendered":"\n<h2 class=\"wp-block-heading\">Informer, documenter, d\u00e9crypter, sensibiliser<\/h2>\n\n\n\n<p><span class=\"accroche\">asile.ch (anciennement Vivre Ensemble) est une <strong>association romande ind\u00e9pendante<\/strong>, la\u00efque et reconnue d&rsquo;utilit\u00e9 publique. Elle publie une&nbsp;<strong>revue d&rsquo;information et d&rsquo;analyse critique <\/strong>sur&nbsp;la probl\u00e9matique du droit d&rsquo;asile et des r\u00e9fugi\u00e9\u00b7es en Suisse et d\u00e9ploie de nombreuses activit\u00e9s de <strong>documentation<\/strong> et de <strong>lutte contre les pr\u00e9jug\u00e9s en mati\u00e8re d&rsquo;asile, notamment aupr\u00e8s des jeunes, des m\u00e9dias et du monde \u00e9conomique en Suisse romande.<\/strong> <\/span><\/p>\n\n\n<div\n    class=\"c-block--box  is-box--glossaire\">\n    <div class=\"c-block--box-inner\">\n        \n\n<div class=\"wp-block-columns is-layout-flex wp-container-core-columns-is-layout-9d6595d7 wp-block-columns-is-layout-flex\">\n<div class=\"wp-block-column is-layout-flow wp-block-column-is-layout-flow\" style=\"flex-basis:20%\">\n<p>La <strong>Plateforme <a href=\"https:\/\/asile.ch\">asile.ch&nbsp;<\/a><\/strong>propose de la documentation sur les questions d&rsquo;asile et de migrations &nbsp;et relaie&nbsp;les actions des organisations de terrain, petites et grandes, actives &nbsp;en &nbsp;Suisse romande essentiellement. <br>Un moteur de recherche permet d&rsquo;acc\u00e9der \u00e0 l&rsquo;ensemble de notre contenu (plus de 6000 articles). <\/p>\n<\/div>\n\n\n\n<div class=\"wp-block-column is-layout-flow wp-block-column-is-layout-flow\" style=\"flex-basis:20%\">\n<p><strong>La <a href=\"http:\/\/asile.ch\/revue-vivre-ensemble\/\">revue asile.ch<\/a><\/strong> s&rsquo;attache \u00e0 d\u00e9crire la r\u00e9alit\u00e9 des personnes venues trouver refuge en Suisse, \u00e0 questionner les pratiques des autorit\u00e9s, le respect effectif du droit d&rsquo;asile. Elle\u00a0donne \u00e0 voir, \u00e9galement, les mobilisations et exp\u00e9riences men\u00e9es en Suisse par diverses associations engag\u00e9es aux c\u00f4t\u00e9s des exil\u00e9-e-s. La revue para\u00eet cinq fois par an depuis 1985\u00a0et compte quelque 1500 abonn\u00e9-e-s.<\/p>\n<\/div>\n\n\n\n<div class=\"wp-block-column is-layout-flow wp-block-column-is-layout-flow\" style=\"flex-basis:20%\">\n<p>Le <strong><a href=\"http:\/\/asile.ch\/comptoir-des-medias\/\">Comptoir des m\u00e9dias <\/a><\/strong>propose depuis 2013 une veille m\u00e9dia alliant fact-checking et sensibilisation. L&rsquo;action vise \u00e0 favoriser une information dans les m\u00e9dias factuelle, \u00e9quilibr\u00e9e et d\u00e9nu\u00e9e de pr\u00e9jug\u00e9s.  Dans ce cadre, un <a href=\"https:\/\/asile.ch\/memots\/\"><strong>M\u00e9mo[ts] \u00e0 l&rsquo;intention des journalistes pour parler d&rsquo;asile et de migrations<\/strong><\/a> a \u00e9t\u00e9 publi\u00e9 en 2017.<\/p>\n<\/div>\n\n\n\n<div class=\"wp-block-column is-layout-flow wp-block-column-is-layout-flow\" style=\"flex-basis:20%\">\n<p><strong><a href=\"https:\/\/asile.ch\/halte-aux-prejuges\/\">Pr\u00e9jug\u00e9s sur l&rsquo;asile<\/a><\/strong> L&rsquo;association m\u00e8ne divers projets de d\u00e9construction des id\u00e9es re\u00e7ues, qu&rsquo;elle d\u00e9ploie \u00e0 travers ses actions (m\u00e9dias, \u00e9coles, statistiques). Une brochure et un quiz sont propos\u00e9s en fran\u00e7ais, allemand et italien. Sur le site, nous proposons une argumentation et de la doc&rsquo; destin\u00e9e \u00e0 outiller en \u00e9l\u00e9ments factuels et chiffr\u00e9s les personnes int\u00e9ress\u00e9es ou cherchant des r\u00e9ponses ou arguments face aux id\u00e9es re\u00e7ues. <\/p>\n<\/div>\n\n\n\n<div class=\"wp-block-column is-layout-flow wp-block-column-is-layout-flow\" style=\"flex-basis:20%\">\n<p><strong><a href=\"https:\/\/asile.ch\/statistiques\/\" data-type=\"page\" data-id=\"71996\">Les Statistiques&nbsp;<\/a><\/strong><br>sont une mani\u00e8re d&rsquo;analyser le monde. Nous proposons un regard critique sur les donn\u00e9es officielles, des infographies expliqu\u00e9es afin de permettre au public, aux m\u00e9dias et aux chercheurs de mieux appr\u00e9hender les donn\u00e9es. <\/p>\n\n\n\n<p><\/p>\n\n\n\n<p><strong><a href=\"https:\/\/asile.ch\/notre-regard\/publications-vivre-ensemble\/\" data-type=\"page\" data-id=\"6158\">Publications<\/a><\/strong> \u00b7 Vivre Ensemble a publi\u00e9 des hors-s\u00e9ries, encarts, ou articles approfondissant des th\u00e9matiques particuli\u00e8res.<\/p>\n<\/div>\n<\/div>\n\n\n    <\/div>\n<\/div>\n\n\n<div\n    class=\"c-block--box  is-box--\">\n    <div class=\"c-block--box-inner\">\n        \n\n<h2 class=\"wp-block-heading\">Un peu d&rsquo;histoire<\/h2>\n\n\n\n<p>L&rsquo;association est n\u00e9e \u00e0 l&rsquo;automne 1985, avec la parution du premier num\u00e9ro de la revue <em>Vivre Ensemble<\/em>, et, surtout, au moment o\u00f9 la loi sur l&rsquo;asile conna\u00eet son premier durcissement.&nbsp;Vivre Ensemble&nbsp;cherche alors \u00e0 soutenir les personnes mobilis\u00e9es aupr\u00e8s des exil\u00e9-e-s, \u00e0 cr\u00e9er des liens entre les militant-e-s parfois isol\u00e9-e-s.&nbsp;Si le journal vise \u00e0 sensibiliser un public toujours plus large sur la r\u00e9alit\u00e9 de l&rsquo;asile en Suisse, il se d\u00e9finit comme un \u00ab\u00a0Bulletin de liaison pour la d\u00e9fense du droit d&rsquo;asile\u00a0\u00bb.<\/p>\n\n\n\n<p>Durant l&rsquo;ann\u00e9e 2010-2011, l&rsquo;association a f\u00eat\u00e9 ses 25 ans. L&rsquo;occasion de dresser un bilan et de poser des pistes de r\u00e9flexion sur <span style=\"font-style: normal;\"><em>l&rsquo;action et la politique pass\u00e9e et \u00e0 venir en mati\u00e8re de d\u00e9fense des r\u00e9fugi\u00e9-e-s.<\/em><\/span> <\/p>\n\n\n\n<p>En 2024, au vu du rayonnement de sa plateforme d&rsquo;information asile.ch, la revue puis l&rsquo;association ont \u00e9t\u00e9 renomm\u00e9es sous l&rsquo;identit\u00e9 commune <strong>asile.ch<\/strong>, ouvrant une nouvelle page dans son action de d\u00e9fense des personnes r\u00e9fugi\u00e9es.<\/p>\n\n\n    <\/div>\n<\/div>\n\n\n\n<hr class=\"wp-block-separator has-css-opacity is-style-wide\"\/>\n\n\n<section id=\"related-content-block-action-block_357857e2f4a52a9e2c9f2d9920a91735\"\n    class=\"c-block c-block--featured  c-block--card c-block-- \">\n    <div class=\"c-block-title \">\n        <div class=\"c-block-title--label\">asile.ch | Vivre Ensemble dans la presse<\/div>\n        \n        \n        <a class=\"c-block-title--link link-color\" href=\"https:\/\/asile.ch\/recherche\/?&amp;_sft_post_tag=ve-dans-la-presse\">Voir plus<\/a>\n\n    <\/div>\n    <div class=\"flex flex-wrap -mx-4\">\n                                                                \n                                    <div class=\"px-4 mb-8  w-full md:w-1\/2 lg:w-1\/3 xl:w-1\/4 \">\n                        <article class=\"c-card post-90543 post type-post status-publish format-standard has-post-thumbnail hentry category-actualites tag-admission-provisoire tag-cout tag-documentation tag-economie tag-emploi tag-prejuge tag-travail tag-ve-dans-la-presse pays-suisse ve_type-article-de-presse ve_action-documentation\">\n  <a href=\"https:\/\/asile.ch\/en\/2023\/04\/11\/swissinfo-un-acces-au-marche-du-travail-freine-par-les-permis\/\" class=\"c-card-link\">\n    <div class=\"c-card-image\">\n      <img decoding=\"async\" src=\"https:\/\/asile.ch\/wp-content\/uploads\/2023\/04\/contrat-640x420.jpg\"  alt=\"\">\n      <div class=\"c-card-type       is-documentation-tax\n             \">\n\n                          Documentation\n                \n      <\/div>\n    <\/div>\n\n    <h2 class=\"c-card-title\">\n        Swissinfo | Un acc\u00e8s au march\u00e9 du travail frein\u00e9 par les a priori\n    <\/h2>\n    <div class=\"c-card-meta\">\n      11 April 2023\n    <\/div>\n  <\/a>\n<\/article>\n                    <\/div>\n                                                            \n                                    <div class=\"px-4 mb-8  w-full md:w-1\/2 lg:w-1\/3 xl:w-1\/4 \">\n                        <article class=\"c-card post-89269 post type-post status-publish format-standard has-post-thumbnail hentry category-actualites tag-documentation tag-emploi tag-travail tag-ve-dans-la-presse ve_type-doc-web-radio-video ve_action-documentation\">\n  <a href=\"https:\/\/asile.ch\/en\/2023\/02\/02\/voix-dexils-brochure-refugie%c2%b7es-et-emploi-interview-de-sophie-malka\/\" class=\"c-card-link\">\n    <div class=\"c-card-image\">\n      <img decoding=\"async\" src=\"https:\/\/asile.ch\/wp-content\/uploads\/2023\/02\/PP26a_jaune-640x420.jpg\"  alt=\"\">\n      <div class=\"c-card-type       is-documentation-tax\n             \">\n\n                          Documentation\n                \n      <\/div>\n    <\/div>\n\n    <h2 class=\"c-card-title\">\n        Voix d&rsquo;Exils | Brochure \u00ab\u00a0R\u00e9fugi\u00e9\u00b7es et emploi\u00a0\u00bb: interview de Sophie Malka\n    <\/h2>\n    <div class=\"c-card-meta\">\n      2 February 2023\n    <\/div>\n  <\/a>\n<\/article>\n                    <\/div>\n                                                            \n                                    <div class=\"px-4 mb-8  w-full md:w-1\/2 lg:w-1\/3 xl:w-1\/4 \">\n                        <article class=\"c-card post-83350 post type-post status-publish format-standard has-post-thumbnail hentry category-actualites tag-accueil tag-politique-dasile tag-refugie tag-solidarite tag-ve-dans-la-presse ve_type-interview ve_action-documentation\">\n  <a href=\"https:\/\/asile.ch\/en\/2022\/04\/04\/echo-magazine-ukraine-lasile-en-question\/\" class=\"c-card-link\">\n    <div class=\"c-card-image\">\n      <img decoding=\"async\" src=\"https:\/\/asile.ch\/wp-content\/uploads\/2022\/04\/markus-spiske-_NOKeOtMR-s-unsplash2-640x420.jpg\"  alt=\"\">\n      <div class=\"c-card-type       is-documentation-tax\n             \">\n\n                          Documentation\n                \n      <\/div>\n    <\/div>\n\n    <h2 class=\"c-card-title\">\n        Echo Magazine | \u00ab\u00a0Allons vers une vraie politique d&rsquo;accueil!\u00a0\u00bb\n    <\/h2>\n    <div class=\"c-card-meta\">\n      4 April 2022\n    <\/div>\n  <\/a>\n<\/article>\n                    <\/div>\n                                                            \n                                    <div class=\"px-4 mb-8  w-full md:w-1\/2 lg:w-1\/3 xl:w-1\/4 \">\n                        <article class=\"c-card post-82807 post type-post status-publish format-standard has-post-thumbnail hentry category-actualites tag-accueil tag-discrimination tag-documentation tag-permis-s tag-politique-dasile tag-ve-dans-la-presse pays-ukraine ve_type-article-de-presse ve_action-documentation\">\n  <a href=\"https:\/\/asile.ch\/en\/2022\/03\/17\/leman-bleu-refugies-une-politique-daccueil-inegale\/\" class=\"c-card-link\">\n    <div class=\"c-card-image\">\n      <img decoding=\"async\" src=\"https:\/\/asile.ch\/wp-content\/uploads\/2022\/03\/image-reportage-ukraine-640x420.png\"  alt=\"\">\n      <div class=\"c-card-type       is-documentation-tax\n             \">\n\n                          Documentation\n                \n      <\/div>\n    <\/div>\n\n    <h2 class=\"c-card-title\">\n        Leman Bleu | R\u00e9fugi\u00e9s : Une politique d&rsquo;accueil in\u00e9gale\n    <\/h2>\n    <div class=\"c-card-meta\">\n      17 March 2022\n    <\/div>\n  <\/a>\n<\/article>\n                    <\/div>\n                                                <\/div><!-- \/ container -->\n\n<\/section>\n","protected":false},"excerpt":{"rendered":"<p>Informer, documenter, d\u00e9crypter, sensibiliser asile.ch (anciennement Vivre Ensemble) est une association romande ind\u00e9pendante, la\u00efque et reconnue d&rsquo;utilit\u00e9 publique. Elle publie une&nbsp;revue d&rsquo;information et d&rsquo;analyse critique sur&nbsp;la probl\u00e9matique du droit d&rsquo;asile et des r\u00e9fugi\u00e9\u00b7es en Suisse et d\u00e9ploie de nombreuses activit\u00e9s de documentation et de lutte contre les pr\u00e9jug\u00e9s en mati\u00e8re d&rsquo;asile, notamment aupr\u00e8s des jeunes, &hellip; <a href=\"https:\/\/asile.ch\/en\/association\/nous\/\">Continued<\/a><\/p>","protected":false},"author":2,"featured_media":0,"parent":40,"menu_order":0,"comment_status":"closed","ping_status":"closed","template":"","meta":{"_acf_changed":false,"footnotes":""},"class_list":["post-2","page","type-page","status-publish","hentry"],"acf":[],"_links":{"self":[{"href":"https:\/\/asile.ch\/en\/wp-json\/wp\/v2\/pages\/2","targetHints":{"allow":["GET"]}}],"collection":[{"href":"https:\/\/asile.ch\/en\/wp-json\/wp\/v2\/pages"}],"about":[{"href":"https:\/\/asile.ch\/en\/wp-json\/wp\/v2\/types\/page"}],"author":[{"embeddable":true,"href":"https:\/\/asile.ch\/en\/wp-json\/wp\/v2\/users\/2"}],"replies":[{"embeddable":true,"href":"https:\/\/asile.ch\/en\/wp-json\/wp\/v2\/comments?post=2"}],"version-history":[{"count":5,"href":"https:\/\/asile.ch\/en\/wp-json\/wp\/v2\/pages\/2\/revisions"}],"predecessor-version":[{"id":108979,"href":"https:\/\/asile.ch\/en\/wp-json\/wp\/v2\/pages\/2\/revisions\/108979"}],"up":[{"embeddable":true,"href":"https:\/\/asile.ch\/en\/wp-json\/wp\/v2\/pages\/40"}],"wp:attachment":[{"href":"https:\/\/asile.ch\/en\/wp-json\/wp\/v2\/media?parent=2"}],"curies":[{"name":"wp","href":"https:\/\/api.w.org\/{rel}","templated":true}]}}