{"id":2726,"date":"2011-08-19T08:05:34","date_gmt":"2011-08-19T08:05:34","guid":{"rendered":"http:\/\/asile.ch\/wp\/?page_id=2726"},"modified":"2024-12-06T14:51:06","modified_gmt":"2024-12-06T13:51:06","slug":"revue","status":"publish","type":"page","link":"https:\/\/asile.ch\/en\/revue\/","title":{"rendered":"Revue d&rsquo;information"},"content":{"rendered":"<p><span class=\"accroche\">The review&nbsp;<strong>asile.ch<\/strong>&nbsp;apporte un \u00e9clairage critique sur la probl\u00e9matique du droit d&rsquo;asile et des r\u00e9fugi\u00e9s en Suisse. Elle propose des analyses, t\u00e9moignages, humeurs, prises de position sur l&rsquo;accueil r\u00e9serv\u00e9 aux personnes contraintes de quitter leur pays et venues chercher refuge en Suisse. Elle donne \u00e0 entendre&nbsp;leur voix et cherche \u00e0 d\u00e9crire l&rsquo;action de celles et ceux qui se mobilisent \u00e0 leur c\u00f4t\u00e9. Uniquement financ\u00e9e par ses abonn\u00e9\u00b7es, la revue est publi\u00e9e cinq fois par ann\u00e9e. <\/span><\/p>\n\n\n\n<div class=\"wp-block-columns is-layout-flex wp-container-core-columns-is-layout-9d6595d7 wp-block-columns-is-layout-flex\">\n<div class=\"wp-block-column is-layout-flow wp-block-column-is-layout-flow\" style=\"flex-basis:66.66%\"><section id=\"numeros-block_069ceaaacd513bcd2b739eec7e60aa9e\" class=\"numeros align c-block c-block--numeros\">\n\n  \n        <div class=\"is-simple-layout\">\n        \n          <h2 class=\"has-revue-color\">  No. 207 | April 2026<\/h2>\n\n                          <article class=\"c-card c-card-sommaire c-card-sommaire--horizontal post-2726 page type-page status-publish hentry\">\n    <a href=\"https:\/\/asile.ch\/en\/ve_numero\/ve-207-avril-2026\/\" class=\"c-card-link\">\n    <div class=\"-mx-2 lg:flex\">\n        <div class=\"w-full px-2 lg:w-1\/2 c-card-image\">\n            <img loading=\"lazy\" decoding=\"async\" width=\"640\" height=\"908\" src=\"https:\/\/asile.ch\/wp-content\/uploads\/2026\/04\/as_pp_basse-pdf.jpg\" class=\"revue-cover\" alt=\"\" \/>\n        <\/div>\n        <div class=\"w-full px-2 lg:w-1\/2\">\n            <h2 class=\"c-card-title has-revue-color\">\n                No. 207 | April 2026\n            <\/h2>\n            <div class=\"c-card-content\">\n                <p><span class=\"accroche\"><strong>A Switzerland of 10 million. Because of asylum?<\/strong><br \/>\nAs the vote on \u00abNo to 10 Million Swiss\u00bb approaches, this edition offers an in-depth analysis of the text being put to a vote, what it would imply for Switzerland, and deconstructs the arguments put forward by the UDC's leaders to defend it.<br \/>\nOur editorial, meanwhile, focuses on the spread of misinformation through certain parliamentary documents that have been tabled and discussed in the Federal Parliament. These sometimes reflect the opinions of their authors more than reality and contain inaccuracies that infiltrate the entire information chain, also feeding artificial intelligence. This is a challenge for democratic debate.<\/span><\/p>\n\n            <\/div>\n        <\/div>\n        <\/div>\n    <\/a>\n<\/article>\n                        <\/div>\n    \n  \n\n<\/section>\n<\/div>\n\n\n\n<div class=\"wp-block-column is-vertically-aligned-center is-layout-flow wp-block-column-is-layout-flow\" style=\"flex-basis:33.33%\"><section\n  class=\"c-hero c-hero--cta c-hero--normal has-neutre-bg\">\n  <div class=\"c-hero-container\">\n\n        <h3\n      class=\"c-hero-title\">\n        Engagez-vous, soutenez-nous, abonnez-vous!    <\/h3>\n    \n\n    \n        <a href=\"https:\/\/asile.ch\/en\/revue\/abonnement\/\" target=\"\" class=\"c-hero-link c-button  has-revue-bg has-white-border border-2 border-solid\">\n        Je m&#039;abonne\n    <\/a>\n    \n  <\/div><!-- \/ container -->\n<\/section>\n\n\n\n<div class=\"wp-block-buttons is-horizontal is-content-justification-center is-layout-flex wp-container-core-buttons-is-layout-499968f5 wp-block-buttons-is-layout-flex\">\n<div class=\"wp-block-button is-style-outline is-style-outline--1\"><a class=\"wp-block-button__link has-revue-color has-blanc-background-color has-text-color has-background wp-element-button\" href=\"https:\/\/asile.ch\/en\/revue-vivre-ensemble\/recevoir-une-edition-gratuite\/\">Tester le dernier num\u00e9ro de la revue<\/a><\/div>\n<\/div>\n<\/div>\n<\/div>\n\n\n\n<div class=\"wp-block-columns is-layout-flex wp-container-core-columns-is-layout-9d6595d7 wp-block-columns-is-layout-flex\">\n<div class=\"wp-block-column is-layout-flow wp-block-column-is-layout-flow\" style=\"flex-basis:66.66%\"><div class=\"my-8 c-block c-block-HeroSlider\">\n\n    <div class=\"c-block-title\">Derniers articles &lsquo;maison&rsquo; publi\u00e9s sur notre site<\/div>        <div class=\"c-HeroSlider js-carousel\" data-flickity='{ \"autoPlay\": 7000, \"wrapAround\": true, \"fade\":true }'>\n            \n                                                <a href=\"https:\/\/asile.ch\/en\/2026\/05\/14\/emploi-swissuniversities-abandonne-les-diplome%c2%b7es-des-etats-tiers\/\"\n    class=\"block w-full h-full bg-center bg-cover c-HeroSlide js-carouselItem js-bgImg is-notre-regard-tax\">\n     <img decoding=\"async\" src=\"https:\/\/asile.ch\/wp-content\/uploads\/2026\/05\/PP16a-1280x840.jpg\"  alt=\"\" class=\"object-cover w-full hidden\">\n    <div class=\"flex h-full\">\n        <div class=\"bg-white c-card-content\">\n            <div class=\"c-card-content-inner\">\n            <div class=\"\">\n                <span class=\"text-sm text-black no-underline border-b-4 flex-start link-color\">Our gaze<\/span>\n            <\/div>\n            <div class=\"c-card-title\">Jobs | swissuniversities abandons third-country graduates<\/div>  <\/div>\n        <\/div>\n    <\/div>\n<\/a>\n                                    <a href=\"https:\/\/asile.ch\/en\/2026\/05\/07\/punir-les-criminels-pas-la-solidarite\/\"\n    class=\"block w-full h-full bg-center bg-cover c-HeroSlide js-carouselItem js-bgImg is-notre-regard-tax\">\n     <img decoding=\"async\" src=\"https:\/\/asile.ch\/wp-content\/uploads\/2026\/05\/AspectsJuridiquesFinal-1280x840.jpeg\"  alt=\"\" class=\"object-cover w-full hidden\">\n    <div class=\"flex h-full\">\n        <div class=\"bg-white c-card-content\">\n            <div class=\"c-card-content-inner\">\n            <div class=\"\">\n                <span class=\"text-sm text-black no-underline border-b-4 flex-start link-color\">Our gaze<\/span>\n            <\/div>\n            <div class=\"c-card-title\">Punish criminals, not solidarity<\/div>  <\/div>\n        <\/div>\n    <\/div>\n<\/a>\n                                    <a href=\"https:\/\/asile.ch\/en\/2026\/05\/01\/une-suisse-a-10-millions-a-cause-de-lasile\/\"\n    class=\"block w-full h-full bg-center bg-cover c-HeroSlide js-carouselItem js-bgImg is-notre-regard-tax\">\n     <img decoding=\"async\" src=\"https:\/\/asile.ch\/wp-content\/uploads\/2026\/05\/Vivre10millions1int1bb-jpg-hor-1280x840.jpg\"  alt=\"\" class=\"object-cover w-full hidden\">\n    <div class=\"flex h-full\">\n        <div class=\"bg-white c-card-content\">\n            <div class=\"c-card-content-inner\">\n            <div class=\"\">\n                <span class=\"text-sm text-black no-underline border-b-4 flex-start link-color\">Our gaze<\/span>\n            <\/div>\n            <div class=\"c-card-title\">A \u00abSwitzerland of 10 million\u00bb: because of asylum?<\/div>  <\/div>\n        <\/div>\n    <\/div>\n<\/a>\n                                    <a href=\"https:\/\/asile.ch\/en\/2026\/04\/24\/refugie%c2%b7es-de-gaza-renvoyer-coute-que-coute\/\"\n    class=\"block w-full h-full bg-center bg-cover c-HeroSlide js-carouselItem js-bgImg is-notre-regard-tax\">\n     <img decoding=\"async\" src=\"https:\/\/asile.ch\/wp-content\/uploads\/2026\/04\/houssem-bouaza-uIeX3kEa-8-unsplash-1280x840.jpg\"  alt=\"\" class=\"object-cover w-full hidden\">\n    <div class=\"flex h-full\">\n        <div class=\"bg-white c-card-content\">\n            <div class=\"c-card-content-inner\">\n            <div class=\"\">\n                <span class=\"text-sm text-black no-underline border-b-4 flex-start link-color\">Our gaze<\/span>\n            <\/div>\n            <div class=\"c-card-title\">R\u00e9fugi\u00e9\u00b7es de Gaza | Renvoyer co\u00fbte que co\u00fbte?<\/div>  <\/div>\n        <\/div>\n    <\/div>\n<\/a>\n                                    <a href=\"https:\/\/asile.ch\/en\/2026\/04\/24\/statistiques-refugie%c2%b7es-de-gaza-quelle-protection\/\"\n    class=\"block w-full h-full bg-center bg-cover c-HeroSlide js-carouselItem js-bgImg is-notre-regard-tax\">\n     <img decoding=\"async\" src=\"https:\/\/asile.ch\/wp-content\/uploads\/2026\/04\/ash-hayes-qQ_3Se2Vy20-unsplash-1280x840.jpg\"  alt=\"\" class=\"object-cover w-full hidden\">\n    <div class=\"flex h-full\">\n        <div class=\"bg-white c-card-content\">\n            <div class=\"c-card-content-inner\">\n            <div class=\"\">\n                <span class=\"text-sm text-black no-underline border-b-4 flex-start link-color\">Our gaze<\/span>\n            <\/div>\n            <div class=\"c-card-title\">Statistiques | R\u00e9fugi\u00e9\u00b7es de Gaza. Quelle protection ?<\/div>  <\/div>\n        <\/div>\n    <\/div>\n<\/a>\n                                    <a href=\"https:\/\/asile.ch\/en\/2026\/04\/20\/ledito-desinformation-et-biais-dautorite\/\"\n    class=\"block w-full h-full bg-center bg-cover c-HeroSlide js-carouselItem js-bgImg is-notre-regard-tax\">\n     <img decoding=\"async\" src=\"https:\/\/asile.ch\/wp-content\/uploads\/2026\/04\/Swiss_Council_Logo-1280x840.png\"  alt=\"\" class=\"object-cover w-full hidden\">\n    <div class=\"flex h-full\">\n        <div class=\"bg-white c-card-content\">\n            <div class=\"c-card-content-inner\">\n            <div class=\"\">\n                <span class=\"text-sm text-black no-underline border-b-4 flex-start link-color\">Our gaze<\/span>\n            <\/div>\n            <div class=\"c-card-title\">The editorial | Disinformation and authority bias<\/div>  <\/div>\n        <\/div>\n    <\/div>\n<\/a>\n                                    <\/div>\n\n    <\/div>\n<\/div>\n\n\n\n<div class=\"wp-block-column is-vertically-aligned-center is-layout-flow wp-block-column-is-layout-flow\" style=\"flex-basis:33.33%\"><section id=\"block_331e1f1e58564756043974dfb3db8d8e\" class=\"big-links align c-block--big-links my-8 c-block--big-links--small\">\n    \n    <div class=\"grid grid-flow-col gap-4 auto-cols-fr\">\n                                    <a href=\"https:\/\/asile.ch\/en\/association\/comment-nous-soutenir\/\" class=\"c-block--big-links-item relative has-neutre-bg has-white-border has-revue-color\" target=\"\">\n\n                                        D\u00e9j\u00e0 abonn\u00e9? Soutenez-nous par un don!<\/a>\n                        <\/div>\n<\/section>\n\n\n\n<figure class=\"wp-block-image size-full is-style-default\"><img loading=\"lazy\" decoding=\"async\" width=\"1087\" height=\"496\" src=\"https:\/\/asile.ch\/wp-content\/uploads\/2021\/09\/TWINT_Montant-personalise_FR.png\" alt=\"\" class=\"wp-image-77918\" srcset=\"https:\/\/asile.ch\/wp-content\/uploads\/2021\/09\/TWINT_Montant-personalise_FR.png 1087w, https:\/\/asile.ch\/wp-content\/uploads\/2021\/09\/TWINT_Montant-personalise_FR-300x137.png 300w, https:\/\/asile.ch\/wp-content\/uploads\/2021\/09\/TWINT_Montant-personalise_FR-150x68.png 150w\" sizes=\"auto, (max-width: 1087px) 100vw, 1087px\" \/><\/figure>\n<\/div>\n<\/div>\n\n\n<section id=\"numeros-block_bf6e061002fbc51636346e7561cd35b5\" class=\"numeros align c-block c-block--numeros\">\n\n    <div class=\"c-block-title has-revue-border\">\n    <div class=\"c-block-title--label\">Les derniers num\u00e9ros<\/div>\n            <\/div>\n        <div class=\"c-section-archive-grid\">\n                              <article class=\"c-card c-card-sommaire post-2726 page type-page status-publish hentry\">\n    <a href=\"https:\/\/asile.ch\/en\/ve_numero\/ve-206-fev-2026\/\" class=\"c-card-link\">\n        <div class=\"c-card-image\">\n            <img loading=\"lazy\" decoding=\"async\" width=\"640\" height=\"908\" src=\"https:\/\/asile.ch\/wp-content\/uploads\/2026\/02\/as_pp_basse-pdf.jpg\" class=\"revue-cover\" alt=\"\" \/>\n        <\/div>\n        <div class=\"c-card-meta\">\n        <\/div>\n        <h2 class=\"c-card-title\">\n            N\u00b0206 | f\u00e9v 2026\n        <\/h2>\n    <\/a>\n<\/article>\n                                        <article class=\"c-card c-card-sommaire post-2726 page type-page status-publish hentry\">\n    <a href=\"https:\/\/asile.ch\/en\/ve_numero\/ve-205-dec-2025\/\" class=\"c-card-link\">\n        <div class=\"c-card-image\">\n            <img loading=\"lazy\" decoding=\"async\" width=\"640\" height=\"908\" src=\"https:\/\/asile.ch\/wp-content\/uploads\/2025\/12\/as_205_pp_basse-1-pdf.jpg\" class=\"revue-cover\" alt=\"\" \/>\n        <\/div>\n        <div class=\"c-card-meta\">\n        <\/div>\n        <h2 class=\"c-card-title\">\n            N\u00b0205 | d\u00e9c 2025\n        <\/h2>\n    <\/a>\n<\/article>\n                                        <article class=\"c-card c-card-sommaire post-2726 page type-page status-publish hentry\">\n    <a href=\"https:\/\/asile.ch\/en\/ve_numero\/ve-204-sept-oct-2025\/\" class=\"c-card-link\">\n        <div class=\"c-card-image\">\n            <img loading=\"lazy\" decoding=\"async\" width=\"640\" height=\"908\" src=\"https:\/\/asile.ch\/wp-content\/uploads\/2025\/09\/as_204_pp_basse-pdf.jpg\" class=\"revue-cover\" alt=\"\" \/>\n        <\/div>\n        <div class=\"c-card-meta\">\n        <\/div>\n        <h2 class=\"c-card-title\">\n            N\u00b0204 | sept-oct 2025\n        <\/h2>\n    <\/a>\n<\/article>\n                                        <article class=\"c-card c-card-sommaire post-2726 page type-page status-publish hentry\">\n    <a href=\"https:\/\/asile.ch\/en\/ve_numero\/ve-203-juin-2025-2\/\" class=\"c-card-link\">\n        <div class=\"c-card-image\">\n            <img loading=\"lazy\" decoding=\"async\" width=\"640\" height=\"908\" src=\"https:\/\/asile.ch\/wp-content\/uploads\/2025\/06\/as_ppage_bas-pdf.jpg\" class=\"revue-cover\" alt=\"\" \/>\n        <\/div>\n        <div class=\"c-card-meta\">\n        <\/div>\n        <h2 class=\"c-card-title\">\n            N\u00b0203 | juin 2025\n        <\/h2>\n    <\/a>\n<\/article>\n                                        <article class=\"c-card c-card-sommaire post-2726 page type-page status-publish hentry\">\n    <a href=\"https:\/\/asile.ch\/en\/ve_numero\/ve-202-avril-2025\/\" class=\"c-card-link\">\n        <div class=\"c-card-image\">\n            <img loading=\"lazy\" decoding=\"async\" width=\"640\" height=\"908\" src=\"https:\/\/asile.ch\/wp-content\/uploads\/2025\/04\/as_202_pp_bas-pdf.jpg\" class=\"revue-cover\" alt=\"\" \/>\n        <\/div>\n        <div class=\"c-card-meta\">\n        <\/div>\n        <h2 class=\"c-card-title\">\n            N\u00b0202 \/ avril 2025\n        <\/h2>\n    <\/a>\n<\/article>\n                                        <article class=\"c-card c-card-sommaire post-2726 page type-page status-publish hentry\">\n    <a href=\"https:\/\/asile.ch\/en\/ve_numero\/ve-201-fevrier-2025\/\" class=\"c-card-link\">\n        <div class=\"c-card-image\">\n            <img loading=\"lazy\" decoding=\"async\" width=\"640\" height=\"908\" src=\"https:\/\/asile.ch\/wp-content\/uploads\/2025\/02\/asile201_leger_pp-pdf.jpg\" class=\"revue-cover\" alt=\"\" \/>\n        <\/div>\n        <div class=\"c-card-meta\">\n        <\/div>\n        <h2 class=\"c-card-title\">\n            N\u00b0201 \/ f\u00e9vrier 2025\n        <\/h2>\n    <\/a>\n<\/article>\n                                        <article class=\"c-card c-card-sommaire post-2726 page type-page status-publish hentry\">\n    <a href=\"https:\/\/asile.ch\/en\/ve_numero\/ve-200-decembre-2024\/\" class=\"c-card-link\">\n        <div class=\"c-card-image\">\n            <img loading=\"lazy\" decoding=\"async\" width=\"640\" height=\"908\" src=\"https:\/\/asile.ch\/wp-content\/uploads\/2024\/12\/asile200_basse_pp-pdf.jpg\" class=\"revue-cover\" alt=\"\" \/>\n        <\/div>\n        <div class=\"c-card-meta\">\n        <\/div>\n        <h2 class=\"c-card-title\">\n            N\u00b0200 \/ d\u00e9cembre 2024\n        <\/h2>\n    <\/a>\n<\/article>\n                                        <article class=\"c-card c-card-sommaire post-2726 page type-page status-publish hentry\">\n    <a href=\"https:\/\/asile.ch\/en\/ve_numero\/ve-199-septembre-2024\/\" class=\"c-card-link\">\n        <div class=\"c-card-image\">\n            <img loading=\"lazy\" decoding=\"async\" width=\"640\" height=\"908\" src=\"https:\/\/asile.ch\/wp-content\/uploads\/2024\/09\/199_ppages_basse-pdf.jpg\" class=\"revue-cover\" alt=\"\" \/>\n        <\/div>\n        <div class=\"c-card-meta\">\n        <\/div>\n        <h2 class=\"c-card-title\">\n            N\u00b0199 \/ septembre 2024\n        <\/h2>\n    <\/a>\n<\/article>\n                      <\/div>\n  \n  \n\n<\/section>\n\n\n<section id=\"block_a5630cbbfff01a8c8f1b0668ad19da05\" class=\"big-links align c-block--big-links my-8 c-block--big-links--small\">\n    \n    <div class=\"grid grid-flow-col gap-4 auto-cols-fr\">\n                                    <a href=\"https:\/\/asile.ch\/en\/revue-vivre-ensemble\/sommaires\/\" class=\"c-block--big-links-item relative has-neutre-bg has-revue-border has-revue-color\" target=\"\">\n\n                                        Toutes les \u00e9ditions depuis le journal n\u00b0 73<\/a>\n                                                <a href=\"https:\/\/asile.ch\/en\/revue-vivre-ensemble\/anciens-numeros\/\" class=\"c-block--big-links-item relative has-neutre-bg has-revue-border has-revue-color\" target=\"\">\n\n                                        Les archives de la revue Vivre Ensemble du n\u00b01 au n\u00b072<\/a>\n                        <\/div>\n<\/section>","protected":false},"excerpt":{"rendered":"<p>La revue&nbsp;asile.ch&nbsp;apporte un \u00e9clairage critique sur la probl\u00e9matique du droit d&rsquo;asile et des r\u00e9fugi\u00e9s en Suisse. Elle propose des analyses, t\u00e9moignages, humeurs, prises de position sur l&rsquo;accueil r\u00e9serv\u00e9 aux personnes contraintes de quitter leur pays et venues chercher refuge en Suisse. Elle donne \u00e0 entendre&nbsp;leur voix et cherche \u00e0 d\u00e9crire l&rsquo;action de celles et ceux &hellip; <a href=\"https:\/\/asile.ch\/en\/revue\/\">Continued<\/a><\/p>","protected":false},"author":2,"featured_media":0,"parent":0,"menu_order":0,"comment_status":"closed","ping_status":"closed","template":"","meta":{"_acf_changed":false,"footnotes":""},"class_list":["post-2726","page","type-page","status-publish","hentry"],"acf":[],"_links":{"self":[{"href":"https:\/\/asile.ch\/en\/wp-json\/wp\/v2\/pages\/2726","targetHints":{"allow":["GET"]}}],"collection":[{"href":"https:\/\/asile.ch\/en\/wp-json\/wp\/v2\/pages"}],"about":[{"href":"https:\/\/asile.ch\/en\/wp-json\/wp\/v2\/types\/page"}],"author":[{"embeddable":true,"href":"https:\/\/asile.ch\/en\/wp-json\/wp\/v2\/users\/2"}],"replies":[{"embeddable":true,"href":"https:\/\/asile.ch\/en\/wp-json\/wp\/v2\/comments?post=2726"}],"version-history":[{"count":3,"href":"https:\/\/asile.ch\/en\/wp-json\/wp\/v2\/pages\/2726\/revisions"}],"predecessor-version":[{"id":99018,"href":"https:\/\/asile.ch\/en\/wp-json\/wp\/v2\/pages\/2726\/revisions\/99018"}],"wp:attachment":[{"href":"https:\/\/asile.ch\/en\/wp-json\/wp\/v2\/media?parent=2726"}],"curies":[{"name":"wp","href":"https:\/\/api.w.org\/{rel}","templated":true}]}}