{"id":38587,"date":"2017-03-30T12:00:58","date_gmt":"2017-03-30T10:00:58","guid":{"rendered":"https:\/\/asile.ch\/?page_id=38587"},"modified":"2025-07-29T15:24:54","modified_gmt":"2025-07-29T13:24:54","slug":"memots","status":"publish","type":"page","link":"https:\/\/asile.ch\/en\/memots\/","title":{"rendered":"Glossaire de l&rsquo;asile"},"content":{"rendered":"\n<h1 class=\"wp-block-heading\" id=\"block-39835cb4-f2d7-4f66-8bf0-ccf3c3034a40\">M\u00e9mo[ts] \u00e0 l&rsquo;intention des journalistes pour parler d&rsquo;asile et de migrations<\/h1>\n\n\n<div\n    class=\"c-block--box  is-box--glossaire\">\n    <div class=\"c-block--box-inner\">\n        \n\n<div class=\"wp-block-columns is-layout-flex wp-container-core-columns-is-layout-9d6595d7 wp-block-columns-is-layout-flex\">\n<div class=\"wp-block-column is-layout-flow wp-block-column-is-layout-flow\" style=\"flex-basis:33.33%\">\n<figure class=\"wp-block-image size-full is-resized\"><img loading=\"lazy\" decoding=\"async\" width=\"959\" height=\"1226\" src=\"https:\/\/asile.ch\/wp-content\/uploads\/2021\/09\/Image_couv.png\" alt=\"\" class=\"wp-image-77141\" style=\"width:320px;height:410px\" srcset=\"https:\/\/asile.ch\/wp-content\/uploads\/2021\/09\/Image_couv.png 959w, https:\/\/asile.ch\/wp-content\/uploads\/2021\/09\/Image_couv-235x300.png 235w, https:\/\/asile.ch\/wp-content\/uploads\/2021\/09\/Image_couv-117x150.png 117w\" sizes=\"auto, (max-width: 959px) 100vw, 959px\" \/><\/figure>\n<\/div>\n\n\n\n<div class=\"wp-block-column is-layout-flow wp-block-column-is-layout-flow\" style=\"flex-basis:66.66%\">\n<p>asile.ch (ex-<strong>Vivre Ensemble) a mis \u00e0 jour en 2024 son <em>M\u00e9mo[ts] \u00e0 l\u2019intention des journalistes pour parler d\u2019asile et de migrations<\/em>. Con\u00e7u et \u00e9labor\u00e9 comme un outil pour les professionnels de l\u2019information, il&nbsp;s&rsquo;adresse \u00e9galement \u00e0 toute personne qui souhaite comprendre ce que recouvrent&nbsp;les diff\u00e9rentes d\u00e9nominations li\u00e9es \u00e0 l&rsquo;asile et \u00e0&nbsp;la migration. <\/strong><\/p>\n\n\n\n<p><strong>Il pr\u00e9cise la signification l\u00e9gale,&nbsp;administrative ou g\u00e9n\u00e9rique de certains termes, ainsi que les droits li\u00e9s \u00e0 certains statuts&nbsp;juridiques en Suisse.<\/strong><\/p>\n\n\n\n\n\n<div class=\"wp-block-buttons is-layout-flex wp-block-buttons-is-layout-flex\">\n<div class=\"wp-block-button\"><a class=\"wp-block-button__link has-blanc-color has-glossaire-background-color has-text-color has-background wp-element-button\" href=\"https:\/\/asile.ch\/wp-content\/uploads\/2021\/09\/brochure_asile24_dp_haute.pdf\">T\u00e9l\u00e9charger le M\u00e9mo[ts]<\/a><\/div>\n\n\n\n<div class=\"wp-block-button is-style-outline is-style-outline--1\"><a class=\"wp-block-button__link has-glossaire-color has-text-color wp-element-button\" href=\"https:\/\/asile.ch\/notre-regard\/commandes-de-publications\/\" target=\"_blank\" rel=\"noreferrer noopener\">Commander en format papier<\/a><\/div>\n<\/div>\n\n\n\n<p><span class=\"commentaire\">La version en ligne du <em>M\u00e9mo[ts]<\/em> est r\u00e9guli\u00e8rement mise \u00e0 jour.<\/span><\/p>\n<\/div>\n<\/div>\n\n\n    <\/div>\n<\/div>\n\n\n<div\n    class=\"c-block--box  is-box--glossaire\">\n    <div class=\"c-block--box-inner\">\n        \n\n<h2 class=\"wp-block-heading has-glossaire-color has-text-color\">Le M\u00e9mo[ts], c&rsquo;est un glossaire et un petit guide d\u00e9ontologique<\/h2>\n\n\n\n<h3 class=\"wp-block-heading has-noir-color has-text-color\">Le glossaire<\/h3>\n\n\n\n<p>Le <strong>glossaire<\/strong> pr\u00e9cise la signification l\u00e9gale, administrative ou g\u00e9n\u00e9rique de certains termes ou expressions, ainsi que les droits li\u00e9s \u00e0 certains statuts juridiques en Suisse. <\/p>\n\n\n\n<p><\/p>\n\n\n\n<div class=\"wp-block-columns is-layout-flex wp-container-core-columns-is-layout-9d6595d7 wp-block-columns-is-layout-flex\">\n<div class=\"wp-block-column is-layout-flow wp-block-column-is-layout-flow\">\n<h4 class=\"wp-block-heading has-glossaire-color has-text-color\"><strong>[<a href=\"https:\/\/asile.ch\/memot\/de-parle-t-on\/\" target=\"_blank\" rel=\"noreferrer noopener\">De qui parle-t-on?<\/a>]<\/strong><\/h4>\n\n\n\n<ul class=\"wp-block-list\">\n<li><a href=\"https:\/\/asile.ch\/memot\/de-parle-t-on\/demandeur-se-dasile\/\">Demandeur\u00b7euse d\u2019asile<\/a><\/li>\n\n\n\n<li><a href=\"https:\/\/asile.ch\/memot\/de-parle-t-on\/migrant-e\/\">Migrant\u00b7e<\/a><\/li>\n\n\n\n<li><a href=\"http:\/\/asile.ch\/memot\/de-parle-t-on\/refugie-e\/\">R\u00e9fugi\u00e9\u00b7e<\/a><\/li>\n\n\n\n<li><a href=\"https:\/\/asile.ch\/memot\/de-parle-t-on\/refugie-e-admis-e-a-titre-provisoire\/\">R\u00e9fugi\u00e9\u00b7e admis\u00b7e provisoire<\/a>ment<\/li>\n\n\n\n<li><a href=\"https:\/\/asile.ch\/memot\/de-parle-t-on\/quen-personnes-fuyant-conflits-guerres\/\">Qu\u2019en est-il des personnes fuyant les guerres et les conflits?<\/a><\/li>\n\n\n\n<li><a href=\"https:\/\/asile.ch\/memot\/de-parle-t-on\/personne-admise-provisoirement\/\">Personne admise provisoirement<\/a><\/li>\n\n\n\n<li><a href=\"https:\/\/asile.ch\/memot\/de-parle-t-on\/personne-a-proteger\/\" target=\"_blank\" rel=\"noreferrer noopener\">Personne \u00e0 prot\u00e9ger<\/a><\/li>\n\n\n\n<li><a href=\"https:\/\/asile.ch\/memot\/de-parle-t-on\/mineur-e-non-accompagne-e-mna\/\">Mineur\u00b7e non accompagn\u00e9\u00b7e<\/a>&nbsp;(MNA)<\/li>\n\n\n\n<li><a href=\"https:\/\/asile.ch\/memot\/de-parle-t-on\/deboute-e\/\"><abbr title=\"\">D\u00e9bout\u00e9\u00b7e<\/abbr><\/a><\/li>\n\n\n\n<li><a href=\"https:\/\/asile.ch\/memot\/de-parle-t-on\/apatride\/\">Apatride<\/a><\/li>\n\n\n\n<li><a href=\"https:\/\/asile.ch\/memot\/de-parle-t-on\/papiers-personne-statut-legal\/\">Sans-papiers, personne sans statut l\u00e9gal<\/a><\/li>\n<\/ul>\n<\/div>\n\n\n\n<div class=\"wp-block-column is-layout-flow wp-block-column-is-layout-flow\">\n<h4 class=\"wp-block-heading has-glossaire-color has-text-color\"><strong>[<a href=\"https:\/\/asile.ch\/memot\/de-parle-t-on\/\" target=\"_blank\" rel=\"noreferrer noopener\">De quoi parle-t-on?<\/a>]<\/strong><\/h4>\n\n\n\n<ul class=\"wp-block-list\">\n<li><a href=\"https:\/\/asile.ch\/memot\/de-quoi-parle-t-on\/procedure-dasile\/\" data-type=\"link\" data-id=\"https:\/\/asile.ch\/memot\/de-quoi-parle-t-on\/procedure-dasile\/\" target=\"_blank\" rel=\"noreferrer noopener\">Proc\u00e9dure d\u2019asile<\/a><\/li>\n\n\n\n<li><a href=\"https:\/\/asile.ch\/memot\/de-quoi-parle-t-on\/procedure-nationale-acceleree-ou-etendue\/\" data-type=\"memot\" data-id=\"100184\" target=\"_blank\" rel=\"noreferrer noopener\">Proc\u00e9dure nationale acc\u00e9l\u00e9r\u00e9e ou \u00e9tendue<\/a><\/li>\n\n\n\n<li><a href=\"https:\/\/asile.ch\/memot\/de-quoi-parle-t-on\/centre-denregistrement-de-procedure-cep-centre-federal-requerant-e-s-dasile-cfa\/\" data-type=\"memot\" data-id=\"39325\" target=\"_blank\" rel=\"noreferrer noopener\">Centre f\u00e9d\u00e9ral d\u2019asile<\/a> (<abbr class='c2c-text-hover' title='Centres f\u00e9d\u00e9raux d\u2019asile : lieux o\u00f9 les requ\u00e9rant\u00b7es d\u00e9posent leur demande et o\u00f9 les acteur\u00b7trices de la proc\u00e9dure, qui y sont tous r\u00e9uni\u00b7es, examinent la demande. Les requ\u00e9rant\u00b7es sont log\u00e9\u00b7es dans ces structures collectives pendant la proc\u00e9dure.'>CFA<\/abbr>)<\/li>\n\n\n\n<li><a href=\"https:\/\/asile.ch\/memot\/de-quoi-parle-t-on\/demandes-dasile-primaires-et-secondaires\/\" data-type=\"memot\" data-id=\"100093\" target=\"_blank\" rel=\"noreferrer noopener\">Demande d&rsquo;asile primaire et secondaire<\/a><\/li>\n\n\n\n<li><a href=\"https:\/\/asile.ch\/memot\/de-quoi-parle-t-on\/principe-de-non-refoulement\/\" data-type=\"memot\" data-id=\"39452\" target=\"_blank\" rel=\"noreferrer noopener\">Principe de non-refoulement<\/a><\/li>\n\n\n\n<li><a href=\"https:\/\/asile.ch\/memot\/de-quoi-parle-t-on\/entree-sejour-irregulier-e\/\" data-type=\"memot\" data-id=\"39454\" target=\"_blank\" rel=\"noreferrer noopener\">Entr\u00e9e ou s\u00e9jour irr\u00e9gulier\u00b7e<\/a><\/li>\n\n\n\n<li><a href=\"https:\/\/asile.ch\/memot\/de-quoi-parle-t-on\/decision-de-non-entree-matiere-nem\/\" data-type=\"memot\" data-id=\"39456\" target=\"_blank\" rel=\"noreferrer noopener\">D\u00e9cision de non-entr\u00e9e en mati\u00e8re (<abbr class='c2c-text-hover' title='Le SEM rend une d\u00e9cision de non-entr\u00e9e en mati\u00e8re (NEM) lorsqu\u2019il se trouve en pr\u00e9sence d\u2019un des motifs de non-entr\u00e9e en mati\u00e8re d\u00e9finis dans la Loi sur l&#039;asile (par ex. en vertu du R\u00e8glement Dublin).'>NEM<\/abbr>)<\/a><\/li>\n\n\n\n<li><a href=\"https:\/\/asile.ch\/memot\/de-quoi-parle-t-on\/renvoi\/\" data-type=\"link\" data-id=\"https:\/\/asile.ch\/memot\/de-quoi-parle-t-on\/renvoi\/\">Renvoi<\/a><\/li>\n\n\n\n<li><a href=\"https:\/\/asile.ch\/memot\/de-quoi-parle-t-on\/aide-durgence\/\" data-type=\"link\" data-id=\"https:\/\/asile.ch\/memot\/de-quoi-parle-t-on\/aide-durgence\/\" target=\"_blank\" rel=\"noreferrer noopener\"><abbr class='c2c-text-hover' title='Les personnes dont la demande d\u2019asile a \u00e9t\u00e9 rejet\u00e9e ne re\u00e7oivent plus d\u2019aide sociale mais seulement l\u2019aide d\u2019urgence, qui couvre uniquement le minimum vital.'>Aide d\u2019urgence<\/abbr><\/a><\/li>\n\n\n\n<li><a href=\"https:\/\/asile.ch\/memot\/de-quoi-parle-t-on\/detention-administrative\/\" data-type=\"memot\" data-id=\"39466\" target=\"_blank\" rel=\"noreferrer noopener\">D\u00e9tention administrative<\/a><\/li>\n<\/ul>\n<\/div>\n<\/div>\n\n\n\n<hr class=\"wp-block-separator has-text-color has-glossaire-color has-alpha-channel-opacity has-glossaire-background-color has-background is-style-default\"\/>\n\n\n\n<p><\/p>\n\n\n\n<h3 class=\"wp-block-heading\">Petit guide d\u00e9ontologique<\/h3>\n\n\n\n<p><a href=\"https:\/\/asile.ch\/wp-content\/uploads\/2025\/07\/guide-deontologique.pdf\" data-type=\"link\" data-id=\"https:\/\/asile.ch\/wp-content\/uploads\/2025\/07\/guide-deontologique.pdf\" target=\"_blank\" rel=\"noreferrer noopener\"><strong>[Le ou la journaliste face\u2026]<\/strong><\/a>&#8230;<strong>aux t\u00e9moignages, aux discours et statistiques officiels, aux choix d&rsquo;images.<\/strong><br>Quelles cons\u00e9quences pour les r\u00e9fugi\u00e9-e-s ou pour leur famille rest\u00e9e au pays d\u2019avoir leur nom, leur image rendue publique? Comment parler des statistiques, d\u00e9crypter, voire s\u2019affranchir des cat\u00e9gories officielles? Quelles illustrations choisir?<br><strong><span class=\"commentaire\"><span style=\"background-color: transparent; font-size: revert; color: initial;\">\u00c9galement utile aux acteurs de la communication institutionnels et associatifs qui publient r\u00e9guli\u00e8rement des photos, t\u00e9moignages et autres sur leurs sites Internet. <\/span><\/span><\/strong><\/p>\n\n\n\n<h3 class=\"wp-block-heading\">Ressources documentaires<\/h3>\n\n\n\n<p>S\u00e9lection de <strong>ressources documentaires<\/strong> pour permettre aux journalistes de confronter leurs sources. <\/p>\n\n\n    <\/div>\n<\/div>\n\n\n<div\n    class=\"c-block--box  is-box--white\">\n    <div class=\"c-block--box-inner\">\n        \n\n<div class=\"wp-block-media-text alignwide is-stacked-on-mobile\" style=\"grid-template-columns:15% auto\"><figure class=\"wp-block-media-text__media\"><img loading=\"lazy\" decoding=\"async\" width=\"441\" height=\"625\" src=\"https:\/\/asile.ch\/wp-content\/uploads\/2019\/09\/Stichwort_couv.png\" alt=\"\" class=\"wp-image-54897 size-full\" srcset=\"https:\/\/asile.ch\/wp-content\/uploads\/2019\/09\/Stichwort_couv.png 441w, https:\/\/asile.ch\/wp-content\/uploads\/2019\/09\/Stichwort_couv-212x300.png 212w, https:\/\/asile.ch\/wp-content\/uploads\/2019\/09\/Stichwort_couv-106x150.png 106w\" sizes=\"auto, (max-width: 441px) 100vw, 441px\" \/><\/figure><div class=\"wp-block-media-text__content\">\n<h3 class=\"wp-block-heading\"><strong>Depuis 2019, le<em> M\u00e9mo[ts]<\/em> existe \u00e9galement en allemand.<\/strong><\/h3>\n\n\n\n<p> Le<em> Stichwort ASYL &#8211; Hinweise f\u00fcr JournalistInnen<\/em> peut \u00eatre <a rel=\"noreferrer noopener\" href=\"https:\/\/asile.ch\/wp-content\/uploads\/2019\/09\/CH_2019-UNHCR-Stichwort-Asyl-DE.pdf\" target=\"_blank\">t\u00e9l\u00e9charg\u00e9 ici<\/a> ou command\u00e9 \u00e0 l&rsquo;adresse suivante: <a rel=\"noreferrer noopener\" href=\"&#x6d;&#x61;&#x69;&#x6c;&#116;&#111;:se&#x6b;&#x72;&#x65;&#x74;&#97;&#114;iat&#x40;&#x73;&#x6f;&#x73;&#102;&#46;&#99;h\" target=\"_blank\">&#115;&#x65;&#x6b;r&#101;&#x74;a&#114;&#x69;a&#116;&#x40;s&#111;&#x73;&#x66;&#46;&#x63;&#x68;<\/a> (Solidarit\u00e9 sans fronti\u00e8res)<\/p>\n<\/div><\/div>\n\n\n    <\/div>\n<\/div>\n\n\n<section id=\"block_6bd68f200dcafe4a51390910e05404e8\" class=\"c-block c-accordion  is-white \">\n    <div class=\"c-accordion-title py-4 !mb-0 \">Un outil notamment soutenu par le Conseil suisse de la presse et la Commission f\u00e9d\u00e9rale contre le racisme\n    <span class=\"c-accordion-indicator\">+<\/span><\/div>\n    <div class=\"c-accordion-panel\">\n        <div class=\"c-accordion-panel-inner\">\n            \n\n<p>Le M\u00e9mo[ts] est le fruit d\u2019\u00e9changes men\u00e9s avec des journalistes romands et des experts juridiques dans le cadre du projet \u00ab<a href=\"https:\/\/asile.ch\/comptoir-des-medias\/\" target=\"_blank\" rel=\"noreferrer noopener\"><strong>Le Comptoir des m\u00e9dias<\/strong><\/a>\u00bb, lanc\u00e9 en 2013 par <em>asile.ch<\/em>. Il a \u00e9t\u00e9 r\u00e9alis\u00e9 avec le soutien du<strong>  Bureau suisse du <abbr class='c2c-text-hover' title='Haut commissariat des Nations unies pour les r\u00e9fugi\u00e9s'>HCR<\/abbr>, l&rsquo;Agence des Nations Unies pour les r\u00e9fugi\u00e9\u00b7es.<\/strong><\/p>\n\n\n\n<p>Pour Anja Klug, Cheffe du bureau pour la Suisse et le Liechtenstein du HCR: \u00abEn quelques pages, il offre aux journalistes et personnes int\u00e9ress\u00e9es un aper\u00e7u clair et complet des cat\u00e9gories et des proc\u00e9dures relatives \u00e0 l\u2019asile\u00bb.<\/p>\n\n\n\n<p>\u00abLe pouvoir des mots, celui des images est consid\u00e9rable\u00bb rappelle Martine Brunschwig Graf, ancienne pr\u00e9sidente de la <strong>Commission f\u00e9d\u00e9rale contre le racisme<\/strong>, qui esp\u00e8re que \u00abce glossaire puisse accompagner les journalistes sensibles \u00e0 la n\u00e9cessit\u00e9 de trouver, au-del\u00e0 des faits \u00e0 narrer, les mots justes pour le faire.\u00bb<\/p>\n\n\n\n<p>Un r\u00f4le essentiel d\u00e9volu aux m\u00e9dias que Dominique von Burg -ex-pr\u00e9sident- et Annik Dubied -vice-pr\u00e9sidente- du <strong>Conseil suisse de la presse<\/strong>, souligne \u00e9galement: \u00ab Pour sortir de l\u2019orni\u00e8re des arguments \u00e0 l\u2019emporte pi\u00e8ce, le r\u00f4le des m\u00e9dias est essentiel. (&#8230;) Avec cet opuscule, l\u2019association \u00ab asile.ch \u00bb offre aux journalistes un vademe- cum riche, pr\u00e9cis et sobre, qui les aidera \u00e0 produire un travail utile au public et au d\u00e9bat d\u00e9mocratique, dans le respect des r\u00e8gles en vigueur. \u00bb<\/p>\n\n\n        <\/div>\n    <\/div>\n<\/section>\n\n\n\n<div class=\"wp-block-buttons is-layout-flex wp-block-buttons-is-layout-flex\">\n<div class=\"wp-block-button has-custom-width wp-block-button__width-100 has-custom-font-size is-style-outline has-medium-font-size is-style-outline--2\"><a class=\"wp-block-button__link has-noir-color has-comptoir-background-color has-text-color has-background wp-element-button\" href=\"&#x6d;&#97;&#x69;&#108;t&#x6f;&#58;m&#x65;&#100;&#x69;&#x61;&#64;&#x61;&#115;i&#x6c;&#101;&#x2e;&#x63;h\" style=\"padding-top:var(--wp--preset--spacing--30);padding-right:var(--wp--preset--spacing--30);padding-bottom:var(--wp--preset--spacing--30);padding-left:var(--wp--preset--spacing--30)\" target=\"_blank\" rel=\"noreferrer noopener\"><strong>@Journalistes <\/strong>Vous avez besoin d&rsquo;une expertise terrain dans le domaine de l&rsquo;asile?<br> <strong>Ecrivez-nous, <\/strong>nous tenons \u00e0 jour une liste de personnes du terrain <br>(par champ de comp\u00e9tence et par canton) pr\u00eates \u00e0 vous r\u00e9pondre.<\/a><\/div>\n<\/div>\n\n\n<section id=\"related-content-block-action-block_0d0d7dbb61479cad8feaca5f4d33090b\"\n    class=\"c-block c-block--featured  has-documentation-border c-block--card c-block-- \">\n    <div class=\"c-block-title  has-documentation-border\">\n        <div class=\"c-block-title--label\">A propos de terminologie<\/div>\n        \n        \n        <a class=\"c-block-title--link link-color\" href=\"https:\/\/asile.ch\/recherche\/?&amp;_sft_post_tag=terminologie\">Voir plus<\/a>\n\n    <\/div>\n    <div class=\"flex flex-wrap -mx-4\">\n                                                                \n                                    <div class=\"px-4 mb-8  w-full md:w-1\/2 lg:w-1\/3 xl:w-1\/4 \">\n                        <article class=\"c-card post-107528 post type-post status-publish format-standard has-post-thumbnail hentry category-actualites category-decryptages-thematiques category-comptoir-des-medias tag-accueil tag-decryptages-medias tag-documentation tag-droit-international tag-europe tag-frontieres tag-lampedusa tag-medias tag-melilla tag-prejuge tag-prejuge-tromperie tag-terminologie tag-violence pays-espagne pays-italie ve_type-rapport-recherche ve_action-comptoir ve_action-documentation\">\n  <a href=\"https:\/\/asile.ch\/en\/2026\/02\/12\/nccr-le-recit-mediatique-sur-les-crises-aux-frontieres-les-cas-de-melilla-et-lampedusa\/\" class=\"c-card-link\">\n    <div class=\"c-card-image\">\n      <img decoding=\"async\" src=\"https:\/\/asile.ch\/wp-content\/uploads\/2026\/02\/pexels-gaza-9932963-640x420.jpg\"  alt=\"\">\n      <div class=\"c-card-type       is-comptoir-tax\n      is-documentation-tax\n             \">\n\n                          Comptoir\n                  Documentation\n                \n      <\/div>\n    <\/div>\n\n    <h2 class=\"c-card-title\">\n        NCCR | Le r\u00e9cit m\u00e9diatique sur les \u00ab\u00a0crises\u00a0\u00bb aux fronti\u00e8res : les cas de Melilla et Lampedusa\n    <\/h2>\n    <div class=\"c-card-meta\">\n      12 February 2026\n    <\/div>\n  <\/a>\n<\/article>\n                    <\/div>\n                                                            \n                                    <div class=\"px-4 mb-8  w-full md:w-1\/2 lg:w-1\/3 xl:w-1\/4 \">\n                        <article class=\"c-card post-105832 post type-post status-publish format-standard has-post-thumbnail hentry category-actualites category-decryptages-thematiques category-comptoir-des-medias tag-comptoir tag-decryptages-medias tag-ecole tag-evenement tag-prejuge tag-terminologie pays-suisse ve_type-evenement ve_action-comptoir\">\n  <a href=\"https:\/\/asile.ch\/en\/2025\/11\/24\/semaine-des-medias-a-lecole-inscriptions-ouvertes\/\" class=\"c-card-link\">\n    <div class=\"c-card-image\">\n      <img decoding=\"async\" src=\"https:\/\/asile.ch\/wp-content\/uploads\/2025\/11\/technology-3353701_1280-640x420.jpg\"  alt=\"\">\n      <div class=\"c-card-type       is-comptoir-tax\n             \">\n\n                          Comptoir\n                \n      <\/div>\n    <\/div>\n\n    <h2 class=\"c-card-title\">\n        Semaine des m\u00e9dias \u00e0 l&rsquo;\u00e9cole | Inscriptions ouvertes\n    <\/h2>\n    <div class=\"c-card-meta\">\n      24 November 2025\n    <\/div>\n  <\/a>\n<\/article>\n                    <\/div>\n                                                            \n                                    <div class=\"px-4 mb-8  w-full md:w-1\/2 lg:w-1\/3 xl:w-1\/4 \">\n                        <article class=\"c-card post-104959 post type-post status-publish format-standard has-post-thumbnail hentry category-decryptages-thematiques category-comptoir-des-medias tag-decryptages-medias tag-desinformation tag-medias tag-notre-regard tag-politique-migratoire tag-terminologie pays-france pays-suisse ve_type-decryptage ve_action-comptoir\">\n  <a href=\"https:\/\/asile.ch\/en\/2025\/10\/06\/la-crise-migratoire-dans-la-presse-entre-cadrage-mediatique-et-perceptions-faussees\/\" class=\"c-card-link\">\n    <div class=\"c-card-image\">\n      <img decoding=\"async\" src=\"https:\/\/asile.ch\/wp-content\/uploads\/2025\/10\/pexels-mike-chai-285623-842339-640x420.jpg\"  alt=\"\">\n      <div class=\"c-card-type       is-comptoir-tax\n             \">\n\n                          Comptoir\n                \n      <\/div>\n    <\/div>\n\n    <h2 class=\"c-card-title\">\n        La \u00ab crise migratoire \u00bb dans la presse: entre cadrage m\u00e9diatique et perceptions fauss\u00e9es\n    <\/h2>\n    <div class=\"c-card-meta\">\n      6 October 2025\n    <\/div>\n  <\/a>\n<\/article>\n                    <\/div>\n                                                            \n                                    <div class=\"px-4 mb-8  w-full md:w-1\/2 lg:w-1\/3 xl:w-1\/4 \">\n                        <article class=\"c-card post-103952 post type-post status-publish format-standard hentry category-actualites tag-decryptages-medias tag-integration tag-medias tag-refugie tag-terminologie ve_type-article-de-presse ve_action-comptoir\">\n  <a href=\"https:\/\/asile.ch\/en\/2025\/08\/05\/the-conversation-migrants-refugies-illegaux-candidats-a-lasile-comment-les-politiques-et-les-medias-designent-les-personnes-en\/\" class=\"c-card-link\">\n    <div class=\"c-card-image\">\n      <img decoding=\"async\" src=\"https:\/\/asile.ch\/wp-content\/uploads\/2025\/08\/photo-1638376867453-473a06ef71dd-2.avif\"  alt=\"\">\n      <div class=\"c-card-type       is-comptoir-tax\n             \">\n\n                          Comptoir\n                \n      <\/div>\n    <\/div>\n\n    <h2 class=\"c-card-title\">\n        The Conversation | \u00abMigrants\u00bb, \u00abr\u00e9fugi\u00e9s\u00bb, \u00abill\u00e9gaux\u00bb, \u00abcandidats \u00e0 l\u2019asile\u00bb\u2026 comment les politiques et les m\u00e9dias d\u00e9signent les personnes en\u00a0d\u00e9placement\n    <\/h2>\n    <div class=\"c-card-meta\">\n      5 August 2025\n    <\/div>\n  <\/a>\n<\/article>\n                    <\/div>\n                                                <\/div><!-- \/ container -->\n\n<\/section>\n\n\n<section id=\"block_04f3a5f7ae51a6effc1b9809b63c2da6\" class=\"inline-links align c-block--inline-links c-block--inline-links-size-\">\n    <div class=\"c-block--inline-links-wrap\">\n        <div class=\"c-block--inline-links-inner\">\n             <h3 class=\"!p-0 c-block-title\">Ceci pourrait vous int\u00e9resser<\/h3>                    <\/div>\n\n        <ul class=\"c-block--inline-links-items\">\n                        <li class=\"c-block--inline-links-item\">\n                <a  href=\"https:\/\/asile.ch\/en\/comptoir-des-medias\/\">\n                    <span class=\"flex items-center\"><span class=\"label\">Le comptoir des m\u00e9dias<\/span><span class=\"fond has-comptoir-bg\"><\/span><\/span>\n                                    <\/a>\n            <\/li>\n                        <li class=\"c-block--inline-links-item\">\n                <a  href=\"https:\/\/asile.ch\/en\/procedure-dasile-permis-et-droits\/\">\n                    <span class=\"flex items-center\"><span class=\"label\">Proc\u00e9dure, permis et droits<\/span><span class=\"fond has-documentation-bg\"><\/span><\/span>\n                                    <\/a>\n            <\/li>\n                        <li class=\"c-block--inline-links-item\">\n                <a  href=\"https:\/\/asile.ch\/en\/statistiques\/\">\n                    <span class=\"flex items-center\"><span class=\"label\">Statistiques de l&rsquo;asile<\/span><span class=\"fond has-statistiques-bg\"><\/span><\/span>\n                                    <\/a>\n            <\/li>\n                    <\/ul>\n\n    <\/div>\n<\/section>\n","protected":false},"excerpt":{"rendered":"<p>M\u00e9mo[ts] \u00e0 l&rsquo;intention des journalistes pour parler d&rsquo;asile et de migrations<\/p>\n","protected":false},"author":2,"featured_media":0,"parent":0,"menu_order":0,"comment_status":"closed","ping_status":"closed","template":"","meta":{"_acf_changed":false,"footnotes":""},"class_list":["post-38587","page","type-page","status-publish","hentry"],"acf":[],"_links":{"self":[{"href":"https:\/\/asile.ch\/en\/wp-json\/wp\/v2\/pages\/38587","targetHints":{"allow":["GET"]}}],"collection":[{"href":"https:\/\/asile.ch\/en\/wp-json\/wp\/v2\/pages"}],"about":[{"href":"https:\/\/asile.ch\/en\/wp-json\/wp\/v2\/types\/page"}],"author":[{"embeddable":true,"href":"https:\/\/asile.ch\/en\/wp-json\/wp\/v2\/users\/2"}],"replies":[{"embeddable":true,"href":"https:\/\/asile.ch\/en\/wp-json\/wp\/v2\/comments?post=38587"}],"version-history":[{"count":6,"href":"https:\/\/asile.ch\/en\/wp-json\/wp\/v2\/pages\/38587\/revisions"}],"predecessor-version":[{"id":103921,"href":"https:\/\/asile.ch\/en\/wp-json\/wp\/v2\/pages\/38587\/revisions\/103921"}],"wp:attachment":[{"href":"https:\/\/asile.ch\/en\/wp-json\/wp\/v2\/media?parent=38587"}],"curies":[{"name":"wp","href":"https:\/\/api.w.org\/{rel}","templated":true}]}}