{"id":53616,"date":"2019-06-17T14:47:01","date_gmt":"2019-06-17T12:47:01","guid":{"rendered":"https:\/\/asile.ch\/?post_type=ecole&#038;p=53616"},"modified":"2026-05-06T14:37:35","modified_gmt":"2026-05-06T12:37:35","slug":"sensibilisation","status":"publish","type":"page","link":"https:\/\/asile.ch\/en\/sensibilisation\/","title":{"rendered":"Awareness"},"content":{"rendered":"<h2 class=\"wp-block-heading\">D\u00e9velopper un regard critique et inform\u00e9<\/h2>\n\n\n\n<p><span class=\"accroche\">Les questions migratoires sont au c\u0153ur de nombreux d\u00e9bats publics. Campagnes politiques, manchettes de journaux, m\u00e9dias sociaux bombardent le jeune public d\u2019informations que celui-ci doit apprendre \u00e0 analyser et \u00e0 filtrer<span style=\"font-size: revert; color: initial;\">. <\/span><\/span><\/p>\n\n\n\n<figure class=\"wp-block-image alignright size-full is-resized\"><a href=\"https:\/\/asile.ch\/en\/prejuges\/\" target=\"_blank\" rel=\"noopener\"><img loading=\"lazy\" decoding=\"async\" width=\"626\" height=\"442\" src=\"https:\/\/asile.ch\/wp-content\/uploads\/2016\/11\/Quiz_prejuges.png\" alt=\"\" class=\"wp-image-35976\" style=\"width:254px;height:179px\" srcset=\"https:\/\/asile.ch\/wp-content\/uploads\/2016\/11\/Quiz_prejuges.png 626w, https:\/\/asile.ch\/wp-content\/uploads\/2016\/11\/Quiz_prejuges-300x212.png 300w, https:\/\/asile.ch\/wp-content\/uploads\/2016\/11\/Quiz_prejuges-150x106.png 150w\" sizes=\"auto, (max-width: 626px) 100vw, 626px\" \/><\/a><\/figure>\n\n\n\n<p>Plusieurs outils d\u00e9velopp\u00e9s par asile.ch sont destin\u00e9s \u00e0 la sensibilisation des jeunes, en particulier la brochure sur les pr\u00e9jug\u00e9s en mati\u00e8re d&rsquo;asile <em><a href=\"https:\/\/asile.ch\/en\/prejuges\/halte-aux-prejuges\/\" target=\"_blank\" rel=\"noreferrer noopener\">Il y a ce qu&rsquo;on dit sur les r\u00e9fugi\u00e9s. Et il y a la r\u00e9alit\u00e9<\/a><\/em> et sa version quiz en ligne, largement utilis\u00e9e dans les \u00e9coles.<\/p>\n\n\n\n<p><\/p>\n\n\n\n<h3 class=\"wp-block-heading\">Migr&rsquo;asile: des acteurs et actrices de terrain \u00e0 la rencontre des \u00e9l\u00e8ves.<\/h3>\n\n\n\n<p>Depuis 2016, nous proposons et coordonnons un projet d&rsquo;interventions dans les \u00e9coles genevoises du Secondaire II en collaboration avec plusieurs associations de terrain actives dans le domaine migratoire. <\/p>\n\n\n\n<p>asile.ch y m\u00e8ne deux interventions: l&rsquo;une men\u00e9e dans le cadre du <strong><a href=\"https:\/\/asile.ch\/en\/comptoir-des-medias\/\" data-type=\"page\" data-id=\"12881\">Comptoir des m\u00e9dias.<\/a><\/strong> L&rsquo;autre, par le dessinateur HERJI, auteur de la <strong><a href=\"https:\/\/asile.ch\/en\/sommaire\/ve-165-decembre-2017\/\" data-type=\"sommaire\" data-id=\"45146\" target=\"_blank\" rel=\"noreferrer noopener\">BD reportage <em>Apr\u00e8s l&rsquo;arriv\u00e9e<\/em>.<\/a><\/strong><\/p>\n\n\n\n<p><\/p>\n\n\n\n<h3 class=\"wp-block-heading\">Ateliers tous publics<\/h3>\n\n\n\n<p>Nous d\u00e9veloppons par ailleurs une nouvelle offre d&rsquo;ateliers tous publics ou publics sp\u00e9cifiques<\/p>\n\n\n<section id=\"block_e1bd8bdf7e3803e633e2ff1ff0445110\" class=\"big-links align c-block--big-links my-8 c-block--big-links--small\">\n    \n    <div class=\"grid grid-flow-col gap-4 auto-cols-fr\">\n                                    <a href=\"https:\/\/asile.ch\/en\/ecole\/sensibilisation-et-formation-sur-lasile-et-les-migrations\/demarche-et-infos-pratiques\/\" class=\"c-block--big-links-item relative has-neutre-bg has-sensibilisation-dans-les-ecoles-border has-black-color\" target=\"\">\n\n                                        Migr&rsquo;asile. \u00c0 la rencontre des jeunes<\/a>\n                                                <a href=\"https:\/\/asile.ch\/en\/ateliers-interventions\/\" class=\"c-block--big-links-item relative has-neutre-bg has-prejuges-border has-black-color\" target=\"\">\n\n                                        Offre d&rsquo;ateliers (tous publics)<\/a>\n                        <\/div>\n<\/section>\n\n\n<section id=\"block_8cb2ba4a75af3a6d1d321819543ddc9f\" class=\"big-links align c-block--big-links my-8 c-block--big-links--small\">\n    \n    <div class=\"grid grid-flow-col gap-4 auto-cols-fr\">\n                                    <a href=\"https:\/\/asile.ch\/en\/ecole\/ressources-pedagogiques\/\" class=\"c-block--big-links-item relative has-neutre-bg has-sensibilisation-dans-les-ecoles-border has-black-color\" target=\"\">\n\n                                        Ressources p\u00e9dagogiques<\/a>\n                                                <a href=\"https:\/\/asile.ch\/en\/comment-se-comporter-face-a-linformation-les-bons-reflexes-face-aux-medias-et-aux-reseaux-sociaux\/\" class=\"c-block--big-links-item relative has-neutre-bg has-prejuges-border has-black-color\" target=\"\">\n\n                                        Bo\u00eete \u00e0 outils face aux r\u00e9seaux sociaux<\/a>\n                        <\/div>\n<\/section>\n\n\n<section id=\"block_56d1a8441c9100a9febf2db0c692bc5f\" class=\"inline-links align c-block--inline-links c-block--inline-links-size-large\">\n    <div class=\"c-block--inline-links-wrap\">\n        <div class=\"c-block--inline-links-inner\">\n             <h3 class=\"!p-0 c-block-title\">Documentation utile<\/h3>             <p class=\"text-sm font-medium\">Pour aller plus loin<\/p>         <\/div>\n\n        <ul class=\"c-block--inline-links-items\">\n                        <li class=\"c-block--inline-links-item\">\n                <a  href=\"https:\/\/asile.ch\/en\/comptoir-des-medias\/decryptages-medias\/\">\n                    <span class=\"flex items-center\"><span class=\"label\">D\u00e9cryptages m\u00e9dias et fact-checking<\/span><span class=\"fond has-comptoir-bg\"><\/span><\/span>\n                                    <\/a>\n            <\/li>\n                        <li class=\"c-block--inline-links-item\">\n                <a  href=\"https:\/\/asile.ch\/en\/prejuge\/halte-aux-prejuges\/\">\n                    <span class=\"flex items-center\"><span class=\"label\">Pr\u00e9jug\u00e9s sur l&rsquo;asile<\/span><span class=\"fond has-prejuges-bg\"><\/span><\/span>\n                                    <\/a>\n            <\/li>\n                        <li class=\"c-block--inline-links-item\">\n                <a  href=\"https:\/\/asile.ch\/en\/statistiques\/\">\n                    <span class=\"flex items-center\"><span class=\"label\">Graphiques statistiques<\/span><span class=\"fond has-statistiques-bg\"><\/span><\/span>\n                                    <\/a>\n            <\/li>\n                        <li class=\"c-block--inline-links-item\">\n                <a  href=\"https:\/\/asile.ch\/en\/statistique\/cartographier-les-migrations\/\">\n                    <span class=\"flex items-center\"><span class=\"label\">Map migrations<\/span><span class=\"fond has-black-bg\"><\/span><\/span>\n                                    <\/a>\n            <\/li>\n                    <\/ul>\n\n    <\/div>\n<\/section>","protected":false},"excerpt":{"rendered":"<p>D\u00e9velopper un regard critique et inform\u00e9 Les questions migratoires sont au c\u0153ur de nombreux d\u00e9bats publics. Campagnes politiques, manchettes de journaux, m\u00e9dias sociaux bombardent le jeune public d\u2019informations que celui-ci doit apprendre \u00e0 analyser et \u00e0 filtrer. Plusieurs outils d\u00e9velopp\u00e9s par asile.ch sont destin\u00e9s \u00e0 la sensibilisation des jeunes, en particulier la brochure sur les &hellip; <a href=\"https:\/\/asile.ch\/en\/sensibilisation\/\">Continued<\/a><\/p>","protected":false},"author":2,"featured_media":0,"parent":0,"menu_order":0,"comment_status":"closed","ping_status":"closed","template":"","meta":{"_acf_changed":false,"footnotes":""},"class_list":["post-53616","page","type-page","status-publish","hentry"],"acf":[],"_links":{"self":[{"href":"https:\/\/asile.ch\/en\/wp-json\/wp\/v2\/pages\/53616","targetHints":{"allow":["GET"]}}],"collection":[{"href":"https:\/\/asile.ch\/en\/wp-json\/wp\/v2\/pages"}],"about":[{"href":"https:\/\/asile.ch\/en\/wp-json\/wp\/v2\/types\/page"}],"author":[{"embeddable":true,"href":"https:\/\/asile.ch\/en\/wp-json\/wp\/v2\/users\/2"}],"replies":[{"embeddable":true,"href":"https:\/\/asile.ch\/en\/wp-json\/wp\/v2\/comments?post=53616"}],"version-history":[{"count":7,"href":"https:\/\/asile.ch\/en\/wp-json\/wp\/v2\/pages\/53616\/revisions"}],"predecessor-version":[{"id":109217,"href":"https:\/\/asile.ch\/en\/wp-json\/wp\/v2\/pages\/53616\/revisions\/109217"}],"wp:attachment":[{"href":"https:\/\/asile.ch\/en\/wp-json\/wp\/v2\/media?parent=53616"}],"curies":[{"name":"wp","href":"https:\/\/api.w.org\/{rel}","templated":true}]}}