{"id":61,"date":"2011-05-18T15:19:21","date_gmt":"2011-05-18T15:19:21","guid":{"rendered":"http:\/\/asile.ch\/wp\/?page_id=61"},"modified":"2026-03-23T17:38:05","modified_gmt":"2026-03-23T16:38:05","slug":"comite","status":"publish","type":"page","link":"https:\/\/asile.ch\/en\/association\/comite\/","title":{"rendered":"Committee and team"},"content":{"rendered":"<h2 class=\"wp-block-heading\">L&rsquo;\u00e9quipe du bureau<\/h2>\n\n\n\n<p><strong>Coordinatrice et r\u00e9dactrice en chef<br><\/strong>Sophie Malka<\/p>\n\n\n\n<p><strong>Responsable du Comptoir des m\u00e9dias<br><\/strong>Elodie Feijoo<\/p>\n\n\n\n<p><strong>Charg\u00e9e de communication &amp; sensibilisation<br><\/strong>Camille Aubry<\/p>\n\n\n\n<p><strong>Stagiaire<\/strong><\/p>\n\n\n\n<p>Jean-Michel Genet<\/p>\n\n\n\n<p><strong>Comptabilit\u00e9<\/strong><br>Cindy Perret<\/p>\n\n\n\n<p><strong>Documentation-abonnements<\/strong><br>Laura Grizzo<\/p>\n\n\n\n<p><strong>Correctrice<\/strong><br>Catherine Forster<\/p>\n\n\n\n<p><strong>Site internet<\/strong><br><a href=\"https:\/\/wonderweb.ch\/\" target=\"_blank\" rel=\"noreferrer noopener\">wonderweb.ch<\/a><\/p>\n\n\n<div\n    class=\"c-block--box  is-box--neutre\">\n    <div class=\"c-block--box-inner\">\n        \n\n<h2 class=\"wp-block-heading\">Comit\u00e9 d&rsquo;asile.ch<\/h2>\n\n\n\n<p>Le comit\u00e9 d&rsquo;asile.ch est compos\u00e9 de personnes actives dans diverses associations de soutien aux r\u00e9fugi\u00e9\u00b7es, essentiellement en Suisse romande. Elles sont engag\u00e9es \u00e0 titre personnel et de mani\u00e8re b\u00e9n\u00e9vole.<\/p>\n\n\n\n<h3 class=\"wp-block-heading has-text-align-left\">Membres<\/h3>\n\n\n\n<ul class=\"wp-block-list\">\n<li>Marie-Claire Kunz, juriste, Centre social protestant (GE) <em>co-pr\u00e9sidente <\/em><\/li>\n\n\n\n<li>Louise Wehrli, L&rsquo;AMAR, Droit de Rester Neuch\u00e2tel (NE), <em>co-pr\u00e9sidente<\/em><\/li>\n\n\n\n<li>Anne-Laure Bertrand, d\u00e9mographe, ma\u00eetre-assistante en m\u00e9thodes quantitatives, Universit\u00e9 de Neuch\u00e2tel (NE\/GE)<\/li>\n\n\n\n<li>Danielle Othenin-Girard, psychologue, RECIF, Comit\u00e9 asile Neuch\u00e2tel (NE)<\/li>\n\n\n\n<li>Anouk Piraud, Camarada (GE)<\/li>\n\n\n\n<li>Christophe Tafelmacher, avocat, Collectif d&rsquo;avocat, SOS-Asile Vaud (VD)<\/li>\n\n\n\n<li>Marie Bonard, membre de Vivre Ici et 3Ch\u00eaneAccueil (GE)<\/li>\n\n\n\n<li>Camilla Alberti, chercheuse dans le domaine des migrations (VD-BE)<\/li>\n\n\n\n<li>Rapha\u00ebl Rey, charg\u00e9 de projet et d&rsquo;information, CSP-Gen\u00e8ve (GE)<\/li>\n\n\n\n<li>Marc Baumgartner, directeur d&rsquo;elisa-asile (GE)<\/li>\n\n\n\n<li>Zelal Karatas, \u00e9tudiante (GE)<\/li>\n<\/ul>\n\n\n    <\/div>\n<\/div>\n\n\n<div\n    class=\"c-block--box  is-box--\">\n    <div class=\"c-block--box-inner\">\n        \n\n<h2 class=\"wp-block-heading\">Comit\u00e9 de r\u00e9daction de la <a href=\"https:\/\/asile.ch\/en\/revue\/\" data-type=\"link\" data-id=\"https:\/\/asile.ch\/revue\/\">revue <em>asile.ch<\/em><\/a><\/h2>\n\n\n\n<ul class=\"wp-block-list\">\n<li>Marie-Claire Kunz, juriste, Centre social protestant (GE)<\/li>\n\n\n\n<li>Danielle Othenin-Girard, psychologue, RECIF, Marche mondiale des femmes (NE)<\/li>\n\n\n\n<li>Louise Wehrli, L&rsquo;AMAR, Droit de Rester Neuch\u00e2tel (GE\/NE)<\/li>\n\n\n\n<li>Marie Bonard, membre de Vivre Ici, et 3Ch\u00eaneAccueil (GE)<\/li>\n\n\n\n<li>Camilla Alberti, chercheuse dans le domaine des migrations (VD-BE)<\/li>\n\n\n\n<li>Anouk Piraud, Camarada (GE)<\/li>\n\n\n\n<li>Marc Baumgartner, elisa-asile, (GE)<\/li>\n\n\n\n<li>Zelal Karatas, \u00e9tudiante (GE)<\/li>\n<\/ul>\n\n\n    <\/div>\n<\/div>\n\n\n\n<div class=\"wp-block-columns is-layout-flex wp-container-core-columns-is-layout-9d6595d7 wp-block-columns-is-layout-flex\">\n<div class=\"wp-block-column is-layout-flow wp-block-column-is-layout-flow\"><\/div>\n<\/div>\n\n\n\n<p><\/p>","protected":false},"excerpt":{"rendered":"<p>L&rsquo;\u00e9quipe du bureau Coordinatrice et r\u00e9dactrice en chefSophie Malka Responsable du Comptoir des m\u00e9diasElodie Feijoo Charg\u00e9e de communication &amp; sensibilisationCamille Aubry Stagiaire Jean-Michel Genet Comptabilit\u00e9Cindy Perret Documentation-abonnementsLaura Grizzo CorrectriceCatherine Forster Site internetwonderweb.ch<\/p>","protected":false},"author":2,"featured_media":0,"parent":40,"menu_order":0,"comment_status":"closed","ping_status":"closed","template":"","meta":{"_acf_changed":false,"footnotes":""},"class_list":["post-61","page","type-page","status-publish","hentry"],"acf":[],"_links":{"self":[{"href":"https:\/\/asile.ch\/en\/wp-json\/wp\/v2\/pages\/61","targetHints":{"allow":["GET"]}}],"collection":[{"href":"https:\/\/asile.ch\/en\/wp-json\/wp\/v2\/pages"}],"about":[{"href":"https:\/\/asile.ch\/en\/wp-json\/wp\/v2\/types\/page"}],"author":[{"embeddable":true,"href":"https:\/\/asile.ch\/en\/wp-json\/wp\/v2\/users\/2"}],"replies":[{"embeddable":true,"href":"https:\/\/asile.ch\/en\/wp-json\/wp\/v2\/comments?post=61"}],"version-history":[{"count":16,"href":"https:\/\/asile.ch\/en\/wp-json\/wp\/v2\/pages\/61\/revisions"}],"predecessor-version":[{"id":108492,"href":"https:\/\/asile.ch\/en\/wp-json\/wp\/v2\/pages\/61\/revisions\/108492"}],"up":[{"embeddable":true,"href":"https:\/\/asile.ch\/en\/wp-json\/wp\/v2\/pages\/40"}],"wp:attachment":[{"href":"https:\/\/asile.ch\/en\/wp-json\/wp\/v2\/media?parent=61"}],"curies":[{"name":"wp","href":"https:\/\/api.w.org\/{rel}","templated":true}]}}