{"id":70790,"date":"2021-06-16T11:32:34","date_gmt":"2021-06-16T09:32:34","guid":{"rendered":"https:\/\/stage.asile.ch\/?page_id=70790"},"modified":"2024-11-05T20:56:20","modified_gmt":"2024-11-05T19:56:20","slug":"prejuge","status":"publish","type":"page","link":"https:\/\/asile.ch\/en\/prejuge\/","title":{"rendered":"Pr\u00e9jug\u00e9 sur l&rsquo;asile"},"content":{"rendered":"<h1 class=\"wp-block-heading\">Pr\u00e9jug\u00e9s sur l&rsquo;asile<\/h1>\n\n\n\n<p><span class=\"accroche\">La m\u00e9connaissance des faits constitue un terreau propice aux id\u00e9es re\u00e7ues. La sensibilisation aux r\u00e9alit\u00e9s de l\u2019asile est au coeur de l\u2019action de l\u2019association <strong>asile.ch<\/strong>, qui a \u00e9labor\u00e9 diff\u00e9rents instruments visant \u00e0 mieux informer la population et \u00e0 outiller celles et ceux qui cherchent \u00e0 contribuer \u00e0 la lutte contre les pr\u00e9jug\u00e9s et les st\u00e9r\u00e9otypes.<\/span><\/p>\n\n\n<div class=\"my-8 c-block c-block-HeroSlider\">\n\n            <div class=\"c-HeroSlider js-carousel\" data-flickity='{ \"autoPlay\": 7000, \"wrapAround\": true, \"fade\":true }'>\n            \n                                                <a href=\"https:\/\/asile.ch\/en\/prejuge\/invasion\/\"\n    class=\"block w-full h-full bg-center bg-cover c-HeroSlide js-carouselItem js-bgImg is-prejuges-tax\">\n     <img decoding=\"async\" src=\"https:\/\/asile.ch\/wp-content\/uploads\/2024\/07\/invasion_b-1280x840.png\"  alt=\"\" class=\"object-cover w-full hidden\">\n    <div class=\"flex h-full\">\n        <div class=\"bg-white c-card-content\">\n            <div class=\"c-card-content-inner\">\n            <div class=\"\">\n                <span class=\"text-sm text-black no-underline border-b-4 flex-start link-color\">Pr\u00e9jug\u00e9s sur l&rsquo;asile<\/span>\n            <\/div>\n            <div class=\"c-card-title\">Invasion? Switzerland's Asylum Figures<\/div>  <\/div>\n        <\/div>\n    <\/div>\n<\/a>\n                                    <a href=\"https:\/\/asile.ch\/en\/prejuge\/libre-choix\/\"\n    class=\"block w-full h-full bg-center bg-cover c-HeroSlide js-carouselItem js-bgImg is-prejuges-tax\">\n     <img decoding=\"async\" src=\"https:\/\/asile.ch\/wp-content\/uploads\/2015\/10\/libre-choix-1280x840.png\"  alt=\"\" class=\"object-cover w-full hidden\">\n    <div class=\"flex h-full\">\n        <div class=\"bg-white c-card-content\">\n            <div class=\"c-card-content-inner\">\n            <div class=\"\">\n                <span class=\"text-sm text-black no-underline border-b-4 flex-start link-color\">Pr\u00e9jug\u00e9s sur l&rsquo;asile<\/span>\n            <\/div>\n            <div class=\"c-card-title\">Free choice? Reasons for flight and status<\/div>  <\/div>\n        <\/div>\n    <\/div>\n<\/a>\n                                    <a href=\"https:\/\/asile.ch\/en\/prejuge\/tromperie\/\"\n    class=\"block w-full h-full bg-center bg-cover c-HeroSlide js-carouselItem js-bgImg is-prejuges-tax\">\n     <img decoding=\"async\" src=\"https:\/\/asile.ch\/wp-content\/uploads\/2015\/10\/tromperie-1280x840.png\"  alt=\"\" class=\"object-cover w-full hidden\">\n    <div class=\"flex h-full\">\n        <div class=\"bg-white c-card-content\">\n            <div class=\"c-card-content-inner\">\n            <div class=\"\">\n                <span class=\"text-sm text-black no-underline border-b-4 flex-start link-color\">Pr\u00e9jug\u00e9s sur l&rsquo;asile<\/span>\n            <\/div>\n            <div class=\"c-card-title\">Deception? The need for protection<\/div>  <\/div>\n        <\/div>\n    <\/div>\n<\/a>\n                                    <a href=\"https:\/\/asile.ch\/en\/prejuge\/afflux\/\"\n    class=\"block w-full h-full bg-center bg-cover c-HeroSlide js-carouselItem js-bgImg is-prejuges-tax\">\n     <img decoding=\"async\" src=\"https:\/\/asile.ch\/wp-content\/uploads\/2015\/10\/afflux1-1280x840.png\"  alt=\"\" class=\"object-cover w-full hidden\">\n    <div class=\"flex h-full\">\n        <div class=\"bg-white c-card-content\">\n            <div class=\"c-card-content-inner\">\n            <div class=\"\">\n                <span class=\"text-sm text-black no-underline border-b-4 flex-start link-color\">Pr\u00e9jug\u00e9s sur l&rsquo;asile<\/span>\n            <\/div>\n            <div class=\"c-card-title\">Inflow? Displaced persons and refugees worldwide<\/div>  <\/div>\n        <\/div>\n    <\/div>\n<\/a>\n                                    <a href=\"https:\/\/asile.ch\/en\/prejuge\/mensonge\/\"\n    class=\"block w-full h-full bg-center bg-cover c-HeroSlide js-carouselItem js-bgImg is-prejuges-tax\">\n     <img decoding=\"async\" src=\"https:\/\/asile.ch\/wp-content\/uploads\/2015\/10\/mensonge1-1280x840.png\"  alt=\"\" class=\"object-cover w-full hidden\">\n    <div class=\"flex h-full\">\n        <div class=\"bg-white c-card-content\">\n            <div class=\"c-card-content-inner\">\n            <div class=\"\">\n                <span class=\"text-sm text-black no-underline border-b-4 flex-start link-color\">Pr\u00e9jug\u00e9s sur l&rsquo;asile<\/span>\n            <\/div>\n            <div class=\"c-card-title\">Lie? Plausibility and evidence<\/div>  <\/div>\n        <\/div>\n    <\/div>\n<\/a>\n                                    <a href=\"https:\/\/asile.ch\/en\/prejuge\/profit\/\"\n    class=\"block w-full h-full bg-center bg-cover c-HeroSlide js-carouselItem js-bgImg is-prejuges-tax\">\n     <img decoding=\"async\" src=\"https:\/\/asile.ch\/wp-content\/uploads\/2015\/09\/profit-1280x840.png\"  alt=\"\" class=\"object-cover w-full hidden\">\n    <div class=\"flex h-full\">\n        <div class=\"bg-white c-card-content\">\n            <div class=\"c-card-content-inner\">\n            <div class=\"\">\n                <span class=\"text-sm text-black no-underline border-b-4 flex-start link-color\">Pr\u00e9jug\u00e9s sur l&rsquo;asile<\/span>\n            <\/div>\n            <div class=\"c-card-title\">Profit? Living conditions and social assistance<\/div>  <\/div>\n        <\/div>\n    <\/div>\n<\/a>\n                                    <a href=\"https:\/\/asile.ch\/en\/prejuge\/oisivete\/\"\n    class=\"block w-full h-full bg-center bg-cover c-HeroSlide js-carouselItem js-bgImg is-prejuges-tax\">\n     <img decoding=\"async\" src=\"https:\/\/asile.ch\/wp-content\/uploads\/2015\/09\/oisivete1-1280x840.png\"  alt=\"\" class=\"object-cover w-full hidden\">\n    <div class=\"flex h-full\">\n        <div class=\"bg-white c-card-content\">\n            <div class=\"c-card-content-inner\">\n            <div class=\"\">\n                <span class=\"text-sm text-black no-underline border-b-4 flex-start link-color\">Pr\u00e9jug\u00e9s sur l&rsquo;asile<\/span>\n            <\/div>\n            <div class=\"c-card-title\">Oisivet\u00e9? Acc\u00e8s au march\u00e9 de l&#8217;emploi<\/div>  <\/div>\n        <\/div>\n    <\/div>\n<\/a>\n                                    <a href=\"https:\/\/asile.ch\/en\/prejuge\/criminalite\/\"\n    class=\"block w-full h-full bg-center bg-cover c-HeroSlide js-carouselItem js-bgImg is-prejuges-tax\">\n     <img decoding=\"async\" src=\"https:\/\/asile.ch\/wp-content\/uploads\/2015\/09\/criminalite1-1280x840.png\"  alt=\"\" class=\"object-cover w-full hidden\">\n    <div class=\"flex h-full\">\n        <div class=\"bg-white c-card-content\">\n            <div class=\"c-card-content-inner\">\n            <div class=\"\">\n                <span class=\"text-sm text-black no-underline border-b-4 flex-start link-color\">Pr\u00e9jug\u00e9s sur l&rsquo;asile<\/span>\n            <\/div>\n            <div class=\"c-card-title\">Crime? Statistics Deciphered<\/div>  <\/div>\n        <\/div>\n    <\/div>\n<\/a>\n                                    <a href=\"https:\/\/asile.ch\/en\/prejuge\/detention\/\"\n    class=\"block w-full h-full bg-center bg-cover c-HeroSlide js-carouselItem js-bgImg is-prejuges-tax\">\n     <img decoding=\"async\" src=\"https:\/\/asile.ch\/wp-content\/uploads\/2015\/05\/Detention-1280x840.png\"  alt=\"\" class=\"object-cover w-full hidden\">\n    <div class=\"flex h-full\">\n        <div class=\"bg-white c-card-content\">\n            <div class=\"c-card-content-inner\">\n            <div class=\"\">\n                <span class=\"text-sm text-black no-underline border-b-4 flex-start link-color\">Pr\u00e9jug\u00e9s sur l&rsquo;asile<\/span>\n            <\/div>\n            <div class=\"c-card-title\">Detention? The criminalization of exiles<\/div>  <\/div>\n        <\/div>\n    <\/div>\n<\/a>\n                                    <\/div>\n\n    <\/div>\n\n\n\n<div class=\"wp-block-columns is-layout-flex wp-container-core-columns-is-layout-9d6595d7 wp-block-columns-is-layout-flex\">\n<div class=\"wp-block-column is-layout-flow wp-block-column-is-layout-flow\"><div\n    class=\"c-block--box  is-box--prejuges\">\n    <div class=\"c-block--box-inner\">\n        \n\n<h2 class=\"wp-block-heading\">Facts, not prejudice<\/h2>\n\n\n\n<p><strong>Cette rubrique propose, pour quelques unes des id\u00e9es re\u00e7ues les plus courantes, de la documentation, des liens, une argumentation, des cartes et des statistiques<\/strong>&nbsp;r\u00e9guli\u00e8rement mis \u00e0 jour. Une mine d\u2019information pour les enseignants ou personnes souhaitant en comprendre davantage sur ces questions parfois complexes.<\/p>\n\n\n    <\/div>\n<\/div>\n<\/div>\n<\/div>\n\n\n\n<h2 class=\"wp-block-heading\">Outils contre les pr\u00e9jug\u00e9s<\/h2>\n\n\n\n<div class=\"wp-block-columns is-layout-flex wp-container-core-columns-is-layout-9d6595d7 wp-block-columns-is-layout-flex\">\n<div class=\"wp-block-column is-layout-flow wp-block-column-is-layout-flow\">\n<figure class=\"wp-block-image\"><img loading=\"lazy\" decoding=\"async\" width=\"885\" height=\"885\" src=\"https:\/\/asile.ch\/wp-content\/uploads\/2012\/09\/couvwebbrochuref.jpg\" alt=\"R\u00e9fugi\u00e9s | Halte aux pr\u00e9jug\u00e9s\" class=\"wp-image-5886\" srcset=\"https:\/\/asile.ch\/wp-content\/uploads\/2012\/09\/couvwebbrochuref.jpg 885w, https:\/\/asile.ch\/wp-content\/uploads\/2012\/09\/couvwebbrochuref-300x300.jpg 300w, https:\/\/asile.ch\/wp-content\/uploads\/2012\/09\/couvwebbrochuref-150x150.jpg 150w\" sizes=\"auto, (max-width: 885px) 100vw, 885px\" \/><figcaption class=\"wp-element-caption\"><strong>Brochure on prejudice<\/strong><br><a href=\"https:\/\/asile.ch\/en\/notre-regard\/commandes-de-publications\/\" target=\"_blank\" rel=\"noreferrer noopener\" data-type=\"URL\" data-id=\"https:\/\/asile.ch\/notre-regard\/commandes-de-publications\/\">\u00e0 commander (fr\/all)<\/a><\/figcaption><\/figure>\n<\/div>\n\n\n\n<div class=\"wp-block-column is-layout-flow wp-block-column-is-layout-flow\">\n<figure class=\"wp-block-image aligncenter size-full\"><a href=\"https:\/\/asile.ch\/en\/prejuges\/\" target=\"_blank\" rel=\"noopener\"><img loading=\"lazy\" decoding=\"async\" width=\"626\" height=\"442\" src=\"https:\/\/asile.ch\/wp-content\/uploads\/2016\/11\/Quiz_prejuges.png\" alt=\"\" class=\"wp-image-35976\" srcset=\"https:\/\/asile.ch\/wp-content\/uploads\/2016\/11\/Quiz_prejuges.png 626w, https:\/\/asile.ch\/wp-content\/uploads\/2016\/11\/Quiz_prejuges-300x212.png 300w, https:\/\/asile.ch\/wp-content\/uploads\/2016\/11\/Quiz_prejuges-150x106.png 150w\" sizes=\"auto, (max-width: 626px) 100vw, 626px\" \/><\/a><figcaption class=\"wp-element-caption\"><br><strong>Testez vos connaissances<\/strong><br>en 9 questions-r\u00e9ponses<br>(fr\/all\/it)<\/figcaption><\/figure>\n<\/div>\n\n\n\n<div class=\"wp-block-column is-layout-flow wp-block-column-is-layout-flow\">\n<figure class=\"wp-block-image size-full\"><img loading=\"lazy\" decoding=\"async\" width=\"2560\" height=\"1804\" src=\"https:\/\/asile.ch\/wp-content\/uploads\/2022\/10\/InvitationImagebrochure-scaled.jpg\" alt=\"\" class=\"wp-image-87262\" srcset=\"https:\/\/asile.ch\/wp-content\/uploads\/2022\/10\/InvitationImagebrochure-scaled.jpg 2560w, https:\/\/asile.ch\/wp-content\/uploads\/2022\/10\/InvitationImagebrochure-300x211.jpg 300w, https:\/\/asile.ch\/wp-content\/uploads\/2022\/10\/InvitationImagebrochure-150x106.jpg 150w\" sizes=\"auto, (max-width: 2560px) 100vw, 2560px\" \/><figcaption class=\"wp-element-caption\">Brochure sur les id\u00e9es re\u00e7ues concernant l&#8217;embauche des personnes r\u00e9fugi\u00e9es, leurs qualifications, etc. (voir <a href=\"https:\/\/asile.ch\/en\/emploi\/\" data-type=\"page\" data-id=\"87501\">asile.ch\/emploi<\/a>)<\/figcaption><\/figure>\n<\/div>\n<\/div>\n\n\n<section id=\"related-content-block-action-block_daa28a25d154348438b449f9099b1b5c\"\n    class=\"c-block c-block--featured  has-prejuges-border c-block--card c-block--\">\n    <div class=\"c-block-title  has-prejuges-border\">\n        <div class=\"c-block-title--label\">Actualit\u00e9s autour des pr\u00e9jug\u00e9s<\/div>\n        \n        \n        <a class=\"c-block-title--link link-color\" href=\"https:\/\/asile.ch\/en\/recherche\/?&amp;_sft_ve_type=decryptage&amp;_sft_post_tag=prejuge\">See more<\/a>\n\n    <\/div>\n    <div class=\"flex flex-wrap -mx-4\">\n                                                                \n                                    <div class=\"px-4 mb-8  w-full md:w-1\/2 lg:w-1\/3 xl:w-1\/4\">\n                        <article class=\"c-card post-101885 post type-post status-publish format-standard has-post-thumbnail hentry category-actualites tag-comptoir tag-decryptages-medias tag-medias tag-notre-regard tag-prejuge tag-racisme ve_numero-ve-201-fevrier-2025 pays-suisse ve_type-decryptage ve_action-comptoir\">\n  <a href=\"https:\/\/asile.ch\/en\/2025\/03\/25\/les-cas-de-racisme-sur-internet-explosent-en-suisse\/\" class=\"c-card-link\">\n    <div class=\"c-card-image\">\n      <img decoding=\"async\" src=\"https:\/\/asile.ch\/wp-content\/uploads\/2025\/03\/SSRdialogue1-640x420.jpg\"  alt=\"\">\n      <div class=\"c-card-type       is-comptoir-tax\">\n\n                          Counter\n                \n      <\/div>\n    <\/div>\n\n    <h2 class=\"c-card-title\">\n        D\u00e9cryptage | \u00abLes cas de racisme sur Internet explosent en Suisse\u00bb?\n    <\/h2>\n    <div class=\"c-card-meta\">\n      25 March 2025\n    <\/div>\n  <\/a>\n<\/article>\n                    <\/div>\n                                                            \n                                    <div class=\"px-4 mb-8  w-full md:w-1\/2 lg:w-1\/3 xl:w-1\/4\">\n                        <article class=\"c-card post-101784 post type-post status-publish format-standard has-post-thumbnail hentry category-actualites tag-centre-federal tag-decryptages-medias tag-loi-sur-lasile tag-notre-regard tag-prejuge tag-procedure tag-sante tag-session-parlementaire ve_numero-ve-201-fevrier-2025 pays-suisse ve_type-decryptage ve_action-notre-regard\">\n  <a href=\"https:\/\/asile.ch\/en\/2025\/03\/17\/fact-checking-sante-une-attaque-infondee-contre-lasile\/\" class=\"c-card-link\">\n    <div class=\"c-card-image\">\n      <img decoding=\"async\" src=\"https:\/\/asile.ch\/wp-content\/uploads\/2022\/08\/Screenshot-2022-08-30-at-18-48-56-Fiche_pratique_Sante_FR.pdf-640x420.png\"  alt=\"\">\n      <div class=\"c-card-type       is-notre-regard-tax\">\n\n                          Our gaze\n                \n      <\/div>\n    <\/div>\n\n    <h2 class=\"c-card-title\">\n        Fact Checking | Sant\u00e9\u2009: une attaque infond\u00e9e contre l\u2019asile\n    <\/h2>\n    <div class=\"c-card-meta\">\n      17 March 2025\n    <\/div>\n  <\/a>\n<\/article>\n                    <\/div>\n                                                            \n                                    <div class=\"px-4 mb-8  w-full md:w-1\/2 lg:w-1\/3 xl:w-1\/4\">\n                        <article class=\"c-card post-100707 post type-post status-publish format-standard has-post-thumbnail hentry category-actualites tag-comptoir tag-decryptages-medias tag-integration tag-medias tag-notre-regard tag-prejuge tag-terminologie ve_type-decryptage ve_action-comptoir\">\n  <a href=\"https:\/\/asile.ch\/en\/2025\/01\/13\/medias-asile-quand-la-terminologie-ou-les-informations-erronees-alimentent-la-polarisation\/\" class=\"c-card-link\">\n    <div class=\"c-card-image\">\n      <img decoding=\"async\" src=\"https:\/\/asile.ch\/wp-content\/uploads\/2024\/10\/Comptoir-des-medias-edited-640x420.png\"  alt=\"\">\n      <div class=\"c-card-type       is-comptoir-tax\">\n\n                          Counter\n                \n      <\/div>\n    <\/div>\n\n    <h2 class=\"c-card-title\">\n        M\u00e9dias &amp; asile | Quand la terminologie ou les informations erron\u00e9es alimentent la polarisation\n    <\/h2>\n    <div class=\"c-card-meta\">\n      13 January 2025\n    <\/div>\n  <\/a>\n<\/article>\n                    <\/div>\n                                                            \n                                    <div class=\"px-4 mb-8  w-full md:w-1\/2 lg:w-1\/3 xl:w-1\/4\">\n                        <article class=\"c-card post-95507 post type-post status-publish format-standard has-post-thumbnail hentry category-actualites tag-admission-provisoire tag-decryptages-medias tag-nem tag-prejuge tag-protection tag-refugie tag-sem tag-statistiques ve_numero-ve-196-fevrier-2024 pays-suisse ve_type-decryptage ve_action-comptoir ve_action-statistiques\">\n  <a href=\"https:\/\/asile.ch\/en\/2024\/02\/27\/statistiques-privilegier-le-taux-de-protection-au-taux-doctroi-de-lasile\/\" class=\"c-card-link\">\n    <div class=\"c-card-image\">\n      <img decoding=\"async\" src=\"https:\/\/asile.ch\/wp-content\/uploads\/2024\/02\/graphique-640x420.jpg\"  alt=\"\">\n      <div class=\"c-card-type       is-comptoir-tax      is-statistiques-tax\">\n\n                          Comptoir\n                  Statistiques\n                \n      <\/div>\n    <\/div>\n\n    <h2 class=\"c-card-title\">\n        Statistiques | Privil\u00e9gier le taux de protection au taux d&rsquo;octroi de l&rsquo;asile\n    <\/h2>\n    <div class=\"c-card-meta\">\n      27 February 2024\n    <\/div>\n  <\/a>\n<\/article>\n                    <\/div>\n                                                <\/div><!-- \/ container -->\n\n<\/section>\n\n\n<section id=\"block_27b13bba38b974ca095fa866c0137d83\" class=\"inline-links align c-block--inline-links c-block--inline-links-size-large\">\n    <div class=\"c-block--inline-links-wrap\">\n        <div class=\"c-block--inline-links-inner\">\n             <h3 class=\"!p-0 c-block-title\">Autres actions et outils de sensibilisation<\/h3>                    <\/div>\n\n        <ul class=\"c-block--inline-links-items\">\n                        <li class=\"c-block--inline-links-item\">\n                <a  href=\"https:\/\/asile.ch\/en\/comptoir-des-medias\/\">\n                    <span class=\"flex items-center\"><span class=\"label\">The Media Counter<\/span><span class=\"fond has-comptoir-bg\"><\/span><\/span>\n                                    <\/a>\n            <\/li>\n                        <li class=\"c-block--inline-links-item\">\n                <a  href=\"https:\/\/asile.ch\/en\/sensibilisation\/\">\n                    <span class=\"flex items-center\"><span class=\"label\">Sensibilisation dans les \u00e9coles<\/span><span class=\"fond has-sensibilisation-dans-les-ecoles-bg\"><\/span><\/span>\n                                    <\/a>\n            <\/li>\n                        <li class=\"c-block--inline-links-item\">\n                <a  href=\"https:\/\/asile.ch\/en\/statistiques\/\">\n                    <span class=\"flex items-center\"><span class=\"label\">Les statistiques d\u00e9crypt\u00e9es<\/span><span class=\"fond has-statistiques-bg\"><\/span><\/span>\n                                    <\/a>\n            <\/li>\n                    <\/ul>\n\n    <\/div>\n<\/section>","protected":false},"excerpt":{"rendered":"<p>Pr\u00e9jug\u00e9s sur l&rsquo;asile La m\u00e9connaissance des faits constitue un terreau propice aux id\u00e9es re\u00e7ues. La sensibilisation aux r\u00e9alit\u00e9s de l\u2019asile est au coeur de l\u2019action de l\u2019association asile.ch, qui a \u00e9labor\u00e9 diff\u00e9rents instruments visant \u00e0 mieux informer la population et \u00e0 outiller celles et ceux qui cherchent \u00e0 contribuer \u00e0 la lutte contre les pr\u00e9jug\u00e9s &hellip; <a href=\"https:\/\/asile.ch\/en\/prejuge\/\">Continued<\/a><\/p>","protected":false},"author":11,"featured_media":0,"parent":0,"menu_order":0,"comment_status":"closed","ping_status":"closed","template":"","meta":{"_acf_changed":false,"footnotes":""},"class_list":["post-70790","page","type-page","status-publish","hentry"],"acf":[],"_links":{"self":[{"href":"https:\/\/asile.ch\/en\/wp-json\/wp\/v2\/pages\/70790","targetHints":{"allow":["GET"]}}],"collection":[{"href":"https:\/\/asile.ch\/en\/wp-json\/wp\/v2\/pages"}],"about":[{"href":"https:\/\/asile.ch\/en\/wp-json\/wp\/v2\/types\/page"}],"author":[{"embeddable":true,"href":"https:\/\/asile.ch\/en\/wp-json\/wp\/v2\/users\/11"}],"replies":[{"embeddable":true,"href":"https:\/\/asile.ch\/en\/wp-json\/wp\/v2\/comments?post=70790"}],"version-history":[{"count":3,"href":"https:\/\/asile.ch\/en\/wp-json\/wp\/v2\/pages\/70790\/revisions"}],"predecessor-version":[{"id":99868,"href":"https:\/\/asile.ch\/en\/wp-json\/wp\/v2\/pages\/70790\/revisions\/99868"}],"wp:attachment":[{"href":"https:\/\/asile.ch\/en\/wp-json\/wp\/v2\/media?parent=70790"}],"curies":[{"name":"wp","href":"https:\/\/api.w.org\/{rel}","templated":true}]}}