{"id":71650,"date":"2021-08-12T16:13:06","date_gmt":"2021-08-12T14:13:06","guid":{"rendered":"https:\/\/stage.asile.ch\/?page_id=71650"},"modified":"2025-11-25T16:32:43","modified_gmt":"2025-11-25T15:32:43","slug":"decryptages-medias","status":"publish","type":"page","link":"https:\/\/asile.ch\/en\/comptoir-des-medias\/decryptages-medias\/","title":{"rendered":"Media analysis"},"content":{"rendered":"\n<p><span class=\"accroche\"><strong>En cas d\u2019impr\u00e9cision, d\u2019erreur ou de repr\u00e9sentation st\u00e9r\u00e9otyp\u00e9e de la r\u00e9alit\u00e9 reprise dans plusieurs m\u00e9dias ou de fa\u00e7on r\u00e9currente, le Comptoir \u00e9labore un d\u00e9cryptage. <\/strong>Il s&rsquo;agit d&rsquo;une analyse argument\u00e9e et document\u00e9e, en vue d\u2019une large diffusion sur des th\u00e9matiques sp\u00e9cifiques.<\/span><\/p>\n\n\n\n<div class=\"wp-block-columns is-layout-flex wp-container-core-columns-is-layout-9d6595d7 wp-block-columns-is-layout-flex\">\n<div class=\"wp-block-column is-layout-flow wp-block-column-is-layout-flow\" style=\"flex-basis:66.66%\"><section id=\"related-content-block-action-block_47fb4ab73be89f20de259b93d3800e46\"\n    class=\"c-block c-block--featured  has-comptoir-border c-block--list c-block-- \">\n    <div class=\"c-block-title  has-comptoir-border\">\n        <div class=\"c-block-title--label\">Les derniers d\u00e9cryptages<\/div>\n        \n        \n        <a class=\"c-block-title--link link-color\" href=\"https:\/\/asile.ch\/recherche\/?_sft_ve_action=comptoir&amp;_sft_post_tag=decryptages-medias\">Voir plus<\/a>\n\n    <\/div>\n    <div class=\"flex flex-wrap -mx-4\">\n                                                                \n                                    <div class=\"w-full px-4 md:px-8\">\n                        <article class=\"c-card-list post-108680 post type-post status-publish format-standard has-post-thumbnail hentry category-actualites tag-comptoir tag-decryptages-medias tag-medias tag-notre-regard tag-prejuges ve_numero-ve-206-fev-2026 pays-suisse ve_type-intervention ve_action-comptoir\">\n  <a href=\"https:\/\/asile.ch\/en\/2026\/04\/17\/dans-les-coulisses-de-notre-veille-mediatique-2025\/\" class=\"c-card-link\">\n    <div class=\"c-card-image\">\n      <img decoding=\"async\" src=\"https:\/\/asile.ch\/wp-content\/uploads\/2026\/04\/pexels-suzyhazelwood-3866816-640x420.jpg\"  alt=\"\">\n    <\/div>\n    <h2 class=\"c-card-title\">\n\n      Dans les coulisses de notre veille m\u00e9diatique 2025\n      <div class=\"c-card-date\">\n        <span>17 April 2026 <span>\n      <\/div>\n    <\/h2>\n  <\/a>\n<\/article>\n                    <\/div>\n                                                            \n                                    <div class=\"w-full px-4 md:px-8\">\n                        <article class=\"c-card-list post-107528 post type-post status-publish format-standard has-post-thumbnail hentry category-actualites category-decryptages-thematiques category-comptoir-des-medias tag-accueil tag-decryptages-medias tag-documentation tag-droit-international tag-europe tag-frontieres tag-lampedusa tag-medias tag-melilla tag-prejuge tag-prejuge-tromperie tag-terminologie tag-violence pays-espagne pays-italie ve_type-rapport-recherche ve_action-comptoir ve_action-documentation\">\n  <a href=\"https:\/\/asile.ch\/en\/2026\/02\/12\/nccr-le-recit-mediatique-sur-les-crises-aux-frontieres-les-cas-de-melilla-et-lampedusa\/\" class=\"c-card-link\">\n    <div class=\"c-card-image\">\n      <img decoding=\"async\" src=\"https:\/\/asile.ch\/wp-content\/uploads\/2026\/02\/pexels-gaza-9932963-640x420.jpg\"  alt=\"\">\n    <\/div>\n    <h2 class=\"c-card-title\">\n\n      NCCR | Le r\u00e9cit m\u00e9diatique sur les \u00ab\u00a0crises\u00a0\u00bb aux fronti\u00e8res : les cas de Melilla et Lampedusa\n      <div class=\"c-card-date\">\n        <span>12 February 2026 <span>\n      <\/div>\n    <\/h2>\n  <\/a>\n<\/article>\n                    <\/div>\n                                                            \n                                    <div class=\"w-full px-4 md:px-8\">\n                        <article class=\"c-card-list post-105682 post type-post status-publish format-standard has-post-thumbnail hentry category-actualites category-decryptages-thematiques category-comptoir-des-medias tag-decryptages-medias tag-droits-humains tag-economie tag-emploi tag-integration tag-medias tag-session-parlementaire tag-union-europeenne pays-suisse ve_type-decryptage ve_type-doc-web-radio-video ve_action-comptoir\">\n  <a href=\"https:\/\/asile.ch\/en\/2025\/12\/10\/point-presse-24-11%ef%bd%9cpenurie-de-main-doeuvre-et-ralentissement-demographique-la-suisse-peut-elle-se-passer-de-limmigration\/\" class=\"c-card-link\">\n    <div class=\"c-card-image\">\n      <img decoding=\"async\" src=\"https:\/\/asile.ch\/wp-content\/uploads\/2025\/11\/rafael-as-martins-ZsALpTRPyh4-unsplash-640x420.jpg\"  alt=\"\">\n    <\/div>\n    <h2 class=\"c-card-title\">\n\n      Session parlementaire\uff5cP\u00e9nurie de main-d\u2019\u0153uvre et ralentissement d\u00e9mographique: la Suisse peut-elle se passer de l\u2019immigration? [25.026]\n      <div class=\"c-card-date\">\n        <span>10 December 2025 <span>\n      <\/div>\n    <\/h2>\n  <\/a>\n<\/article>\n                    <\/div>\n                                                            \n                                    <div class=\"w-full px-4 md:px-8\">\n                        <article class=\"c-card-list post-105832 post type-post status-publish format-standard has-post-thumbnail hentry category-actualites category-decryptages-thematiques category-comptoir-des-medias tag-comptoir tag-decryptages-medias tag-ecole tag-evenement tag-prejuge tag-terminologie pays-suisse ve_type-evenement ve_action-comptoir\">\n  <a href=\"https:\/\/asile.ch\/en\/2025\/11\/24\/semaine-des-medias-a-lecole-inscriptions-ouvertes\/\" class=\"c-card-link\">\n    <div class=\"c-card-image\">\n      <img decoding=\"async\" src=\"https:\/\/asile.ch\/wp-content\/uploads\/2025\/11\/technology-3353701_1280-640x420.jpg\"  alt=\"\">\n    <\/div>\n    <h2 class=\"c-card-title\">\n\n      Semaine des m\u00e9dias \u00e0 l&rsquo;\u00e9cole | Inscriptions ouvertes\n      <div class=\"c-card-date\">\n        <span>24 November 2025 <span>\n      <\/div>\n    <\/h2>\n  <\/a>\n<\/article>\n                    <\/div>\n                                                            \n                                    <div class=\"w-full px-4 md:px-8\">\n                        <article class=\"c-card-list post-104959 post type-post status-publish format-standard has-post-thumbnail hentry category-decryptages-thematiques category-comptoir-des-medias tag-decryptages-medias tag-desinformation tag-medias tag-notre-regard tag-politique-migratoire tag-terminologie pays-france pays-suisse ve_type-decryptage ve_action-comptoir\">\n  <a href=\"https:\/\/asile.ch\/en\/2025\/10\/06\/la-crise-migratoire-dans-la-presse-entre-cadrage-mediatique-et-perceptions-faussees\/\" class=\"c-card-link\">\n    <div class=\"c-card-image\">\n      <img decoding=\"async\" src=\"https:\/\/asile.ch\/wp-content\/uploads\/2025\/10\/pexels-mike-chai-285623-842339-640x420.jpg\"  alt=\"\">\n    <\/div>\n    <h2 class=\"c-card-title\">\n\n      La \u00ab crise migratoire \u00bb dans la presse: entre cadrage m\u00e9diatique et perceptions fauss\u00e9es\n      <div class=\"c-card-date\">\n        <span>6 October 2025 <span>\n      <\/div>\n    <\/h2>\n  <\/a>\n<\/article>\n                    <\/div>\n                                                <\/div><!-- \/ container -->\n\n<\/section>\n<\/div>\n\n\n\n<div class=\"wp-block-column is-layout-flow wp-block-column-is-layout-flow\" style=\"flex-basis:35%\"><section id=\"block_ea18131a2af6742f4eb289ff8813bbb0\" class=\"big-links align c-block--big-links my-8 c-block--big-links--small\">\n    <div class=\"c-block-title\">Consultez aussi nos<\/div>\n    <div class=\"grid grid-flow-col gap-4 auto-cols-fr\">\n                                    <a href=\"https:\/\/asile.ch\/2025\/11\/07\/statistiques-sem-une-communication-bien-calibree\/\" class=\"c-block--big-links-item relative has-statistiques-bg has-white-border has-black-color\" target=\"_blank\">\n\n                                        D\u00e9cryptages statistiques<\/a>\n                        <\/div>\n<\/section>\n<\/div>\n<\/div>\n","protected":false},"excerpt":{"rendered":"<p>En cas d\u2019impr\u00e9cision, d\u2019erreur ou de repr\u00e9sentation st\u00e9r\u00e9otyp\u00e9e de la r\u00e9alit\u00e9 reprise dans plusieurs m\u00e9dias ou de fa\u00e7on r\u00e9currente, le Comptoir \u00e9labore un d\u00e9cryptage. Il s&rsquo;agit d&rsquo;une analyse argument\u00e9e et document\u00e9e, en vue d\u2019une large diffusion sur des th\u00e9matiques sp\u00e9cifiques.<\/p>","protected":false},"author":8,"featured_media":0,"parent":12881,"menu_order":0,"comment_status":"closed","ping_status":"closed","template":"","meta":{"_acf_changed":false,"footnotes":""},"class_list":["post-71650","page","type-page","status-publish","hentry"],"acf":[],"_links":{"self":[{"href":"https:\/\/asile.ch\/en\/wp-json\/wp\/v2\/pages\/71650","targetHints":{"allow":["GET"]}}],"collection":[{"href":"https:\/\/asile.ch\/en\/wp-json\/wp\/v2\/pages"}],"about":[{"href":"https:\/\/asile.ch\/en\/wp-json\/wp\/v2\/types\/page"}],"author":[{"embeddable":true,"href":"https:\/\/asile.ch\/en\/wp-json\/wp\/v2\/users\/8"}],"replies":[{"embeddable":true,"href":"https:\/\/asile.ch\/en\/wp-json\/wp\/v2\/comments?post=71650"}],"version-history":[{"count":3,"href":"https:\/\/asile.ch\/en\/wp-json\/wp\/v2\/pages\/71650\/revisions"}],"predecessor-version":[{"id":105924,"href":"https:\/\/asile.ch\/en\/wp-json\/wp\/v2\/pages\/71650\/revisions\/105924"}],"up":[{"embeddable":true,"href":"https:\/\/asile.ch\/en\/wp-json\/wp\/v2\/pages\/12881"}],"wp:attachment":[{"href":"https:\/\/asile.ch\/en\/wp-json\/wp\/v2\/media?parent=71650"}],"curies":[{"name":"wp","href":"https:\/\/api.w.org\/{rel}","templated":true}]}}