{"id":71996,"date":"2021-08-19T10:04:56","date_gmt":"2021-08-19T08:04:56","guid":{"rendered":"https:\/\/stage.asile.ch\/?page_id=71996"},"modified":"2026-04-14T15:53:27","modified_gmt":"2026-04-14T13:53:27","slug":"statistiques","status":"publish","type":"page","link":"https:\/\/asile.ch\/en\/statistiques\/","title":{"rendered":"Statistiques de l&rsquo;asile"},"content":{"rendered":"<div class=\"wp-block-columns is-layout-flex wp-container-core-columns-is-layout-9d6595d7 wp-block-columns-is-layout-flex\">\n<div class=\"wp-block-column is-layout-flow wp-block-column-is-layout-flow\" style=\"flex-basis:100%\">\n<p><meta charset=\"utf-8\"><span class=\"accroche\">Les statistiques permettent d\u2019interpr\u00e9ter l\u2019\u00e9volution de la soci\u00e9t\u00e9, de l\u2019\u00e9conomie, de la population. Cette rubrique vise \u00e0 offrir au public, aux m\u00e9dias et aux personnes int\u00e9ress\u00e9es une grille de lecture des donn\u00e9es fournies par les autorit\u00e9s suisses, europ\u00e9ennes ou internationales. Nous cherchons \u00e9galement \u00e0 traduire les \u00abcases\u00bb statistiques dans leurs r\u00e9alit\u00e9s juridiques et sociales. <\/span><\/p>\n<\/div>\n<\/div>\n\n\n<div class=\"my-8 c-block c-block-HeroSlider\">\n\n            <div class=\"c-HeroSlider js-carousel\" data-flickity='{ \"autoPlay\": 7000, \"wrapAround\": true, \"fade\":true }'>\n            \n                                                <a href=\"https:\/\/asile.ch\/en\/2026\/05\/01\/une-suisse-a-10-millions-a-cause-de-lasile\/\"\n    class=\"block w-full h-full bg-center bg-cover c-HeroSlide js-carouselItem js-bgImg is-notre-regard-tax\">\n     <img decoding=\"async\" src=\"https:\/\/asile.ch\/wp-content\/uploads\/2026\/05\/Vivre10millions1int1bb-jpg-hor-1280x840.jpg\"  alt=\"\" class=\"object-cover w-full hidden\">\n    <div class=\"flex h-full\">\n        <div class=\"bg-white c-card-content\">\n            <div class=\"c-card-content-inner\">\n            <div class=\"\">\n                <span class=\"text-sm text-black no-underline border-b-4 flex-start link-color\">Our gaze<\/span>\n            <\/div>\n            <div class=\"c-card-title\">A \u00abSwitzerland of 10 million\u00bb: because of asylum?<\/div>  <\/div>\n        <\/div>\n    <\/div>\n<\/a>\n                                    <a href=\"https:\/\/asile.ch\/en\/2026\/04\/24\/statistiques-refugie%c2%b7es-de-gaza-quelle-protection\/\"\n    class=\"block w-full h-full bg-center bg-cover c-HeroSlide js-carouselItem js-bgImg is-notre-regard-tax\">\n     <img decoding=\"async\" src=\"https:\/\/asile.ch\/wp-content\/uploads\/2026\/04\/ash-hayes-qQ_3Se2Vy20-unsplash-1280x840.jpg\"  alt=\"\" class=\"object-cover w-full hidden\">\n    <div class=\"flex h-full\">\n        <div class=\"bg-white c-card-content\">\n            <div class=\"c-card-content-inner\">\n            <div class=\"\">\n                <span class=\"text-sm text-black no-underline border-b-4 flex-start link-color\">Our gaze<\/span>\n            <\/div>\n            <div class=\"c-card-title\">Statistiques | R\u00e9fugi\u00e9\u00b7es de Gaza. Quelle protection ?<\/div>  <\/div>\n        <\/div>\n    <\/div>\n<\/a>\n                                    <a href=\"https:\/\/asile.ch\/en\/2026\/04\/23\/neocarto-cartographie-des-morts-aux-frontieres-de-leurope\/\"\n    class=\"block w-full h-full bg-center bg-cover c-HeroSlide js-carouselItem js-bgImg is-documentation-tax\">\n     <img decoding=\"async\" src=\"https:\/\/asile.ch\/wp-content\/uploads\/2026\/04\/Cartes-morts-1993-ajd-agrege-1280x840.png\"  alt=\"\" class=\"object-cover w-full hidden\">\n    <div class=\"flex h-full\">\n        <div class=\"bg-white c-card-content\">\n            <div class=\"c-card-content-inner\">\n            <div class=\"\">\n                <span class=\"text-sm text-black no-underline border-b-4 flex-start link-color\">Documentation<\/span>\n            <\/div>\n            <div class=\"c-card-title\">Neocarto | Cartographie des morts aux fronti\u00e8res de l&rsquo;Europe<\/div>  <\/div>\n        <\/div>\n    <\/div>\n<\/a>\n                                    <a href=\"https:\/\/asile.ch\/en\/2025\/11\/07\/statistiques-sem-une-communication-bien-calibree\/\"\n    class=\"block w-full h-full bg-center bg-cover c-HeroSlide js-carouselItem js-bgImg is-statistiques-tax\">\n     <img decoding=\"async\" src=\"https:\/\/asile.ch\/wp-content\/uploads\/2025\/11\/m-ZzOa5G8hSPI-unsplash-1280x840.jpg\"  alt=\"\" class=\"object-cover w-full hidden\">\n    <div class=\"flex h-full\">\n        <div class=\"bg-white c-card-content\">\n            <div class=\"c-card-content-inner\">\n            <div class=\"\">\n                <span class=\"text-sm text-black no-underline border-b-4 flex-start link-color\">Statistics<\/span>\n            <\/div>\n            <div class=\"c-card-title\">Statistics | SEM: Well-calibrated communication<\/div>  <\/div>\n        <\/div>\n    <\/div>\n<\/a>\n                                    <a href=\"https:\/\/asile.ch\/en\/2025\/10\/27\/prejuges-mise-a-jour-du-quiz-et-de-nos-pages-prejuges-sur-la-base-des-donnees-2024\/\"\n    class=\"block w-full h-full bg-center bg-cover c-HeroSlide js-carouselItem js-bgImg is-prejuges-tax\">\n     <img decoding=\"async\" src=\"https:\/\/asile.ch\/wp-content\/uploads\/2016\/10\/extraitcouvprejuges-1280x840.jpg\"  alt=\"\" class=\"object-cover w-full hidden\">\n    <div class=\"flex h-full\">\n        <div class=\"bg-white c-card-content\">\n            <div class=\"c-card-content-inner\">\n            <div class=\"\">\n                <span class=\"text-sm text-black no-underline border-b-4 flex-start link-color\">Pr\u00e9jug\u00e9s sur l&rsquo;asile<\/span>\n            <\/div>\n            <div class=\"c-card-title\">Statistiques 2024 | Quiz et pages pr\u00e9jug\u00e9s mises \u00e0 jour<\/div>  <\/div>\n        <\/div>\n    <\/div>\n<\/a>\n                                    <a href=\"https:\/\/asile.ch\/en\/2025\/10\/01\/criminalite-des-personnes-etrangeres-pratiques-mediatiques-comparees\/\"\n    class=\"block w-full h-full bg-center bg-cover c-HeroSlide js-carouselItem js-bgImg is-comptoir-tax\">\n     <img decoding=\"async\" src=\"https:\/\/asile.ch\/wp-content\/uploads\/2025\/10\/announcement-3509489_1280-1280x840.jpg\"  alt=\"\" class=\"object-cover w-full hidden\">\n    <div class=\"flex h-full\">\n        <div class=\"bg-white c-card-content\">\n            <div class=\"c-card-content-inner\">\n            <div class=\"\">\n                <span class=\"text-sm text-black no-underline border-b-4 flex-start link-color\">Counter<\/span>\n            <\/div>\n            <div class=\"c-card-title\">Foreign Criminality: Comparative Media Practices<\/div>  <\/div>\n        <\/div>\n    <\/div>\n<\/a>\n                                    <\/div>\n\n    <\/div>\n\n\n\n<div class=\"wp-block-columns is-layout-flex wp-container-core-columns-is-layout-9d6595d7 wp-block-columns-is-layout-flex\">\n<div class=\"wp-block-column is-layout-flow wp-block-column-is-layout-flow\" style=\"flex-basis:100%\">\n<p>Infographies interactives, \u00e9volution des demandes d&rsquo;asile par pays, cartographies critiques, d\u00e9cryptages statistiques. Nos d\u00e9cryptages sont initialement publi\u00e9s dans la <a href=\"https:\/\/asile.ch\/en\/revue-vivre-ensemble\/\" data-type=\"page\" data-id=\"2726\">revue <em>asile.ch<\/em><\/a> ou produits dans le cadre du <em><a href=\"https:\/\/asile.ch\/en\/comptoir-des-medias\/impact-et-interventions\/\" data-type=\"page\" data-id=\"71755\">Media Counter<\/a><\/em>.<\/p>\n<\/div>\n<\/div>\n\n\n<section data-block_d0d01f8c128aadc00a157192a066e3c3 class=\"c-section c-section-numbers js-section-numbers\">\n       <div class=\"c-section-numbers-block c-block-columns-three\">\n\n                                            <div class=\"c-block-number-item\">\n                <div class=\"c-block-inner  is-box--statistiques  is-statistiques-color\" >\n                                <div class=\"c-block-number-num\" ><span class=\"js-number\" counter-lim=\"47513\">47513<\/span><\/div>\n                <div class=\"c-block-number-icon c-block-number-icon-top\">\n                    \n                <\/div>\n                <div class=\"c-block-number-text\">\n                c&#039;est le nombre de demandes d&#039;asile comptabilis\u00e9es en Suisse, en 1999. Cette hausse est notamment li\u00e9e \u00e0 la guerre du Kosovo.\n                <\/div>\n                                <\/div>\n            <\/div>\n\n                                    <div class=\"c-block-number-item\">\n                <div class=\"c-block-inner  is-box--glossaire  is-glossaire-color\" >\n                                <div class=\"c-block-number-num\" ><span class=\"js-number\" counter-lim=\"25781\">25781<\/span><\/div>\n                <div class=\"c-block-number-icon c-block-number-icon-top\">\n                    \n                <\/div>\n                <div class=\"c-block-number-text\">\n                C&#039;est le nombre de nouvelles demandes d&#039;asile en 2025, dont&#8230;\n                <\/div>\n                                <\/div>\n            <\/div>\n\n                                    <div class=\"c-block-number-item\">\n                <div class=\"c-block-inner  is-box--documentation  is-documentation-color\" >\n                                <div class=\"c-block-number-num\" ><span class=\"js-number\" counter-lim=\"19\">19<\/span>%<\/div>\n                <div class=\"c-block-number-icon c-block-number-icon-top\">\n                    \n                <\/div>\n                <div class=\"c-block-number-text\">\n                sont des demandes dites &quot;secondaires&quot; compos\u00e9es pour pr\u00e8s de la moiti\u00e9 de naissances de b\u00e9b\u00e9s de r\u00e9fugi\u00e9es d\u00e9j\u00e0 en Suisse\n                <\/div>\n                                <\/div>\n            <\/div>\n\n                            <\/div>\n<\/section>\n\n\n<section id=\"block_b1d906fa58c8ddd11c97e5774ac8d9ea\" class=\"big-links align c-block--big-links my-8 c-block--big-links--small\">\n    <div class=\"c-block-title\">Pour aller plus loin<\/div>\n    <div class=\"grid grid-flow-col gap-4 auto-cols-fr\">\n                                    <a href=\"https:\/\/asile.ch\/en\/statistique\/demandes-dasile\/\" class=\"c-block--big-links-item relative has-neutre-bg has-statistiques-border has-statistiques-color\" target=\"\">\n\n                                        Demandes d&rsquo;asile<\/a>\n                                                <a href=\"https:\/\/asile.ch\/en\/statistique\/procedure\/\" class=\"c-block--big-links-item relative has-neutre-bg has-statistiques-border has-statistiques-color\" target=\"\">\n\n                                        Proc\u00e9dure d&rsquo;asile<\/a>\n                        <\/div>\n<\/section>\n\n\n<section id=\"block_02326acf548fc0d759d8e605e9ddd42a\" class=\"inline-links align c-block--inline-links c-block--inline-links-size-large\">\n    <div class=\"c-block--inline-links-wrap\">\n        <div class=\"c-block--inline-links-inner\">\n             <h3 class=\"!p-0 c-block-title\">Ceci peut aussi vous int\u00e9resser<\/h3>                    <\/div>\n\n        <ul class=\"c-block--inline-links-items\">\n                        <li class=\"c-block--inline-links-item\">\n                <a  href=\"https:\/\/asile.ch\/en\/prejuge\/\">\n                    <span class=\"flex items-center\"><span class=\"label\">Pr\u00e9jug\u00e9s sur l&rsquo;asile<\/span><span class=\"fond has-prejuges-bg\"><\/span><\/span>\n                                    <\/a>\n            <\/li>\n                        <li class=\"c-block--inline-links-item\">\n                <a  href=\"https:\/\/asile.ch\/en\/comptoir-des-medias\/\">\n                    <span class=\"flex items-center\"><span class=\"label\">Media Counter<\/span><span class=\"fond has-comptoir-bg\"><\/span><\/span>\n                                    <\/a>\n            <\/li>\n                        <li class=\"c-block--inline-links-item\">\n                <a  href=\"https:\/\/asile.ch\/en\/procedure-dasile-permis-et-droits\/\">\n                    <span class=\"flex items-center\"><span class=\"label\">Proc\u00e9dure et statuts de l&rsquo;asile en Suisse<\/span><span class=\"fond has-documentation-bg\"><\/span><\/span>\n                                    <\/a>\n            <\/li>\n                    <\/ul>\n\n    <\/div>\n<\/section>","protected":false},"excerpt":{"rendered":"<p>Les statistiques permettent d\u2019interpr\u00e9ter l\u2019\u00e9volution de la soci\u00e9t\u00e9, de l\u2019\u00e9conomie, de la population. Cette rubrique vise \u00e0 offrir au public, aux m\u00e9dias et aux personnes int\u00e9ress\u00e9es une grille de lecture des donn\u00e9es fournies par les autorit\u00e9s suisses, europ\u00e9ennes ou internationales. Nous cherchons \u00e9galement \u00e0 traduire les \u00abcases\u00bb statistiques dans leurs r\u00e9alit\u00e9s juridiques et sociales. Infographies &hellip; <a href=\"https:\/\/asile.ch\/en\/statistiques\/\">Continued<\/a><\/p>","protected":false},"author":11,"featured_media":36464,"parent":0,"menu_order":0,"comment_status":"closed","ping_status":"closed","template":"","meta":{"_acf_changed":false,"footnotes":""},"class_list":["post-71996","page","type-page","status-publish","has-post-thumbnail","hentry"],"acf":[],"_links":{"self":[{"href":"https:\/\/asile.ch\/en\/wp-json\/wp\/v2\/pages\/71996","targetHints":{"allow":["GET"]}}],"collection":[{"href":"https:\/\/asile.ch\/en\/wp-json\/wp\/v2\/pages"}],"about":[{"href":"https:\/\/asile.ch\/en\/wp-json\/wp\/v2\/types\/page"}],"author":[{"embeddable":true,"href":"https:\/\/asile.ch\/en\/wp-json\/wp\/v2\/users\/11"}],"replies":[{"embeddable":true,"href":"https:\/\/asile.ch\/en\/wp-json\/wp\/v2\/comments?post=71996"}],"version-history":[{"count":8,"href":"https:\/\/asile.ch\/en\/wp-json\/wp\/v2\/pages\/71996\/revisions"}],"predecessor-version":[{"id":108738,"href":"https:\/\/asile.ch\/en\/wp-json\/wp\/v2\/pages\/71996\/revisions\/108738"}],"wp:featuredmedia":[{"embeddable":true,"href":"https:\/\/asile.ch\/en\/wp-json\/wp\/v2\/media\/36464"}],"wp:attachment":[{"href":"https:\/\/asile.ch\/en\/wp-json\/wp\/v2\/media?parent=71996"}],"curies":[{"name":"wp","href":"https:\/\/api.w.org\/{rel}","templated":true}]}}