{"id":72016,"date":"2021-08-19T10:18:19","date_gmt":"2021-08-19T08:18:19","guid":{"rendered":"https:\/\/stage.asile.ch\/?page_id=72016"},"modified":"2026-04-23T10:10:59","modified_gmt":"2026-04-23T08:10:59","slug":"pour-les-enseignantes","status":"publish","type":"page","link":"https:\/\/asile.ch\/en\/pour-les-enseignantes\/","title":{"rendered":"For teachers"},"content":{"rendered":"\n<h1 class=\"wp-block-heading\">Pour les enseignant\u00b7es<\/h1>\n\n\n\n<p><span class=\"accroche\">Vous \u00eates enseignant\u00b7e ou menez dans des ateliers aupr\u00e8s d&rsquo;un public jeune ou moins jeune sur la th\u00e9matique de la migration? Vous \u00eates \u00e0 la recherche de cartes, donn\u00e9es chiffr\u00e9es, dessins, films et autres supports pour compl\u00e9ter vos cours? Ou souhaitez organiser une intervention dans vos classes? Voici quelques liens qui pourront vous \u00eatre utiles.  <\/span><\/p>\n\n\n\n<p>Nos pages  <a href=\"https:\/\/asile.ch\/sensibilisation-et-formation-sur-lasile-et-les-migrations\/\" data-type=\"ecole\" target=\"_blank\" rel=\"noreferrer noopener\">Sensibilisation dans les \u00e9coles<\/a> proposent une s\u00e9lection de ressources et offres p\u00e9dagogiques. <\/p>\n\n\n\n<div class=\"wp-block-buttons is-layout-flex wp-block-buttons-is-layout-flex\">\n<div class=\"wp-block-button has-custom-width wp-block-button__width-50 is-style-outline is-style-outline--1\"><a class=\"wp-block-button__link has-noir-color has-sensibilisation-dans-les-ecoles-background-color has-text-color has-background wp-element-button\" href=\"https:\/\/asile.ch\/ecole\/sensibilisation-et-formation-sur-lasile-et-les-migrations\/demarche-et-infos-pratiques\/\" target=\"_blank\" rel=\"noreferrer noopener\">Migr&rsquo;asile. A la rencontre des jeunes<\/a><\/div>\n\n\n\n<div class=\"wp-block-button has-custom-width wp-block-button__width-50 is-style-outline is-style-outline--2\"><a class=\"wp-block-button__link has-noir-color has-sensibilisation-dans-les-ecoles-background-color has-text-color has-background wp-element-button\" href=\"https:\/\/asile.ch\/ecole\/ressources-pedagogiques\/\" target=\"_blank\" rel=\"noreferrer noopener\">Ressources p\u00e9dagogiques<\/a><\/div>\n\n\n\n<div class=\"wp-block-button has-custom-width wp-block-button__width-100 is-style-outline is-style-outline--3\"><a class=\"wp-block-button__link has-noir-color has-sensibilisation-dans-les-ecoles-background-color has-text-color has-background wp-element-button\" href=\"https:\/\/asile.ch\/wp-content\/uploads\/2019\/06\/vademecum.pdf\" target=\"_blank\" rel=\"noreferrer noopener\">Enjeux et apport du t\u00e9moignage en classe<\/a><\/div>\n<\/div>\n\n\n\n<figure class=\"wp-block-image alignright size-full is-resized\"><a href=\"https:\/\/www.asile.ch\/prejuges\" target=\"_blank\"><img loading=\"lazy\" decoding=\"async\" width=\"1142\" height=\"1244\" src=\"https:\/\/asile.ch\/wp-content\/uploads\/2016\/11\/Prejuge_Detention.png\" alt=\"\" class=\"wp-image-35849\" style=\"width:286px;height:311px\" srcset=\"https:\/\/asile.ch\/wp-content\/uploads\/2016\/11\/Prejuge_Detention.png 1142w, https:\/\/asile.ch\/wp-content\/uploads\/2016\/11\/Prejuge_Detention-275x300.png 275w, https:\/\/asile.ch\/wp-content\/uploads\/2016\/11\/Prejuge_Detention-138x150.png 138w\" sizes=\"auto, (max-width: 1142px) 100vw, 1142px\" \/><\/a><figcaption class=\"wp-element-caption\">Extrait de la brochure sur les pr\u00e9jug\u00e9s<\/figcaption><\/figure>\n\n\n\n<p>Testez avec vos \u00e9l\u00e8ves le quiz sur l&rsquo;asile<a rel=\"noreferrer noopener\" href=\"https:\/\/asile.ch\/prejuges\" target=\"_blank\"><em> Il y a ce qu&rsquo;on dit sur les r\u00e9fugi\u00e9s. Et il y a la r\u00e9alit\u00e9<\/em><\/a>. La fiche p\u00e9dagogique d&rsquo;<a rel=\"noreferrer noopener\" href=\"https:\/\/catalogue.education21.ch\/fr\/il-y-ce-quon-dit-sur-les-refugies-et-il-y-la-realite\" target=\"_blank\">Education 21<\/a> pr\u00e9sente la d\u00e9marche comme un bon outil de base pour travailler repr\u00e9sentations et st\u00e9r\u00e9otypes en classe. <\/p>\n\n\n\n<p>En compl\u00e9ment au quiz et \u00e0 la brochure (distribu\u00e9es gratuitement sur commande), retrouvez dans nos pages <a href=\"https:\/\/asile.ch\/prejuges\/\" data-type=\"page\" data-id=\"70790\" target=\"_blank\" rel=\"noreferrer noopener\">Pr\u00e9jug\u00e9s sur l&rsquo;asile<\/a> des explications pour chaque pr\u00e9jug\u00e9 accompagn\u00e9es de documentation, cartes et donn\u00e9es statistiques pouvant \u00eatre utilis\u00e9es en classe. <\/p>\n\n\n\n<p>D\u00e9couvrez avec vos \u00e9l\u00e8ves la migration par le reportage dessin\u00e9 de HERJI. Une BD reportage raconte l&rsquo;arriv\u00e9e de jeunes r\u00e9fugi\u00e9s dans un village de Savoie qui n&rsquo;y \u00e9tait pas forc\u00e9ment pr\u00e9par\u00e9. Une histoire d&rsquo;accueil et de rencontre. La BD a \u00e9t\u00e9 publi\u00e9e comme \u00e9dition sp\u00e9ciale de la revue asile.ch. HERJI participe au projet Migr&rsquo;asile.<\/p>\n\n\n<section id=\"block_c0de27d6f8d136c91b20c50856d5d774\" class=\"big-links align c-block--big-links my-8 c-block--big-links--small\">\n    <div class=\"c-block-title\">Autres liens \u00e0 d\u00e9couvrir sur asile.ch<\/div>\n    <div class=\"grid grid-flow-col gap-4 auto-cols-fr\">\n                                    <a href=\"https:\/\/asile.ch\/comptoir-des-medias\/decryptages-medias\/\" class=\"c-block--big-links-item relative has-comptoir-bg has-comptoir-border has-black-color\" target=\"\">\n\n                                        D\u00e9cryptages m\u00e9dias et fact-checking<\/a>\n                                                <a href=\"https:\/\/asile.ch\/prejuges\/\" class=\"c-block--big-links-item relative has-prejuges-bg has-prejuges-border has-black-color\" target=\"\">\n\n                                        Pr\u00e9jug\u00e9s sur l&rsquo;asile. Documentation et donn\u00e9es<\/a>\n                                                <a href=\"https:\/\/asile.ch\/statistiques\/\" class=\"c-block--big-links-item relative has-statistiques-bg has-statistiques-border has-white-color\" target=\"\">\n\n                                        Des statistiques d\u00e9crypt\u00e9es et contextualis\u00e9es<\/a>\n                                                <a href=\"https:\/\/asile.ch\/statistique\/cartographier-les-migrations\/\" class=\"c-block--big-links-item relative has-neutre-bg has-statistiques-border has-statistiques-color\" target=\"\">\n\n                                        Cartographier les migrations<\/a>\n                        <\/div>\n<\/section>\n\n\n<section id=\"related-content-block-action-block_8fbb6bbe8de7d29dcc5ca9c1cca3b3f9\"\n    class=\"c-block c-block--featured  has-ecole-border c-block--card c-block-- \">\n    <div class=\"c-block-title  has-ecole-border\">\n        <div class=\"c-block-title--label\">Ces contenus pourraient aussi vous int\u00e9resser<\/div>\n        \n        \n        <a class=\"c-block-title--link link-color\" href=\"https:\/\/asile.ch\/recherche\/?&amp;_sft_post_tag=bande-dessinee\">Voir plus<\/a>\n\n    <\/div>\n    <div class=\"flex flex-wrap -mx-4\">\n                                                                \n                                    <div class=\"px-4 mb-8  w-full md:w-1\/2 lg:w-1\/3 xl:w-1\/4 \">\n                        <article class=\"c-card post-105774 post type-post status-publish format-standard has-post-thumbnail hentry category-actualites tag-bande-dessinee tag-droit-de-lenfant tag-exil tag-famille tag-vie-familiale ve_numero-ve-204-sept-oct-2025 pays-chili ve_type-interview ve_action-notre-regard\">\n  <a href=\"https:\/\/asile.ch\/en\/2025\/11\/27\/dessiner-les-silences-quand-la-recherche-devient-bd\/\" class=\"c-card-link\">\n    <div class=\"c-card-image\">\n      <img decoding=\"async\" src=\"https:\/\/asile.ch\/wp-content\/uploads\/2025\/11\/Lautaro_1-640x420.jpg\"  alt=\"\">\n      <div class=\"c-card-type       is-notre-regard-tax\n             \">\n\n                          Notre regard\n                \n      <\/div>\n    <\/div>\n\n    <h2 class=\"c-card-title\">\n        Dessiner les silences. Quand la recherche devient BD\n    <\/h2>\n    <div class=\"c-card-meta\">\n      27 November 2025\n    <\/div>\n  <\/a>\n<\/article>\n                    <\/div>\n                                                            \n                                    <div class=\"px-4 mb-8  w-full md:w-1\/2 lg:w-1\/3 xl:w-1\/4 \">\n                        <article class=\"c-card post-105437 post type-post status-publish format-standard has-post-thumbnail hentry category-actualites tag-bande-dessinee tag-exil tag-famille tag-notre-regard tag-refugie tag-traumatisme ve_numero-ve-204-sept-oct-2025 pays-chili pays-suisse ve_type-rapport-recherche ve_action-notre-regard\">\n  <a href=\"https:\/\/asile.ch\/en\/2025\/10\/30\/lexil-en-heritage-quand-la-parentalite-ravive-lhistoire-familiale\/\" class=\"c-card-link\">\n    <div class=\"c-card-image\">\n      <img decoding=\"async\" src=\"https:\/\/asile.ch\/wp-content\/uploads\/2025\/10\/ERIKA_COUV-HD-640x420.jpg\"  alt=\"\">\n      <div class=\"c-card-type       is-notre-regard-tax\n             \">\n\n                          Notre regard\n                \n      <\/div>\n    <\/div>\n\n    <h2 class=\"c-card-title\">\n        Recherche |\u00a0L&rsquo;exil en h\u00e9ritage: quand la parentalit\u00e9 ravive l&rsquo;histoire familiale\n    <\/h2>\n    <div class=\"c-card-meta\">\n      30 October 2025\n    <\/div>\n  <\/a>\n<\/article>\n                    <\/div>\n                                                            \n                                    <div class=\"px-4 mb-8  w-full md:w-1\/2 lg:w-1\/3 xl:w-1\/4 \">\n                        <article class=\"c-card post-89316 post type-post status-publish format-standard has-post-thumbnail hentry category-actualites tag-admission-provisoire tag-autonomie tag-bande-dessinee tag-emploi tag-notre-regard tag-prejuge-oisivete tag-travail ve_numero-ve-190-decembre-2022 ve_type-recension ve_action-notre-regard\">\n  <a href=\"https:\/\/asile.ch\/en\/2023\/02\/05\/entreprenariat-migrant-une-bd-scientifique-pour-raconter-lenvers-du-decor\/\" class=\"c-card-link\">\n    <div class=\"c-card-image\">\n      <img decoding=\"async\" src=\"https:\/\/asile.ch\/wp-content\/uploads\/2023\/02\/Living-the-Dream_FR_couv-640x420.jpg\"  alt=\"\">\n      <div class=\"c-card-type       is-notre-regard-tax\n             \">\n\n                          Notre regard\n                \n      <\/div>\n    <\/div>\n\n    <h2 class=\"c-card-title\">\n        Entreprenariat migrant. Une BD scientifique pour raconter l&rsquo;envers du d\u00e9cor\n    <\/h2>\n    <div class=\"c-card-meta\">\n      5 February 2023\n    <\/div>\n  <\/a>\n<\/article>\n                    <\/div>\n                                                            \n                                    <div class=\"px-4 mb-8  w-full md:w-1\/2 lg:w-1\/3 xl:w-1\/4 \">\n                        <article class=\"c-card post-88395 post type-post status-publish format-standard has-post-thumbnail hentry category-actualites tag-accueil tag-bande-dessinee tag-derapage tag-droits-de-lenfant tag-notre-regard tag-rmna ve_numero-ve-189-sept-oct-2022 ve_type-recension ve_action-notre-regard\">\n  <a href=\"https:\/\/asile.ch\/en\/2022\/12\/02\/bd-seuls-en-exil\/\" class=\"c-card-link\">\n    <div class=\"c-card-image\">\n      <img decoding=\"async\" src=\"https:\/\/asile.ch\/wp-content\/uploads\/2022\/12\/SeulsEnExil_Cover_FR_HD-640x420.jpg\"  alt=\"\">\n      <div class=\"c-card-type       is-notre-regard-tax\n             \">\n\n                          Notre regard\n                \n      <\/div>\n    <\/div>\n\n    <h2 class=\"c-card-title\">\n        BD | Seuls en exil\n    <\/h2>\n    <div class=\"c-card-meta\">\n      2 December 2022\n    <\/div>\n  <\/a>\n<\/article>\n                    <\/div>\n                                                <\/div><!-- \/ container -->\n\n<\/section>\n\n\n<section id=\"related-content-block-action-block_37258cc6de027ebfab80b2d5191edff6\"\n    class=\"c-block c-block--featured  has-ecole-border c-block--card c-block-- \">\n    <div class=\"c-block-title  has-ecole-border\">\n        <div class=\"c-block-title--label\">T\u00e9moignages<\/div>\n        \n        \n        <a class=\"c-block-title--link link-color\" href=\"https:\/\/asile.ch\/recherche\/?&amp;_sft_ve_type=temoignage\">Voir plus<\/a>\n\n    <\/div>\n    <div class=\"flex flex-wrap -mx-4\">\n                                                                \n                                    <div class=\"px-4 mb-8  w-full md:w-1\/2 \">\n                        <article class=\"c-card post-107741 post type-post status-publish format-standard has-post-thumbnail hentry category-actualites tag-documentation tag-droits-humains tag-exil tag-integration tag-justice tag-renvoi tag-violence pays-afghanistan pays-suisse ve_type-temoignage ve_action-documentation\">\n  <a href=\"https:\/\/asile.ch\/en\/2026\/05\/11\/lauditoire-le-cri-silencieux-de-lexil\/\" class=\"c-card-link\">\n    <div class=\"c-card-image\">\n      <img decoding=\"async\" src=\"https:\/\/asile.ch\/wp-content\/uploads\/2025\/02\/7AA05858-43CB-401F-9417-D47C93500405-640x420.jpg\"  alt=\"\">\n      <div class=\"c-card-type       is-documentation-tax\n             \">\n\n                          Documentation\n                \n      <\/div>\n    <\/div>\n\n    <h2 class=\"c-card-title\">\n        L&rsquo;Auditoire | Le cri silencieux de l\u2019exil\n    <\/h2>\n    <div class=\"c-card-meta\">\n      11 May 2026\n    <\/div>\n  <\/a>\n<\/article>\n                    <\/div>\n                                                            \n                                    <div class=\"px-4 mb-8  w-full md:w-1\/2 \">\n                        <article class=\"c-card post-109107 post type-post status-publish format-standard has-post-thumbnail hentry category-actualites tag-documentation tag-enfants tag-kurdes tag-temoignage-2 tag-violence pays-turquie ve_type-temoignage ve_action-documentation\">\n  <a href=\"https:\/\/asile.ch\/en\/2026\/05\/04\/voix-dexils-des-melodies-qui-selevent-de-la-terre-vers-le-ciel\/\" class=\"c-card-link\">\n    <div class=\"c-card-image\">\n      <img decoding=\"async\" src=\"https:\/\/asile.ch\/wp-content\/uploads\/2026\/05\/pexels-bahar-406314994-35075400-scaled-e1777897334905-640x420.jpg\"  alt=\"\">\n      <div class=\"c-card-type       is-documentation-tax\n             \">\n\n                          Documentation\n                \n      <\/div>\n    <\/div>\n\n    <h2 class=\"c-card-title\">\n        Voix d&rsquo;Exils | Des m\u00e9lodies qui s\u2019\u00e9l\u00e8vent de la terre vers le ciel\n    <\/h2>\n    <div class=\"c-card-meta\">\n      4 May 2026\n    <\/div>\n  <\/a>\n<\/article>\n                    <\/div>\n                                                            \n                                    <div class=\"px-4 mb-8  w-full md:w-1\/2 \">\n                        <article class=\"c-card post-108672 post type-post status-publish format-standard has-post-thumbnail hentry category-actualites tag-documentation tag-emploi tag-geneve tag-integration tag-marche-du-travail tag-solidarite tag-temoignage-2 tag-travail ve_type-temoignage ve_action-documentation\">\n  <a href=\"https:\/\/asile.ch\/en\/2026\/04\/14\/refugeesatwork-la-motivation-na-pas-de-frontieres\/\" class=\"c-card-link\">\n    <div class=\"c-card-image\">\n      <img decoding=\"async\" src=\"https:\/\/asile.ch\/wp-content\/uploads\/2026\/04\/tungart7-business-8598076-640x420.jpg\"  alt=\"\">\n      <div class=\"c-card-type       is-documentation-tax\n             \">\n\n                          Documentation\n                \n      <\/div>\n    <\/div>\n\n    <h2 class=\"c-card-title\">\n        Refugees[at]work | \u00ab\u00a0La motivation n&rsquo;a pas de fronti\u00e8res\u00a0\u00bb\n    <\/h2>\n    <div class=\"c-card-meta\">\n      14 April 2026\n    <\/div>\n  <\/a>\n<\/article>\n                    <\/div>\n                                                            \n                                    <div class=\"px-4 mb-8  w-full md:w-1\/2 \">\n                        <article class=\"c-card post-108174 post type-post status-publish format-standard has-post-thumbnail hentry category-actualites tag-admission-provisoire tag-cas-de-rigueur tag-integration tag-notre-regard tag-permis-f tag-renvoi tag-revue tag-sante tag-sante-mentale tag-session-parlementaire tag-solidarite tag-statut tag-temoignage-2 ve_numero-ve-206-fev-2026 ve_type-temoignage ve_action-notre-regard\">\n  <a href=\"https:\/\/asile.ch\/en\/2026\/03\/05\/session-parlementaire-je-vois-leurs-larmes-leurs-coleres-mais-surtout-leur-courage\/\" class=\"c-card-link\">\n    <div class=\"c-card-image\">\n      <img decoding=\"async\" src=\"https:\/\/asile.ch\/wp-content\/uploads\/2026\/03\/VE181-dessin-couv-640x420.jpg\"  alt=\"\">\n      <div class=\"c-card-type       is-notre-regard-tax\n             \">\n\n                          Notre regard\n                \n      <\/div>\n    <\/div>\n\n    <h2 class=\"c-card-title\">\n        T\u00e9moignage | Je vois leurs larmes, leurs col\u00e8res, mais surtout leur courage\n    <\/h2>\n    <div class=\"c-card-meta\">\n      5 March 2026\n    <\/div>\n  <\/a>\n<\/article>\n                    <\/div>\n                                                <\/div><!-- \/ container -->\n\n<\/section>\n","protected":false},"excerpt":{"rendered":"<p>Pour les enseignant\u00b7es Vous \u00eates enseignant\u00b7e ou menez dans des ateliers aupr\u00e8s d&rsquo;un public jeune ou moins jeune sur la th\u00e9matique de la migration? Vous \u00eates \u00e0 la recherche de cartes, donn\u00e9es chiffr\u00e9es, dessins, films et autres supports pour compl\u00e9ter vos cours? Ou souhaitez organiser une intervention dans vos classes? Voici quelques liens qui pourront &hellip; <a href=\"https:\/\/asile.ch\/en\/pour-les-enseignantes\/\">Continued<\/a><\/p>","protected":false},"author":11,"featured_media":0,"parent":0,"menu_order":0,"comment_status":"closed","ping_status":"closed","template":"","meta":{"_acf_changed":false,"footnotes":""},"class_list":["post-72016","page","type-page","status-publish","hentry"],"acf":[],"_links":{"self":[{"href":"https:\/\/asile.ch\/en\/wp-json\/wp\/v2\/pages\/72016","targetHints":{"allow":["GET"]}}],"collection":[{"href":"https:\/\/asile.ch\/en\/wp-json\/wp\/v2\/pages"}],"about":[{"href":"https:\/\/asile.ch\/en\/wp-json\/wp\/v2\/types\/page"}],"author":[{"embeddable":true,"href":"https:\/\/asile.ch\/en\/wp-json\/wp\/v2\/users\/11"}],"replies":[{"embeddable":true,"href":"https:\/\/asile.ch\/en\/wp-json\/wp\/v2\/comments?post=72016"}],"version-history":[{"count":4,"href":"https:\/\/asile.ch\/en\/wp-json\/wp\/v2\/pages\/72016\/revisions"}],"predecessor-version":[{"id":109287,"href":"https:\/\/asile.ch\/en\/wp-json\/wp\/v2\/pages\/72016\/revisions\/109287"}],"wp:attachment":[{"href":"https:\/\/asile.ch\/en\/wp-json\/wp\/v2\/media?parent=72016"}],"curies":[{"name":"wp","href":"https:\/\/api.w.org\/{rel}","templated":true}]}}