{"id":76495,"date":"2021-08-26T14:20:10","date_gmt":"2021-08-26T12:20:10","guid":{"rendered":"https:\/\/stage.asile.ch\/?page_id=76495"},"modified":"2026-05-07T10:02:31","modified_gmt":"2026-05-07T08:02:31","slug":"newsletters","status":"publish","type":"page","link":"https:\/\/asile.ch\/en\/newsletters\/","title":{"rendered":"Newsletters"},"content":{"rendered":"<div\n    class=\"c-block--box  is-box--documentation\">\n    <div class=\"c-block--box-inner\">\n        \n\n<p><strong>Vous souhaitez suivre nos actions, recevoir nos fact-checking ou d\u00e9cryptages d&rsquo;actualit\u00e9 de l&rsquo;asile, conna\u00eetre le sommaire de notre prochain journal? <\/strong><br>Abonnez-vous \u00e0 notre newsletter!<\/p>\n\n\n\n<script type=\"text\/javascript\" src=\"https:\/\/webform.statslive.info\/ow\/eyJpdiI6InN2N041WW9DNm5CZTcra01SMGRHNGFwTXA5cUtIMXJaXC9YbWJDazI4RDNNPSIsIm1hYyI6ImM5MWZhNmM5ZTIxMzdiZGY5NTJmZmM1ZTJiYjRmOTJlZjE3YmE0MDBjNDk4NWVlNTBjMzBiNjVkZDA3NDVmOGMiLCJ2YWx1ZSI6ImxJOUNrZWNoWHEyVkYzMUppamhZR3oweDVZTnpYM3hoeUliQld5Q2RNOVU9In0=\"><\/script>\n\n\n    <\/div>\n<\/div>\n\n\n\n<p><span class=\"commentaire\">Pour avoir acc\u00e8s aux articles de notre revue lors de sa parution, n&rsquo;h\u00e9sitez pas \u00e0 vous abonner. C&rsquo;est 5 \u00e9ditions pour 20 frs par ann\u00e9e!<\/span><\/p>\n\n\n\n<p><\/p>\n\n\n<div\n    class=\"c-block--box  is-box--comptoir\">\n    <div class=\"c-block--box-inner\">\n        \n\n<p><strong>Vous \u00eates journaliste est souhaitez recevoir les informations vous concernant par rapport au traitement m\u00e9diatique des migrations (offre de formation, documentation, ressources, contacts pour t\u00e9moignages, etc.).<\/strong><br>Inscrivez-vous \u00e0 notre newsletter!<\/p>\n\n\n\n<script type=\"text\/javascript\" src=\"https:\/\/webform.statslive.info\/ow\/eyJpdiI6InVsbjcreWdjOHYwY1VtNk5NejZiM2QrSUI5Wkk3bjZPUlpuTUZOK3ZYWmM9IiwibWFjIjoiOGQ3YTY3MWE2MTk1ZjE0NGJiMzM3ZTM0NTYwYTE4ZTQwM2Q4YWRjODY2NDcxYjAxMDM2MzVlNThiZDFmNmNhNyIsInZhbHVlIjoiaWpSM3VvMWNjSHZaVkJ3MmF1eDgxK0w1NFM1V2Z1MnZNSnR3am1vdDF5Zz0ifQ==\"><\/script>\n\n\n    <\/div>\n<\/div>","protected":false},"excerpt":{"rendered":"<p>Pour avoir acc\u00e8s aux articles de notre revue lors de sa parution, n&rsquo;h\u00e9sitez pas \u00e0 vous abonner. C&rsquo;est 5 \u00e9ditions pour 20 frs par ann\u00e9e!<\/p>","protected":false},"author":9,"featured_media":0,"parent":0,"menu_order":0,"comment_status":"closed","ping_status":"closed","template":"","meta":{"_acf_changed":false,"footnotes":""},"class_list":["post-76495","page","type-page","status-publish","hentry"],"acf":[],"_links":{"self":[{"href":"https:\/\/asile.ch\/en\/wp-json\/wp\/v2\/pages\/76495","targetHints":{"allow":["GET"]}}],"collection":[{"href":"https:\/\/asile.ch\/en\/wp-json\/wp\/v2\/pages"}],"about":[{"href":"https:\/\/asile.ch\/en\/wp-json\/wp\/v2\/types\/page"}],"author":[{"embeddable":true,"href":"https:\/\/asile.ch\/en\/wp-json\/wp\/v2\/users\/9"}],"replies":[{"embeddable":true,"href":"https:\/\/asile.ch\/en\/wp-json\/wp\/v2\/comments?post=76495"}],"version-history":[{"count":6,"href":"https:\/\/asile.ch\/en\/wp-json\/wp\/v2\/pages\/76495\/revisions"}],"predecessor-version":[{"id":109259,"href":"https:\/\/asile.ch\/en\/wp-json\/wp\/v2\/pages\/76495\/revisions\/109259"}],"wp:attachment":[{"href":"https:\/\/asile.ch\/en\/wp-json\/wp\/v2\/media?parent=76495"}],"curies":[{"name":"wp","href":"https:\/\/api.w.org\/{rel}","templated":true}]}}