{"id":77359,"date":"2021-09-02T12:12:44","date_gmt":"2021-09-02T10:12:44","guid":{"rendered":"https:\/\/stage.asile.ch\/?page_id=77359"},"modified":"2021-09-17T18:33:55","modified_gmt":"2021-09-17T16:33:55","slug":"procedure-dasile-permis-et-droits","status":"publish","type":"page","link":"https:\/\/asile.ch\/en\/procedure-dasile-permis-et-droits\/","title":{"rendered":"Proc\u00e9dure d&rsquo;asile, permis et droits"},"content":{"rendered":"<h1 class=\"wp-block-heading\">Quelques cl\u00e9s de compr\u00e9hension<\/h1>\n\n\n\n<p><span class=\"accroche\">Comment fonctionne la proc\u00e9dure d&rsquo;asile en Suisse? Quels sont les types de protection, donc de statuts octroy\u00e9s en vertu de cette proc\u00e9dure? Et quels sont les droits li\u00e9s \u00e0 ces statuts? <\/span><\/p>\n\n\n\n<p><span class=\"accroche\">Nous proposons ici quelques outils pour s&rsquo;orienter dans le labyrinthe administratif.<\/span><\/p>\n\n\n<section id=\"block_613f6217630a8\" class=\"big-links align c-block--big-links my-8 c-block--big-links--big\">\n    \n    <div class=\"grid grid-flow-col gap-4 auto-cols-fr\">\n                                    <a href=\"https:\/\/asile.ch\/en\/procedure-dasile-permis-et-droits\/procedure-dasile\/\" class=\"c-block--big-links-item relative has-procedure-statuts-et-permis-bg has-procedure-statuts-et-permis-border has-white-color\" target=\"\">\n\n                                        \n                    <img loading=\"lazy\" decoding=\"async\" width=\"1642\" height=\"1054\" src=\"https:\/\/asile.ch\/wp-content\/uploads\/2021\/09\/kambiz1valise.png\" class=\"c-block--big-links-image\" alt=\"\" srcset=\"https:\/\/asile.ch\/wp-content\/uploads\/2021\/09\/kambiz1valise.png 1642w, https:\/\/asile.ch\/wp-content\/uploads\/2021\/09\/kambiz1valise-300x193.png 300w, https:\/\/asile.ch\/wp-content\/uploads\/2021\/09\/kambiz1valise-150x96.png 150w\" sizes=\"auto, (max-width: 1642px) 100vw, 1642px\" \/>\n                                        La proc\u00e9dure d&rsquo;asile en suisse<\/a>\n                                                <a href=\"https:\/\/asile.ch\/en\/procedure-dasile-permis-et-droits\/statuts-de-lasile\/\" class=\"c-block--big-links-item relative has-glossaire-bg has-glossaire-border has-white-color\" target=\"\">\n\n                                        \n                    <img loading=\"lazy\" decoding=\"async\" width=\"1526\" height=\"965\" src=\"https:\/\/asile.ch\/wp-content\/uploads\/2021\/09\/Kambiz3kafka.png\" class=\"c-block--big-links-image\" alt=\"\" srcset=\"https:\/\/asile.ch\/wp-content\/uploads\/2021\/09\/Kambiz3kafka.png 1526w, https:\/\/asile.ch\/wp-content\/uploads\/2021\/09\/Kambiz3kafka-300x190.png 300w, https:\/\/asile.ch\/wp-content\/uploads\/2021\/09\/Kambiz3kafka-150x95.png 150w\" sizes=\"auto, (max-width: 1526px) 100vw, 1526px\" \/>\n                                        Quelle protection? Les statuts<\/a>\n                                                <a href=\"https:\/\/asile.ch\/en\/outils\/procedure-dasile\/permis\/\" class=\"c-block--big-links-item relative has-prejuges-bg has-prejuges-border has-white-color\" target=\"\">\n\n                                        \n                    <img loading=\"lazy\" decoding=\"async\" width=\"1476\" height=\"1037\" src=\"https:\/\/asile.ch\/wp-content\/uploads\/2021\/09\/Kambiz2integration.png\" class=\"c-block--big-links-image\" alt=\"\" srcset=\"https:\/\/asile.ch\/wp-content\/uploads\/2021\/09\/Kambiz2integration.png 1476w, https:\/\/asile.ch\/wp-content\/uploads\/2021\/09\/Kambiz2integration-300x211.png 300w, https:\/\/asile.ch\/wp-content\/uploads\/2021\/09\/Kambiz2integration-150x105.png 150w\" sizes=\"auto, (max-width: 1476px) 100vw, 1476px\" \/>\n                                        Permis et droits<\/a>\n                        <\/div>\n<\/section>","protected":false},"excerpt":{"rendered":"<p>Quelques cl\u00e9s de compr\u00e9hension Comment fonctionne la proc\u00e9dure d&rsquo;asile en Suisse? Quels sont les types de protection, donc de statuts octroy\u00e9s en vertu de cette proc\u00e9dure? Et quels sont les droits li\u00e9s \u00e0 ces statuts? Nous proposons ici quelques outils pour s&rsquo;orienter dans le labyrinthe administratif.<\/p>","protected":false},"author":2,"featured_media":0,"parent":0,"menu_order":0,"comment_status":"closed","ping_status":"closed","template":"","meta":{"_acf_changed":false,"footnotes":""},"class_list":["post-77359","page","type-page","status-publish","hentry"],"acf":[],"_links":{"self":[{"href":"https:\/\/asile.ch\/en\/wp-json\/wp\/v2\/pages\/77359","targetHints":{"allow":["GET"]}}],"collection":[{"href":"https:\/\/asile.ch\/en\/wp-json\/wp\/v2\/pages"}],"about":[{"href":"https:\/\/asile.ch\/en\/wp-json\/wp\/v2\/types\/page"}],"author":[{"embeddable":true,"href":"https:\/\/asile.ch\/en\/wp-json\/wp\/v2\/users\/2"}],"replies":[{"embeddable":true,"href":"https:\/\/asile.ch\/en\/wp-json\/wp\/v2\/comments?post=77359"}],"version-history":[{"count":0,"href":"https:\/\/asile.ch\/en\/wp-json\/wp\/v2\/pages\/77359\/revisions"}],"wp:attachment":[{"href":"https:\/\/asile.ch\/en\/wp-json\/wp\/v2\/media?parent=77359"}],"curies":[{"name":"wp","href":"https:\/\/api.w.org\/{rel}","templated":true}]}}