{"id":78229,"date":"2021-09-07T18:02:30","date_gmt":"2021-09-07T16:02:30","guid":{"rendered":"https:\/\/stage.asile.ch\/?page_id=78229"},"modified":"2021-12-29T17:36:04","modified_gmt":"2021-12-29T16:36:04","slug":"commander-des-publications","status":"publish","type":"page","link":"https:\/\/asile.ch\/en\/notre-regard\/commander-des-publications\/","title":{"rendered":"Commander des publications"},"content":{"rendered":"\n<p><\/p>\n\n\n\n<p>Formulaire de commande<\/p>\n\n\n<link rel='stylesheet' id='formidable-css' href='https:\/\/asile.ch\/wp-content\/plugins\/formidable\/css\/formidableforms.css?ver=424814' media='all' \/>\n<div class=\"frm_forms  with_frm_style frm_style_formidable-style\" id=\"frm_form_15_container\" data-token=\"f0548a04eca51cbe77438c55003b5d31\">\n<form enctype=\"multipart\/form-data\" method=\"post\" class=\"frm-show-form  frm_js_validate  frm_ajax_submit  frm_pro_form \" id=\"form_contact232a4a18a93d3\" data-token=\"f0548a04eca51cbe77438c55003b5d31\">\n<div class=\"frm_form_fields \">\n<fieldset>\n<legend class=\"frm_hidden\">Commandes publications<\/legend>\r\n\r\n<div class=\"frm_fields_container\">\n<input type=\"hidden\" name=\"frm_action\" value=\"create\" \/>\n<input type=\"hidden\" name=\"form_id\" value=\"15\" \/>\n<input type=\"hidden\" name=\"frm_hide_fields_15\" id=\"frm_hide_fields_15\" value=\"\" \/>\n<input type=\"hidden\" name=\"form_key\" value=\"contact232a4a18a93d3\" \/>\n<input type=\"hidden\" name=\"item_meta[0]\" value=\"\" \/>\n<input type=\"hidden\" id=\"frm_submit_entry_15\" name=\"frm_submit_entry_15\" value=\"af0bd17f84\" \/><input type=\"hidden\" name=\"_wp_http_referer\" value=\"\/en\/wp-json\/wp\/v2\/pages\/78229\" \/><div id=\"frm_field_202_container\" class=\"frm_form_field form-field  frm_top_container frm4 frm_first\">\r\n    <label for=\"field_zws6r\" id=\"field_zws6r_label\" class=\"frm_primary_label\">Genre\r\n        <span class=\"frm_required\" aria-hidden=\"true\"><\/span>\r\n    <\/label>\r\n    \t\t<select name=\"item_meta[202]\" id=\"field_zws6r\"  data-invmsg=\"Genre is invalid\" aria-invalid=\"false\"  >\n\t\t<option  value=\"ms\">Madame<\/option><option  value=\"mr\">Monsieur<\/option><option  value=\"none\">Appel neutre<\/option>\t<\/select>\n\t\r\n    \r\n    \r\n<\/div>\n<div id=\"frm_field_168_container\" class=\"frm_form_field form-field  frm_required_field frm_top_container frm4\">\r\n    <label for=\"field_qh4icy4270e8278ab\" class=\"frm_primary_label\">Nom\r\n        <span class=\"frm_required\">*<\/span>\r\n    <\/label>\r\n    <input  type=\"text\" id=\"field_qh4icy4270e8278ab\" name=\"item_meta[168]\" value=\"\"  data-reqmsg=\"Ce champ ne peut pas \u00eatre vide\" aria-required=\"true\" data-invmsg=\"Nom is invalid\" aria-invalid=\"false\"   \/>\r\n    \r\n    \r\n<\/div>\n<div id=\"frm_field_169_container\" class=\"frm_form_field form-field  frm_required_field frm_top_container frm4\">\r\n    <label for=\"field_ocfup149911fe3a9e\" class=\"frm_primary_label\">Pr\u00e9nom\r\n        <span class=\"frm_required\">*<\/span>\r\n    <\/label>\r\n    <input  type=\"text\" id=\"field_ocfup149911fe3a9e\" name=\"item_meta[169]\" value=\"\"  data-reqmsg=\"Ce champ ne peut pas \u00eatre vide\" aria-required=\"true\" data-invmsg=\"Pr\u00e9nom is invalid\" aria-invalid=\"false\"   \/>\r\n    \r\n    \r\n<\/div>\n<div id=\"frm_field_170_container\" class=\"frm_form_field form-field  frm_required_field frm_top_container frm6 frm_first\">\r\n    <label for=\"field_29yf4d41f03ce7306\" class=\"frm_primary_label\">Email\r\n        <span class=\"frm_required\">*<\/span>\r\n    <\/label>\r\n    <input type=\"email\" id=\"field_29yf4d41f03ce7306\" name=\"item_meta[170]\" value=\"\"  data-reqmsg=\"Ce champ ne peut pas \u00eatre vide\" aria-required=\"true\" data-invmsg=\"Please enter a valid email address\" aria-invalid=\"false\"  \/>\r\n    \r\n    \r\n<\/div>\n<div id=\"frm_field_171_container\" class=\"frm_form_field form-field  frm_top_container frm6\">\r\n    <label for=\"field_u4puo338476f3a24\" class=\"frm_primary_label\">Num\u00e9ro de t\u00e9l\u00e9phone\r\n        <span class=\"frm_required\"><\/span>\r\n    <\/label>\r\n    <input type=\"tel\" id=\"field_u4puo338476f3a24\" name=\"item_meta[171]\" value=\"\"  data-invmsg=\"Num\u00e9ro de t\u00e9l\u00e9phone is invalid\" aria-invalid=\"false\" pattern=\"(-|.| )?(\\d{3,4})(-|.| )?(\\d{4})(( x| ext)\\d{1,5}){0,1}$\"  \/>\r\n    \r\n    \r\n<\/div>\n<div id=\"frm_field_172_container\" class=\"frm_form_field form-field  frm_top_container\">\r\n    <label for=\"field_aoa99y79a9a132e9\" class=\"frm_primary_label\">Organisation\r\n        <span class=\"frm_required\"><\/span>\r\n    <\/label>\r\n    <input  type=\"text\" id=\"field_aoa99y79a9a132e9\" name=\"item_meta[172]\" value=\"\"  data-invmsg=\"Organisation is invalid\" aria-invalid=\"false\"   \/>\r\n    \r\n    \r\n<\/div>\n<div id=\"frm_field_173_container\" class=\"frm_form_field form-field  frm_top_container frm6 frm_first\">\r\n    <label for=\"field_kci4tx30ba5bf8460\" class=\"frm_primary_label\">Rue\r\n        <span class=\"frm_required\"><\/span>\r\n    <\/label>\r\n    <input  type=\"text\" id=\"field_kci4tx30ba5bf8460\" name=\"item_meta[173]\" value=\"\"  data-invmsg=\"Rue est non valide\" aria-invalid=\"false\"   \/>\r\n    \r\n    \r\n<\/div>\n<div id=\"frm_field_203_container\" class=\"frm_form_field form-field  frm_top_container frm6\">\r\n    <label for=\"field_dapda\" id=\"field_dapda_label\" class=\"frm_primary_label\">Numero\r\n        <span class=\"frm_required\" aria-hidden=\"true\"><\/span>\r\n    <\/label>\r\n    <input  type=\"text\" id=\"field_dapda\" name=\"item_meta[203]\" value=\"\"  data-invmsg=\"texte est non valide\" aria-invalid=\"false\"   \/>\r\n    \r\n    \r\n<\/div>\n<div id=\"frm_field_174_container\" class=\"frm_form_field form-field  frm_top_container frm_first frm_half\">\r\n    <label for=\"field_q11v1r376e6db7736\" class=\"frm_primary_label\">Code postal\r\n        <span class=\"frm_required\"><\/span>\r\n    <\/label>\r\n    <input  type=\"text\" id=\"field_q11v1r376e6db7736\" name=\"item_meta[174]\" value=\"\"  data-invmsg=\"Code postal est non valide\" aria-invalid=\"false\"   \/>\r\n    \r\n    \r\n<\/div>\n<div id=\"frm_field_175_container\" class=\"frm_form_field form-field  frm_top_container frm_half\">\r\n    <label for=\"field_e6lis64436fa501a8\" class=\"frm_primary_label\">Ville\r\n        <span class=\"frm_required\"><\/span>\r\n    <\/label>\r\n    <input  type=\"text\" id=\"field_e6lis64436fa501a8\" name=\"item_meta[175]\" value=\"\"  data-invmsg=\"Ville est non valide\" aria-invalid=\"false\"   \/>\r\n    \r\n    \r\n<\/div>\n<div id=\"frm_field_204_container\" class=\"frm_form_field form-field  frm_top_container frm_other_container\">\r\n    <label for=\"field_fblcp\" id=\"field_fblcp_label\" class=\"frm_primary_label\">Pays\r\n        <span class=\"frm_required\" aria-hidden=\"true\"><\/span>\r\n    <\/label>\r\n    \t\t<select name=\"item_meta[204]\" id=\"field_fblcp\"  data-frmval=\"Suisse\" data-invmsg=\"Pays is invalid\" aria-invalid=\"false\"  >\n\t\t<option  value=\"Suisse\" selected='selected'>Suisse<\/option><option  value=\"France\">France<\/option><option  value=\"Allemagne\">Allemagne<\/option><option  value=\"Italie\">Italie<\/option><option  value=\"Autre\" class=\"frm_other_trigger\">Autre<\/option>\t<\/select>\n\t<label for=\"field_fblcp-otext\" class=\"frm_screen_reader frm_hidden\">Pays<\/label><input type=\"text\" id=\"field_fblcp-otext\" class=\"frm_other_input frm_pos_none\"  name=\"item_meta[other][204]\" value=\"\" \/>\r\n    \r\n    \r\n<\/div>\n<div id=\"frm_field_326_container\" class=\"frm_form_field form-field  frm_top_container frm12 frm_first\">\r\n    <label for=\"field_ude7o\" class=\"frm_primary_label\">R\u00e9fugi\u00e9\u00b7es &#038; emploi. Au-del\u00e0 des id\u00e9es re\u00e7ues  &#8211; nombre d&rsquo;exemplaire(s)\r\n        <span class=\"frm_required\"><\/span>\r\n    <\/label>\r\n    <input type=\"number\" id=\"field_ude7o\" name=\"item_meta[326]\" value=\"0\" data-frmval=\"0\" data-invmsg=\"Nombre d&#039;exemplaires en fran\u00e7ais est non valide\" aria-invalid=\"false\"   aria-describedby=\"frm_desc_field_ude7o\" min=\"0\" max=\"99\" step=\"1\" \/>\r\n    <div id=\"frm_desc_field_ude7o\" class=\"frm_description\">Gratuit pour de petites commandes et  4.- l&rsquo;exemplaire d\u00e8s 5 brochures. Pour les petites associations, n&rsquo;h\u00e9sitez pas \u00e0 nous contacter <i>vivre.ensemble[at]asile.ch<\/i> pour en discuter <a href=\"https:\/\/asile.ch\/publication\/refugie\u00b7es-emploi-au-dela-des-idees-recues\/\">plus d&rsquo;info <\/a> <\/div>\r\n    \r\n<\/div>\n<div id=\"frm_field_176_container\" class=\"frm_form_field form-field  frm_top_container frm12 frm_first\">\r\n    <label for=\"field_1fn9f9f7bfd921d8\" class=\"frm_primary_label\">BD \u00ab Apr\u00e8s l\u2019arriv\u00e9e \u00bb &#8211; nombre d&rsquo;exemplaire(s)\r\n        <span class=\"frm_required\"><\/span>\r\n    <\/label>\r\n    <input type=\"number\" id=\"field_1fn9f9f7bfd921d8\" name=\"item_meta[176]\" value=\"0\" data-frmval=\"0\" data-invmsg=\"Nombre d&#039;exemplaires en fran\u00e7ais est non valide\" aria-invalid=\"false\"   aria-describedby=\"frm_desc_field_1fn9f9f7bfd921d8\" min=\"0\" max=\"99\" step=\"1\" \/>\r\n    <div id=\"frm_desc_field_1fn9f9f7bfd921d8\" class=\"frm_description\">10 CHF\/exemplaire, gratuit si vous commandez un abonnement \u00e0 la  revue Vivre Ensemble &#8211; <a href=\"https:\/\/asile.ch\/publication\/bd-apres-larrivee\/\">plus d&rsquo;info<\/a><\/div>\r\n    \r\n<\/div>\n<div id=\"frm_field_208_container\" class=\"frm_form_field form-field  frm_top_container frm12 frm_first\">\r\n    <label for=\"field_zfmgz\" class=\"frm_primary_label\">Brochure sur les pr\u00e9jug\u00e9s  &#8211; nombre d&rsquo;exemplaire(s)\r\n        <span class=\"frm_required\"><\/span>\r\n    <\/label>\r\n    <input type=\"number\" id=\"field_zfmgz\" name=\"item_meta[208]\" value=\"0\" data-frmval=\"0\" data-invmsg=\"Nombre d&#039;exemplaires en fran\u00e7ais est non valide\" aria-invalid=\"false\"   aria-describedby=\"frm_desc_field_zfmgz\" min=\"0\" max=\"99\" step=\"1\" \/>\r\n    <div id=\"frm_desc_field_zfmgz\" class=\"frm_description\">Gratuit &#8211; <a href=\"https:\/\/asile.ch\/publication\/brochure-sur-les-prejuges\/\">plus d&rsquo;info <\/a> <\/div>\r\n    \r\n<\/div>\n<div id=\"frm_field_207_container\" class=\"frm_form_field form-field  frm_top_container frm12 frm_first\">\r\n    <label for=\"field_tiv8v\" class=\"frm_primary_label\">M\u00e9mo[ts]: Glossaire de l&rsquo;asile  &#8211; nombre d&rsquo;exemplaire(s)\r\n        <span class=\"frm_required\"><\/span>\r\n    <\/label>\r\n    <input type=\"number\" id=\"field_tiv8v\" name=\"item_meta[207]\" value=\"0\" data-frmval=\"0\" data-invmsg=\"Nombre d&#039;exemplaires en fran\u00e7ais est non valide\" aria-invalid=\"false\"   aria-describedby=\"frm_desc_field_tiv8v\" min=\"0\" max=\"99\" step=\"1\" \/>\r\n    <div id=\"frm_desc_field_tiv8v\" class=\"frm_description\">Gratuit pour de petites commandes et 4.- l&rsquo;exemplaire d\u00e8s 5 brochures.<\/div>\r\n    \r\n<\/div>\n<div id=\"frm_field_205_container\" class=\"frm_form_field form-field  frm_top_container frm6 frm_first vertical_radio\">\r\n    <div  id=\"field_ggmrm_label\" class=\"frm_primary_label\">Abonnement \u00e0 la revue Vivre Ensemble\r\n        <span class=\"frm_required\" aria-hidden=\"true\"><\/span>\r\n    <\/div>\r\n    <div class=\"frm_opt_container\" aria-labelledby=\"field_ggmrm_label\" role=\"group\">\t\t<div class=\"frm_checkbox\" id=\"frm_checkbox_205-0\">\t\t\t<label  for=\"field_ggmrm-0\">\n\t\t\t<input type=\"checkbox\" name=\"item_meta[205][]\" id=\"field_ggmrm-0\" value=\"20\"  data-invmsg=\"Abonnement \u00e0 la revue Vivre Ensemble is invalid\"   \/> Je souhaite profiter de l&rsquo;offre d&rsquo;abonnement \u00e0 la revue Vivre Ensemble<\/label><\/div>\n<\/div>\r\n    <div class=\"frm_description\" id=\"frm_desc_field_ggmrm\">20 CHF\/ann\u00e9e &#8211; Ce montant ne couvre pas l&rsquo;ensemble des frais de r\u00e9alisation du journal. Merci d&rsquo;avance \u00e0 celles et ceux qui nous soutiennent par une contribution compl\u00e9mentaire ! &#8211; <a href=\"https:\/\/asile.ch\/publication\/la-revue-vivre-ensemble\/\">plus d&rsquo;info<\/a><\/div>\r\n    \r\n<\/div>\n<div id=\"frm_field_349_container\" class=\"frm_form_field form-field  frm_top_container frm6\">\r\n    <label for=\"field_6eb8q\" id=\"field_6eb8q_label\" class=\"frm_primary_label\">Recevoir uniquement la version PDF du journal\r\n        <span class=\"frm_required\" aria-hidden=\"true\"><\/span>\r\n    <\/label>\r\n    \n<div >\n    <label class=\"frm_switch_block\">\n\t\t\t\t\t<span class=\"frm_off_label frm_switch_opt\">Non<\/span>\n\t\t\n\t\t<input type=\"checkbox\" name=\"item_meta[349][]\" id=\"field_6eb8q\" value=\"Oui\"\n\t\t\t\t\t\t\t\t\t\tdata-off=\"Non\"\n\t\t\t\t\t\t data-invmsg=\"Recevoir uniquement la version PDF du journal is invalid\" aria-invalid=\"false\"  \t\t\/>\n\n\t\t<span class=\"frm_switch\" tabindex=\"0\" role=\"switch\" aria-labelledby=\"field_6eb8q_label\" aria-checked=\"false\">\n\t\t\t<span class=\"frm_slider\"><\/span>\n\t\t<\/span>\n\n\t\t\t\t\t<span class=\"frm_on_label frm_switch_opt\">Oui<\/span>\n\t<\/label>\n<\/div>\n\r\n    \r\n    \r\n<\/div>\n<div id=\"frm_field_209_container\" class=\"frm_form_field form-field  frm_top_container\">\r\n    <label for=\"field_hxado\" id=\"field_hxado_label\" class=\"frm_primary_label\">Donation \r\n        <span class=\"frm_required\" aria-hidden=\"true\"><\/span>\r\n    <\/label>\r\n    <input type=\"number\" id=\"field_hxado\" name=\"item_meta[209]\" value=\"\" data-invmsg=\"Nombre est non valide\" aria-invalid=\"false\"   aria-describedby=\"frm_desc_field_hxado\" min=\"0\" max=\"9999999\" step=\"any\" \/>\r\n    <div class=\"frm_description\" id=\"frm_desc_field_hxado\">Vivre Ensemble| asile.ch n&rsquo;est pas une association subventionn\u00e9e. Nos actions d&rsquo;information et de sensibilisation sont essentiellement financ\u00e9es par des dons individuels. Merci d&rsquo;avance pour votre soutien !!<\/div>\r\n    \r\n<\/div>\n<div id=\"frm_field_210_container\" class=\"frm_form_field form-field  frm_top_container\">\r\n    <label for=\"field_htag5\" id=\"field_htag5_label\" class=\"frm_primary_label\">Total\r\n        <span class=\"frm_required\" aria-hidden=\"true\"><\/span>\r\n    <\/label>\r\n    <input type=\"number\" id=\"field_htag5\" name=\"item_meta[210]\" value=\"\" readonly=\"readonly\"  data-invmsg=\"Nombre est non valide\" aria-invalid=\"false\"   min=\"0\" max=\"9999999\" step=\"any\" \/>\r\n    \r\n    \r\n<\/div>\n<div id=\"frm_field_178_container\" class=\"frm_form_field form-field  frm_top_container vertical_radio\">\r\n    <label  class=\"frm_primary_label\">Paiement par:\r\n        <span class=\"frm_required\"><\/span>\r\n    <\/label>\r\n    <div class=\"frm_opt_container\">\t\t<div class=\"frm_radio\" id=\"frm_radio_178-3\">\t\t\t<label  for=\"field_o45f0ad8ca39f72-3\">\n\t\t\t\t\t<input type=\"radio\" name=\"item_meta[178]\" id=\"field_o45f0ad8ca39f72-3\" value=\"online\"\n\t\t data-invmsg=\"Paiement par: is invalid\"   \/> Payement en ligne (carte de cr\u00e9dit, postcard, etc.)<\/label><\/div>\n\t\t<div class=\"frm_radio\" id=\"frm_radio_178-1\">\t\t\t<label  for=\"field_o45f0ad8ca39f72-1\">\n\t\t\t\t\t<input type=\"radio\" name=\"item_meta[178]\" id=\"field_o45f0ad8ca39f72-1\" value=\"facture\"\n\t\t data-invmsg=\"Paiement par: is invalid\"   \/> Facture<\/label><\/div>\n<\/div>\r\n    \r\n    \r\n<\/div>\n<div id=\"frm_field_179_container\" class=\"frm_form_field form-field  frm_top_container frm_full\">\r\n    <label for=\"field_9jv0r147cfe87b992\" class=\"frm_primary_label\">Message\r\n        <span class=\"frm_required\"><\/span>\r\n    <\/label>\r\n    <textarea name=\"item_meta[179]\" id=\"field_9jv0r147cfe87b992\" rows=\"5\"  data-invmsg=\"Message est non valide\" aria-invalid=\"false\"  ><\/textarea>\r\n    \r\n    \r\n<\/div>\n<div id=\"frm_field_355_container\" class=\"frm_form_field form-field  frm_none_container\">\r\n    <label for=\"g-recaptcha-response\" id=\"field_wmxhj_label\" class=\"frm_primary_label\">Captcha\r\n        <span class=\"frm_required\" aria-hidden=\"true\"><\/span>\r\n    <\/label>\r\n    <div  id=\"field_wmxhj\" class=\"frm-g-recaptcha\" data-sitekey=\"6LeHdxATAAAAAPLxEo4R8Jz5v5al5NQ7BvXnyvTX\" data-size=\"normal\" data-theme=\"light\"><\/div>\r\n    \r\n    \r\n<\/div>\n<div id=\"frm_field_373_container\" class=\"frm_form_field form-field \">\n\t<div class=\"frm_submit\">\r\n\r\n<input type=\"submit\" value=\"Soumettre\"  class=\"frm_final_submit\" formnovalidate=\"formnovalidate\" \/>\r\n<img decoding=\"async\" class=\"frm_ajax_loading\" src=\"https:\/\/asile.ch\/wp-content\/plugins\/formidable\/images\/ajax_loader.gif\" alt=\"Envoi\"\/>\r\n\r\n<\/div>\n<\/div>\n\t<input type=\"hidden\" name=\"item_key\" value=\"\" \/>\n\t\t\t<div id=\"frm_field_536_container\">\n\t\t\t<label for=\"field_rv9ib\" >\n\t\t\t\tIf you are human, leave this field blank.\t\t\t<\/label>\n\t\t\t<input  id=\"field_rv9ib\" type=\"text\" class=\"frm_form_field form-field frm_verify\" name=\"item_meta[536]\" value=\"\"  \/>\n\t\t<\/div>\n\t\t<input name=\"frm_state\" type=\"hidden\" value=\"VmVISWUrWhI7+H391pwo4Em8Oy1ZG2sRYNVyGHRTl7KLXUGSUPNqrYRif75914PN\" \/><\/div>\n<\/fieldset>\n<\/div>\n\n<\/form>\n<\/div>\n","protected":false},"excerpt":{"rendered":"<p>Formulaire de commande<\/p>","protected":false},"author":9,"featured_media":0,"parent":72039,"menu_order":0,"comment_status":"closed","ping_status":"closed","template":"","meta":{"_acf_changed":false,"footnotes":""},"class_list":["post-78229","page","type-page","status-publish","hentry"],"acf":[],"_links":{"self":[{"href":"https:\/\/asile.ch\/en\/wp-json\/wp\/v2\/pages\/78229","targetHints":{"allow":["GET"]}}],"collection":[{"href":"https:\/\/asile.ch\/en\/wp-json\/wp\/v2\/pages"}],"about":[{"href":"https:\/\/asile.ch\/en\/wp-json\/wp\/v2\/types\/page"}],"author":[{"embeddable":true,"href":"https:\/\/asile.ch\/en\/wp-json\/wp\/v2\/users\/9"}],"replies":[{"embeddable":true,"href":"https:\/\/asile.ch\/en\/wp-json\/wp\/v2\/comments?post=78229"}],"version-history":[{"count":0,"href":"https:\/\/asile.ch\/en\/wp-json\/wp\/v2\/pages\/78229\/revisions"}],"up":[{"embeddable":true,"href":"https:\/\/asile.ch\/en\/wp-json\/wp\/v2\/pages\/72039"}],"wp:attachment":[{"href":"https:\/\/asile.ch\/en\/wp-json\/wp\/v2\/media?parent=78229"}],"curies":[{"name":"wp","href":"https:\/\/api.w.org\/{rel}","templated":true}]}}