{"id":87501,"date":"2022-10-19T15:40:45","date_gmt":"2022-10-19T13:40:45","guid":{"rendered":"https:\/\/asile.ch\/?page_id=87501"},"modified":"2026-01-08T14:43:11","modified_gmt":"2026-01-08T13:43:11","slug":"emploi","status":"publish","type":"page","link":"https:\/\/asile.ch\/en\/emploi\/","title":{"rendered":"Refugees &amp; Employment"},"content":{"rendered":"\n<h1 class=\"wp-block-heading\">R\u00e9fugi\u00e9\u00b7es &amp; emploi. Au-del\u00e0 des id\u00e9es re\u00e7ues<\/h1>\n\n\n\n<p><span class=\"accroche\">Les personnes en qu\u00eate d\u2019une protection manifestent d\u00e8s leur arriv\u00e9e en Suisse le souhait de travailler ou de se former. Leur int\u00e9gration et leurs conditions de vie en d\u00e9pendent. Si des obstacles administratifs et l\u00e9gaux existent au d\u00e9part -essentiellement pour les demandeurs et les demandeuses d\u2019asile (permis N)- d\u2019autres barri\u00e8res peuvent freiner l\u2019acc\u00e8s au march\u00e9 de l\u2019emploi.<\/span><\/p>\n\n\n\n<p>Des obstacles souvent li\u00e9s \u00e0 une <strong>m\u00e9connaissance des r\u00e9alit\u00e9s administratives<\/strong> (signification des permis en termes d\u2019employabilit\u00e9 et de durabilit\u00e9 du s\u00e9jour, d\u00e9marches administratives, reconnaissance des dipl\u00f4mes et comp\u00e9tences) ou \u00e0 des <strong>repr\u00e9sentations biais\u00e9es de la r\u00e9alit\u00e9<\/strong> (comp\u00e9tences et exp\u00e9rience des personnes ou st\u00e9r\u00e9otypes).<\/p>\n\n\n<div\n    class=\"c-block--box  is-box--neutre\">\n    <div class=\"c-block--box-inner\">\n        \n\n<h3 class=\"wp-block-heading\">\u00catre mieux inform\u00e9\u00b7e et interroger les id\u00e9es re\u00e7ues?<\/h3>\n\n\n\n<ul class=\"wp-block-list\">\n<li><strong>Notre brochure<\/strong> <em><strong>R\u00e9fugi\u00e9\u00b7es &amp; Emploi. Au-del\u00e0 des id\u00e9es re\u00e7ues<\/strong><\/em> <strong>interroge une dizaine d&rsquo;id\u00e9es pr\u00e9con\u00e7ues et clarifie les d\u00e9marches et droits \u00e0 l\u2019emploi des personnes en fonction des statuts. <\/strong><em><a href=\"https:\/\/asile.ch\/publication\/refugie%c2%b7es-emploi-au-dela-des-idees-recues\/\" data-type=\"publication\" data-id=\"87838\">Disponible sur commande et \u00e0 t\u00e9l\u00e9charger<\/a>.<\/em><\/li>\n<\/ul>\n\n\n\n<ul class=\"wp-block-list\">\n<li><strong>Nos nouvelles pages <\/strong><em><strong><a href=\"https:\/\/asile.ch\/emploi\/refugie%c2%b7es-emploi-au-dela-des-idees-recues\/\" data-type=\"emploi\" data-id=\"106002\">Pour aller plus loin! <\/a><\/strong><\/em>qui offrent des compl\u00e9ments d&rsquo;information \u00e0 chaque page de la brochure: pour les employeurs\u00b7euses, pour outiller celles et ceux qui accompagnent les personnes r\u00e9fugi\u00e9es dans leur recherche d&#8217;emploi ainsi que pour les premi\u00e8res et premiers concern\u00e9s!<\/li>\n<\/ul>\n\n\n\n<ul class=\"wp-block-list\">\n<li><strong>Ecoutez nos <a href=\"https:\/\/asile.ch\/emploi\/podcasts-refugie%c2%b7es-emploi\/\" data-type=\"emploi\" data-id=\"89615\">podcasts<\/a><\/strong> &#8211; des tandems employeurs &amp; employ\u00e9 qui t\u00e9moignent de leur exp\u00e9rience.<\/li>\n<\/ul>\n\n\n    <\/div>\n<\/div>\n\n\n<section id=\"related-content-block-action-block_89960286f9165ff0241107c7238f9053\"\n    class=\"c-block c-block--featured  has-emploi-border c-block--card c-block-- \">\n    <div class=\"c-block-title  has-emploi-border\">\n        <div class=\"c-block-title--label\">L&#039;actualit\u00e9 de l&#039;asile en lien avec l&#039;insertion professionnelle<\/div>\n        \n        \n        <a class=\"c-block-title--link link-color\" href=\"https:\/\/asile.ch\/recherche\/?&amp;_sft_post_tag=emploi\">Voir plus<\/a>\n\n    <\/div>\n    <div class=\"flex flex-wrap -mx-4\">\n                                                                \n                                    <div class=\"px-4 mb-8  w-full md:w-1\/2 lg:w-1\/3 xl:w-1\/4 \">\n                        <article class=\"c-card post-109313 post type-post status-publish format-standard has-post-thumbnail hentry category-actualites tag-emploi tag-formation tag-insertion-professionnelle tag-integration tag-notre-regard ve_numero-ve-207-avril-2026 pays-suisse ve_type-eclairage ve_action-notre-regard\">\n  <a href=\"https:\/\/asile.ch\/en\/2026\/05\/14\/emploi-swissuniversities-abandonne-les-diplome%c2%b7es-des-etats-tiers\/\" class=\"c-card-link\">\n    <div class=\"c-card-image\">\n      <img decoding=\"async\" src=\"https:\/\/asile.ch\/wp-content\/uploads\/2026\/05\/PP16a-640x420.jpg\"  alt=\"\">\n      <div class=\"c-card-type       is-notre-regard-tax\n             \">\n\n                          Notre regard\n                \n      <\/div>\n    <\/div>\n\n    <h2 class=\"c-card-title\">\n        Emploi | swissuniversities abandonne les dipl\u00f4m\u00e9\u00b7es des \u00c9tats tiers\n    <\/h2>\n    <div class=\"c-card-meta\">\n      14 May 2026\n    <\/div>\n  <\/a>\n<\/article>\n                    <\/div>\n                                                            \n                                    <div class=\"px-4 mb-8  w-full md:w-1\/2 lg:w-1\/3 xl:w-1\/4 \">\n                        <article class=\"c-card post-109283 post type-post status-publish format-standard has-post-thumbnail hentry category-actualites tag-documentation tag-emploi tag-formation tag-insertion-professionnelle tag-integration tag-marche-du-travail tag-travail pays-suisse ve_type-communique ve_action-documentation\">\n  <a href=\"https:\/\/asile.ch\/en\/2026\/05\/12\/education-pour-tou%c2%b7xtes-parlement-suisse-des-refugies-de-la-necessite-dun-accompagnement-a-lintegration-adapte-aux-besoins-des-personnes-refugiees\/\" class=\"c-card-link\">\n    <div class=\"c-card-image\">\n      <img decoding=\"async\" src=\"https:\/\/asile.ch\/wp-content\/uploads\/2026\/05\/pexels-ekaterina-bolovtsova-6077886-640x420.jpg\"  alt=\"\">\n      <div class=\"c-card-type       is-documentation-tax\n             \">\n\n                          Documentation\n                \n      <\/div>\n    <\/div>\n\n    <h2 class=\"c-card-title\">\n        \u00c9ducation pour tou\u00b7xtes &amp;\u00a0Parlement suisse des R\u00e9fugi\u00e9s | De la n\u00e9cessit\u00e9 d&rsquo;un accompagnement \u00e0 l&rsquo;int\u00e9gration adapt\u00e9 aux besoins des personnes r\u00e9fugi\u00e9es\n    <\/h2>\n    <div class=\"c-card-meta\">\n      12 May 2026\n    <\/div>\n  <\/a>\n<\/article>\n                    <\/div>\n                                                            \n                                    <div class=\"px-4 mb-8  w-full md:w-1\/2 lg:w-1\/3 xl:w-1\/4 \">\n                        <article class=\"c-card post-108672 post type-post status-publish format-standard has-post-thumbnail hentry category-actualites tag-documentation tag-emploi tag-geneve tag-integration tag-marche-du-travail tag-solidarite tag-temoignage-2 tag-travail ve_type-temoignage ve_action-documentation\">\n  <a href=\"https:\/\/asile.ch\/en\/2026\/04\/14\/refugeesatwork-la-motivation-na-pas-de-frontieres\/\" class=\"c-card-link\">\n    <div class=\"c-card-image\">\n      <img decoding=\"async\" src=\"https:\/\/asile.ch\/wp-content\/uploads\/2026\/04\/tungart7-business-8598076-640x420.jpg\"  alt=\"\">\n      <div class=\"c-card-type       is-documentation-tax\n             \">\n\n                          Documentation\n                \n      <\/div>\n    <\/div>\n\n    <h2 class=\"c-card-title\">\n        Refugees[at]work | \u00ab\u00a0La motivation n&rsquo;a pas de fronti\u00e8res\u00a0\u00bb\n    <\/h2>\n    <div class=\"c-card-meta\">\n      14 April 2026\n    <\/div>\n  <\/a>\n<\/article>\n                    <\/div>\n                                                            \n                                    <div class=\"px-4 mb-8  w-full md:w-1\/2 lg:w-1\/3 xl:w-1\/4 \">\n                        <article class=\"c-card post-108662 post type-post status-publish format-standard has-post-thumbnail hentry category-actualites tag-emploi tag-notre-regard tag-permis-f tag-revue tag-travail ve_numero-ve-206-fev-2026 ve_type-eclairage ve_action-notre-regard\">\n  <a href=\"https:\/\/asile.ch\/en\/2026\/04\/13\/emploi-priorite-a-la-main-doeuvre-indigene\/\" class=\"c-card-link\">\n    <div class=\"c-card-image\">\n      <img decoding=\"async\" src=\"https:\/\/asile.ch\/wp-content\/uploads\/2026\/04\/PP4a_coupe-scaled-1-640x420.png\"  alt=\"\">\n      <div class=\"c-card-type       is-notre-regard-tax\n             \">\n\n                          Notre regard\n                \n      <\/div>\n    <\/div>\n\n    <h2 class=\"c-card-title\">\n        Emploi | Priorit\u00e9 \u00e0 la main-d&rsquo;oeuvre indig\u00e8ne?\n    <\/h2>\n    <div class=\"c-card-meta\">\n      13 April 2026\n    <\/div>\n  <\/a>\n<\/article>\n                    <\/div>\n                                                <\/div><!-- \/ container -->\n\n<\/section>\n\n\n<div\n    class=\"c-block--box  is-box--neutre\">\n    <div class=\"c-block--box-inner\">\n        \n\n<figure class=\"wp-block-image alignleft size-full is-resized\"><img loading=\"lazy\" decoding=\"async\" width=\"2560\" height=\"1804\" src=\"https:\/\/asile.ch\/wp-content\/uploads\/2022\/10\/InvitationImagebrochure-scaled.jpg\" alt=\"\" class=\"wp-image-87262\" style=\"width:347px;height:auto\" srcset=\"https:\/\/asile.ch\/wp-content\/uploads\/2022\/10\/InvitationImagebrochure-scaled.jpg 2560w, https:\/\/asile.ch\/wp-content\/uploads\/2022\/10\/InvitationImagebrochure-300x211.jpg 300w, https:\/\/asile.ch\/wp-content\/uploads\/2022\/10\/InvitationImagebrochure-150x106.jpg 150w\" sizes=\"auto, (max-width: 2560px) 100vw, 2560px\" \/><\/figure>\n\n\n\n<p><\/p>\n\n\n\n<p class=\"has-medium-font-size\"><strong>R\u00e9fugi\u00e9\u00b7es &amp; emploi. Au-del\u00e0 des id\u00e9es re\u00e7ues<\/strong><\/p>\n\n\n\n<p><\/p>\n\n\n\n<p><strong>Brochure <a href=\"https:\/\/asile.ch\/publication\/refugie%c2%b7es-emploi-au-dela-des-idees-recues\/\">\u00e0 t\u00e9l\u00e9charger et \u00e0 commander ici<\/a>.<\/strong><\/p>\n\n\n\n<p><\/p>\n\n\n\n<h2 class=\"wp-block-heading\"><\/h2>\n\n\n\n<p><\/p>\n\n\n\n<div class=\"wp-block-buttons is-layout-flex wp-container-core-buttons-is-layout-6b4e3324 wp-block-buttons-is-layout-flex\">\n<div class=\"wp-block-button is-style-outline is-style-outline--1\"><a class=\"wp-block-button__link has-blanc-color has-emploi-background-color has-text-color has-background has-link-color wp-element-button\" href=\"https:\/\/asile.ch\/association\/comment-nous-soutenir\/\"><strong>Soutenir notre travail d&rsquo;information et de documentation<\/strong><\/a><\/div>\n<\/div>\n\n\n\n<p><\/p>\n\n\n    <\/div>\n<\/div>\n\n\n\n<div class=\"wp-block-columns has-emploi-color has-text-color has-link-color wp-elements-d8863aa474581cffe301f5d49a8847cc is-layout-flex wp-container-core-columns-is-layout-9d6595d7 wp-block-columns-is-layout-flex\">\n<div class=\"wp-block-column is-layout-flow wp-block-column-is-layout-flow\" style=\"flex-basis:66.66%\"><\/div>\n\n\n\n<div class=\"wp-block-column is-vertically-aligned-center is-layout-flow wp-block-column-is-layout-flow\" style=\"flex-basis:33.33%\"><\/div>\n<\/div>\n\n\n<section id=\"block_2ea6d236527eb06a76bf1bac633c3587\" class=\"c-block c-accordion  is-white \">\n    <div class=\"c-accordion-title py-4 !mb-0 \">Nos soutiens\n    <span class=\"c-accordion-indicator\">+<\/span><\/div>\n    <div class=\"c-accordion-panel\">\n        <div class=\"c-accordion-panel-inner\">\n            \n\n<p class=\"has-medium-font-size\">Plusieurs partenaires priv\u00e9s et publics soutiennent le projet. En 2024, les institutions ci-dessous l&rsquo;ont soutenu :<\/p>\n\n\n\n<p><\/p>\n\n\n\n<figure class=\"wp-block-image aligncenter size-full\"><img loading=\"lazy\" decoding=\"async\" width=\"1250\" height=\"500\" src=\"https:\/\/asile.ch\/wp-content\/uploads\/2025\/01\/Soutiens-emploi-1.png\" alt=\"\" class=\"wp-image-100883\" srcset=\"https:\/\/asile.ch\/wp-content\/uploads\/2025\/01\/Soutiens-emploi-1.png 1250w, https:\/\/asile.ch\/wp-content\/uploads\/2025\/01\/Soutiens-emploi-1-300x120.png 300w, https:\/\/asile.ch\/wp-content\/uploads\/2025\/01\/Soutiens-emploi-1-150x60.png 150w\" sizes=\"auto, (max-width: 1250px) 100vw, 1250px\" \/><\/figure>\n\n\n\n<figure class=\"wp-block-image alignleft size-full is-resized\"><img loading=\"lazy\" decoding=\"async\" width=\"1005\" height=\"446\" src=\"https:\/\/asile.ch\/wp-content\/uploads\/2025\/11\/logo_spf_baseline.jpg\" alt=\"\" class=\"wp-image-105680\" style=\"width:419px;height:auto\" srcset=\"https:\/\/asile.ch\/wp-content\/uploads\/2025\/11\/logo_spf_baseline.jpg 1005w, https:\/\/asile.ch\/wp-content\/uploads\/2025\/11\/logo_spf_baseline-300x133.jpg 300w, https:\/\/asile.ch\/wp-content\/uploads\/2025\/11\/logo_spf_baseline-150x67.jpg 150w\" sizes=\"auto, (max-width: 1005px) 100vw, 1005px\" \/><\/figure>\n\n\n        <\/div>\n    <\/div>\n<\/section>\n\n\n\n<p><br><a href=\"https:\/\/asile.ch\/comptoir-des-medias\/www.vd.ch\" target=\"_blank\" rel=\"noreferrer noopener\"><\/a><\/p>\n","protected":false},"excerpt":{"rendered":"<p>R\u00e9fugi\u00e9\u00b7es &amp; emploi. Au-del\u00e0 des id\u00e9es re\u00e7ues Les personnes en qu\u00eate d\u2019une protection manifestent d\u00e8s leur arriv\u00e9e en Suisse le souhait de travailler ou de se former. Leur int\u00e9gration et leurs conditions de vie en d\u00e9pendent. Si des obstacles administratifs et l\u00e9gaux existent au d\u00e9part -essentiellement pour les demandeurs et les demandeuses d\u2019asile (permis N)- &hellip; <a href=\"https:\/\/asile.ch\/en\/emploi\/\">Continued<\/a><\/p>","protected":false},"author":9,"featured_media":87262,"parent":0,"menu_order":0,"comment_status":"closed","ping_status":"closed","template":"","meta":{"_acf_changed":false,"footnotes":""},"class_list":["post-87501","page","type-page","status-publish","has-post-thumbnail","hentry"],"acf":[],"_links":{"self":[{"href":"https:\/\/asile.ch\/en\/wp-json\/wp\/v2\/pages\/87501","targetHints":{"allow":["GET"]}}],"collection":[{"href":"https:\/\/asile.ch\/en\/wp-json\/wp\/v2\/pages"}],"about":[{"href":"https:\/\/asile.ch\/en\/wp-json\/wp\/v2\/types\/page"}],"author":[{"embeddable":true,"href":"https:\/\/asile.ch\/en\/wp-json\/wp\/v2\/users\/9"}],"replies":[{"embeddable":true,"href":"https:\/\/asile.ch\/en\/wp-json\/wp\/v2\/comments?post=87501"}],"version-history":[{"count":29,"href":"https:\/\/asile.ch\/en\/wp-json\/wp\/v2\/pages\/87501\/revisions"}],"predecessor-version":[{"id":107043,"href":"https:\/\/asile.ch\/en\/wp-json\/wp\/v2\/pages\/87501\/revisions\/107043"}],"wp:featuredmedia":[{"embeddable":true,"href":"https:\/\/asile.ch\/en\/wp-json\/wp\/v2\/media\/87262"}],"wp:attachment":[{"href":"https:\/\/asile.ch\/en\/wp-json\/wp\/v2\/media?parent=87501"}],"curies":[{"name":"wp","href":"https:\/\/api.w.org\/{rel}","templated":true}]}}