{"id":99349,"date":"2024-10-22T16:50:08","date_gmt":"2024-10-22T14:50:08","guid":{"rendered":"https:\/\/asile.ch\/?page_id=99349"},"modified":"2025-12-18T11:36:17","modified_gmt":"2025-12-18T10:36:17","slug":"ateliers-interventions","status":"publish","type":"page","link":"https:\/\/asile.ch\/en\/ateliers-interventions\/","title":{"rendered":"Ateliers &amp; interventions"},"content":{"rendered":"<h2 class=\"wp-block-heading\">Ateliers &amp; interventions<\/h2>\n\n\n\n<p><span class=\"accroche\">Envie d&rsquo;informer et de sensibiliser autour de vous ? Vous trouverez ci-dessous les diff\u00e9rents ateliers que nous proposons.<\/span><\/p>\n\n\n\n<p><\/p>\n\n\n\n<p>Merci de noter que les tarifs ci-dessous sont \u00e0 titre indicatif, sur la base d\u2019un groupe de 20 personnes, pour un\u00b7e animateur\u00b7trice. Ils n\u2019incluent pas les frais de d\u00e9placement \u00e9ventuels. Les tarifs seront adapt\u00e9s en fonction du format souhait\u00e9, du besoin ou non d&rsquo;atapter le contenu, du nombre d\u2019ateliers, de la taille du public et de vos ressources financi\u00e8res.<\/p>\n\n\n<div\n    class=\"c-block--box  is-box--prejuges\">\n    <div class=\"c-block--box-inner\">\n        \n\n<p class=\"has-medium-font-size\"><strong><strong>Pour une offre d\u00e9taill\u00e9e, merci <a href=\"https:\/\/asile.ch\/en\/association\/contacts\/\">de nous contacter<\/a><\/strong><\/strong><\/p>\n\n\n    <\/div>\n<\/div>\n\n\n<section id=\"block_478fdb61318425a56db5aad4a2552e50\" class=\"toc align c-block--toc js-toc-container\">\n\n  \n    <div class=\"js-toc\"><\/div>\n<\/section>\n\n\n\n<h2 class=\"wp-block-heading\"><strong><mark style=\"background-color:rgba(0, 0, 0, 0)\" class=\"has-inline-color has-prejuges-color\">Ateliers de sensibilisation aux id\u00e9es re\u00e7ues sur l\u2019asile et la migration (tout public)<\/mark><\/strong><\/h2>\n\n\n\n<p>Le grand public est r\u00e9guli\u00e8rement expos\u00e9 aux manchettes de journaux, slogans de campagnes politiques et flux d\u2019information via les r\u00e9seaux sociaux sans toujours avoir les outils pour les d\u00e9crypter.<strong> <\/strong>Des pr\u00e9jug\u00e9s, nous en avons tous\u00b7tes. Par le biais d\u2019un quiz interactif, de coupures de presse, d\u2019extraits audiovisuels et des outils d\u00e9velopp\u00e9s par asile.ch, notre atelier interroge les id\u00e9es re\u00e7ues fr\u00e9quemment v\u00e9hicul\u00e9es dans le d\u00e9bat public sur l\u2019asile et la migration et offre des outils de compr\u00e9hension. &nbsp;<\/p>\n\n\n\n<p><strong>Nous proposons diff\u00e9rents ateliers th\u00e9matiques tout publics, pr\u00e9sent\u00e9s ci-dessous.<\/strong><\/p>\n\n\n<div\n    class=\"c-block--box  is-box--\">\n    <div class=\"c-block--box-inner\">\n        \n\n<p><strong>Public cible<\/strong>&nbsp;: tout public<\/p>\n\n\n\n<p><strong>Dur\u00e9e<\/strong>&nbsp;: 90 minutes<\/p>\n\n\n\n<p><strong>Tarif facturable<\/strong>&nbsp;: 500 CHF<\/p>\n\n\n\n<p><strong>Co\u00fbt r\u00e9el<\/strong> : 1000-1200CHF selon nombre de participant\u00b7es<\/p>\n\n\n    <\/div>\n<\/div>\n\n\n\n<h3 class=\"wp-block-heading\"><strong>Actualit\u00e9 et m\u00e9dias&nbsp;: mots et images de l\u2019asile<\/strong><\/h3>\n\n\n\n<p>Comment les mots et les images v\u00e9hicul\u00e9es par les m\u00e9dias influencent-ils notre perception des personnes issues de l\u2019asile ? Comment renforcent-ils certains pr\u00e9jug\u00e9s&nbsp;: rh\u00e9torique de l\u2019invasion, criminalit\u00e9, tromperie quant au besoin de protection, etc.? Pr\u00e9sentation du projet <em>Le Comptoir des m\u00e9dias, <\/em>de ses modes d\u2019actions et de cl\u00e9s de lecture pour d\u00e9crypter l\u2019actualit\u00e9.<\/p>\n\n\n<div\n    class=\"c-block--box  is-box--\">\n    <div class=\"c-block--box-inner\">\n        \n\n<p><strong>Objectifs :<\/strong><\/p>\n\n\n\n<ul class=\"wp-block-list\">\n<li>Comprendre ce que recouvrent les diff\u00e9rentes d\u00e9nominations li\u00e9es \u00e0 l\u2019asile et aux migrations (Glossaire de l\u2019asile)<\/li>\n\n\n\n<li>Prendre conscience du poids des mots et des images dans notre repr\u00e9sentation du monde<\/li>\n\n\n\n<li>D\u00e9construire certains pr\u00e9jug\u00e9s v\u00e9hicul\u00e9s par les m\u00e9dias<\/li>\n\n\n\n<li>Acqu\u00e9rir les cl\u00e9s de lecture n\u00e9cessaires \u00e0 un traitement critique de l\u2019actualit\u00e9<\/li>\n<\/ul>\n\n\n\n<p><strong>Format&nbsp;:<\/strong>  pr\u00e9sentation interactive, quiz, analyse de coupures de presse et supports audiovisuels, et discussion.<\/p>\n\n\n    <\/div>\n<\/div>\n\n\n\n<hr class=\"wp-block-separator has-alpha-channel-opacity\"\/>\n\n\n\n<p><\/p>\n\n\n\n<h3 class=\"wp-block-heading\"><strong>R\u00e9fugi\u00e9\u00b7es &amp; emploi, au-del\u00e0 des id\u00e9es re\u00e7ues<\/strong><\/h3>\n\n\n\n<p>Les personnes en qu\u00eate d\u2019une protection manifestent d\u00e8s leur arriv\u00e9e en Suisse le souhait de travailler ou de se former. Leur int\u00e9gration et leurs conditions de vie en d\u00e9pendent. Si des&nbsp;obstacles&nbsp;administratifs et l\u00e9gaux existent au d\u00e9part &#8211; essentiellement pour les demandeurs et les demandeuses d\u2019asile (permis N) &#8211; d\u2019autres barri\u00e8res peuvent freiner l\u2019acc\u00e8s au march\u00e9 de l\u2019emploi, quel que soit le statut. Obstacles souvent li\u00e9s \u00e0 une&nbsp;m\u00e9connaissance des r\u00e9alit\u00e9s administratives&nbsp;(signification des permis en termes d\u2019employabilit\u00e9 et de durabilit\u00e9 du s\u00e9jour, d\u00e9marches administratives, reconnaissance des dipl\u00f4mes et comp\u00e9tences) ou \u00e0 des repr\u00e9sentations biais\u00e9es de la r\u00e9alit\u00e9&nbsp;(comp\u00e9tences et exp\u00e9rience des personnes ou st\u00e9r\u00e9otypes). Cet atelier fait le tour des obstacles et invite \u00e0 la r\u00e9flexion pour les d\u00e9construire.<\/p>\n\n\n<div\n    class=\"c-block--box  is-box--\">\n    <div class=\"c-block--box-inner\">\n        \n\n<p><strong>Objectifs&nbsp;:<\/strong><\/p>\n\n\n\n<ul class=\"wp-block-list\">\n<li>Identifier les obstacles \u00e0 l\u2019emploi des personnes issues de l\u2019asile<\/li>\n\n\n\n<li>Questionner les principales id\u00e9es re\u00e7ues<\/li>\n\n\n\n<li>\u00c9changer autour des d\u00e9fis et opportunit\u00e9s<\/li>\n<\/ul>\n\n\n\n<p><strong>Format&nbsp;:<\/strong><em> <\/em>pr\u00e9sentation interactive, t\u00e9moignages d\u2019employeur\u00b7euses et de personnes issues de l\u2019asile, \u00e9change d\u2019exp\u00e9riences.<\/p>\n\n\n    <\/div>\n<\/div>\n\n\n\n<hr class=\"wp-block-separator has-alpha-channel-opacity\"\/>\n\n\n\n<p><\/p>\n\n\n\n<h2 class=\"wp-block-heading\"><strong><mark style=\"background-color:rgba(0, 0, 0, 0)\" class=\"has-inline-color has-prejuges-color\">Atelier \u00ab&nbsp;D\u00e9crypter l\u2019actualit\u00e9 m\u00e9diatique pour contrer les pr\u00e9jug\u00e9s&nbsp;\u00bb (classes du secondaire II)<\/mark><\/strong><\/h2>\n\n\n\n<p><\/p>\n\n\n\n<p>Les jeunes sont expos\u00e9\u00b7es de mani\u00e8re r\u00e9guli\u00e8re aux manchettes de journaux, slogans de campagnes politiques et flux d\u2019information via les r\u00e9seaux sociaux, sans toujours avoir les outils pour les d\u00e9crypter. Avec un quiz en ligne, des coupures de presse et des extraits audiovisuels, les jeunes sont \u00e9veill\u00e9s au recul critique, au traitement m\u00e9diatique des questions d\u2019asile et de migrations, \u00e0 l\u2019impact des mots et des images.<\/p>\n\n\n<div\n    class=\"c-block--box  is-box--\">\n    <div class=\"c-block--box-inner\">\n        \n\n<p><strong>Objectifs de l\u2019atelier&nbsp;:<\/strong><\/p>\n\n\n\n<ul class=\"wp-block-list\">\n<li>D\u00e9velopper un regard analytique sur la diffusion d\u2019information<\/li>\n\n\n\n<li>Tordre le cou \u00e0 quelques pr\u00e9jug\u00e9s dans le domaine de l\u2019asile en Suisse<\/li>\n\n\n\n<li>D\u00e9couvrir des modes de faire et des outils de sensibilisation pour r\u00e9duire les pr\u00e9jug\u00e9s dans les m\u00e9dias<\/li>\n<\/ul>\n\n\n\n<p><\/p>\n\n\n\n<p><strong>Public cible<\/strong>&nbsp;: classes du secondaire I et II<\/p>\n\n\n\n<p><strong>Dur\u00e9e<\/strong>&nbsp;: 90 minutes<\/p>\n\n\n\n<p><strong>Tarif facturable<\/strong>&nbsp;: 250 CHF<\/p>\n\n\n\n<p><strong>Co\u00fbt r\u00e9el&nbsp;<\/strong>: 500 CH<\/p>\n\n\n    <\/div>\n<\/div>\n\n\n\n<hr class=\"wp-block-separator has-alpha-channel-opacity\"\/>\n\n\n\n<h2 class=\"wp-block-heading\"><strong><mark style=\"background-color:rgba(0, 0, 0, 0)\" class=\"has-inline-color has-prejuges-color\">Interventions<\/mark><\/strong><\/h2>\n\n\n\n<p>En dehors des ateliers, nous intervenons volontiers en fonction de vos besoins \u00e0 l\u2019occasion d\u2019un \u00e9v\u00e9nement, d\u2019une pr\u00e9sentation, etc. Contactez-nous pour en discuter.<\/p>\n\n\n\n<p><\/p>\n\n\n<div\n    class=\"c-block--box  is-box--\">\n    <div class=\"c-block--box-inner\">\n        \n\n<p class=\"has-text-align-center has-medium-font-size\"><strong>Int\u00e9ress\u00e9\u00b7e ?<\/strong><\/p>\n\n\n\n<div class=\"wp-block-buttons is-content-justification-center is-layout-flex wp-container-core-buttons-is-layout-16018d1d wp-block-buttons-is-layout-flex\">\n<div class=\"wp-block-button\"><a class=\"wp-block-button__link has-noir-color has-prejuges-background-color has-text-color has-background has-link-color has-medium-font-size has-custom-font-size wp-element-button\" href=\"https:\/\/asile.ch\/en\/association\/contacts\/\">Contact Us<\/a><\/div>\n<\/div>\n\n\n\n<p class=\"has-text-align-center\"><a href=\"\/en\/&\/#109;&#x61;&#105;&#x6c;&#116;&#x6f;&#58;&#x69;&#110;&#x66;&#111;&#x40;a&#x73;i&#x6c;e&#x2e;c&#x68;\">&#x69;&#x6e;&#102;&#111;&#64;&#x61;&#x73;&#x69;&#108;e&#46;&#x63;&#x68;<\/a>, T\u00e9l. 022 320 60 94 (lu, ma, je)<\/p>\n\n\n    <\/div>\n<\/div>\n\n\n\n<p class=\"has-text-align-center has-medium-font-size\"><mark style=\"background-color:rgba(0, 0, 0, 0)\" class=\"has-inline-color has-prejuges-color\"><strong>Au plaisir de collaborer avec vous&nbsp;!<\/strong><\/mark><\/p>\n\n\n\n<p><\/p>","protected":false},"excerpt":{"rendered":"<p>Ateliers &amp; interventions Envie d&rsquo;informer et de sensibiliser autour de vous ? Vous trouverez ci-dessous les diff\u00e9rents ateliers que nous proposons. Merci de noter que les tarifs ci-dessous sont \u00e0 titre indicatif, sur la base d\u2019un groupe de 20 personnes, pour un\u00b7e animateur\u00b7trice. Ils n\u2019incluent pas les frais de d\u00e9placement \u00e9ventuels. Les tarifs seront adapt\u00e9s &hellip; <a href=\"https:\/\/asile.ch\/en\/ateliers-interventions\/\">Continued<\/a><\/p>","protected":false},"author":42,"featured_media":0,"parent":0,"menu_order":0,"comment_status":"closed","ping_status":"closed","template":"","meta":{"_acf_changed":false,"footnotes":""},"class_list":["post-99349","page","type-page","status-publish","hentry"],"acf":[],"_links":{"self":[{"href":"https:\/\/asile.ch\/en\/wp-json\/wp\/v2\/pages\/99349","targetHints":{"allow":["GET"]}}],"collection":[{"href":"https:\/\/asile.ch\/en\/wp-json\/wp\/v2\/pages"}],"about":[{"href":"https:\/\/asile.ch\/en\/wp-json\/wp\/v2\/types\/page"}],"author":[{"embeddable":true,"href":"https:\/\/asile.ch\/en\/wp-json\/wp\/v2\/users\/42"}],"replies":[{"embeddable":true,"href":"https:\/\/asile.ch\/en\/wp-json\/wp\/v2\/comments?post=99349"}],"version-history":[{"count":7,"href":"https:\/\/asile.ch\/en\/wp-json\/wp\/v2\/pages\/99349\/revisions"}],"predecessor-version":[{"id":106534,"href":"https:\/\/asile.ch\/en\/wp-json\/wp\/v2\/pages\/99349\/revisions\/106534"}],"wp:attachment":[{"href":"https:\/\/asile.ch\/en\/wp-json\/wp\/v2\/media?parent=99349"}],"curies":[{"name":"wp","href":"https:\/\/api.w.org\/{rel}","templated":true}]}}